{"id":11,"date":"2014-06-08T14:12:11","date_gmt":"2014-06-08T14:12:11","guid":{"rendered":"http:\/\/blogs.sld.cu\/juanca\/?page_id=11"},"modified":"2014-08-25T14:27:28","modified_gmt":"2014-08-25T14:27:28","slug":"quien-soy","status":"publish","type":"page","link":"https:\/\/blogs.sld.cu\/juanca\/trasplante-hematopoyetico-3\/quien-soy\/","title":{"rendered":"Quien soy"},"content":{"rendered":"<div id=\"attachment_91\" style=\"width: 78px\" class=\"wp-caption alignleft\"><a href=\"http:\/\/blogs.sld.cu\/juanca\/files\/2014\/06\/JC.jpg\"><img aria-describedby=\"caption-attachment-91\" loading=\"lazy\" class=\"size-full wp-image-91 \" src=\"http:\/\/blogs.sld.cu\/juanca\/files\/2014\/06\/JC.jpg\" alt=\"\" width=\"68\" height=\"88\" \/><\/a><p id=\"caption-attachment-91\" class=\"wp-caption-text\">JC<\/p><\/div>\n<p><strong><span class=\"role\">Soy e<\/span><span class=\"org\">specialista de II Grado en Hematolog\u00eda, Investigador auxiliar .\u00a0|\u00a0<\/span><\/strong><span class=\"adr\"><span class=\"street-address\"><strong>J&#8217; Dpto. Trasplante de C\u00e9lulas Progenitoras Hematopoy\u00e9ticas-Instituto de Hematolog\u00eda e Inmunolog\u00eda de Cuba.<\/strong><br \/>\n<strong>Con este sitio pretendo tener un intercambio con hemat\u00f3logos y otros especialistas que se dediquen al trasplante hematopoy\u00e9tico y as\u00ed poder intercambiar nuestras experiencias, compartir conocimientos, documentos, art\u00edculos, libros, fotograf\u00edas y todo lo que pueda ser \u00fatil para nuestro trabajo.<\/strong><br \/>\n<\/span><\/span><\/p>\n","protected":false},"excerpt":{"rendered":"<p>Soy especialista de II Grado en Hematolog\u00eda, Investigador auxiliar .\u00a0|\u00a0J&#8217; Dpto. Trasplante de C\u00e9lulas Progenitoras Hematopoy\u00e9ticas-Instituto de Hematolog\u00eda e Inmunolog\u00eda de Cuba. Con este sitio pretendo tener un intercambio con hemat\u00f3logos y otros especialistas que se dediquen al trasplante hematopoy\u00e9tico y as\u00ed poder intercambiar nuestras experiencias, compartir conocimientos, documentos, art\u00edculos, libros, fotograf\u00edas y todo lo [&hellip;]<\/p>\n","protected":false},"author":142,"featured_media":0,"parent":167,"menu_order":0,"comment_status":"open","ping_status":"closed","template":"special.php","meta":[],"_links":{"self":[{"href":"https:\/\/blogs.sld.cu\/juanca\/wp-json\/wp\/v2\/pages\/11"}],"collection":[{"href":"https:\/\/blogs.sld.cu\/juanca\/wp-json\/wp\/v2\/pages"}],"about":[{"href":"https:\/\/blogs.sld.cu\/juanca\/wp-json\/wp\/v2\/types\/page"}],"author":[{"embeddable":true,"href":"https:\/\/blogs.sld.cu\/juanca\/wp-json\/wp\/v2\/users\/142"}],"replies":[{"embeddable":true,"href":"https:\/\/blogs.sld.cu\/juanca\/wp-json\/wp\/v2\/comments?post=11"}],"version-history":[{"count":17,"href":"https:\/\/blogs.sld.cu\/juanca\/wp-json\/wp\/v2\/pages\/11\/revisions"}],"predecessor-version":[{"id":286,"href":"https:\/\/blogs.sld.cu\/juanca\/wp-json\/wp\/v2\/pages\/11\/revisions\/286"}],"up":[{"embeddable":true,"href":"https:\/\/blogs.sld.cu\/juanca\/wp-json\/wp\/v2\/pages\/167"}],"wp:attachment":[{"href":"https:\/\/blogs.sld.cu\/juanca\/wp-json\/wp\/v2\/media?parent=11"}],"curies":[{"name":"wp","href":"https:\/\/api.w.org\/{rel}","templated":true}]}}