{"id":167,"date":"2014-08-18T03:58:02","date_gmt":"2014-08-18T03:58:02","guid":{"rendered":"http:\/\/blogs.sld.cu\/juanca\/?page_id=167"},"modified":"2014-08-25T14:18:59","modified_gmt":"2014-08-25T14:18:59","slug":"trasplante-hematopoyetico-3","status":"publish","type":"page","link":"https:\/\/blogs.sld.cu\/juanca\/trasplante-hematopoyetico-3\/","title":{"rendered":"Sobre Trasplante"},"content":{"rendered":"<p>Este sitio pretende ser\u00a0 un punto de intercambio de conocimientos sobre el trasplante hematopoy\u00e9tico nivel internacional. Actualizaci\u00f3n, debates y aportes ser\u00e1n importantes para lograr un mayor \u00e9xito en nuestro trabajo y por el bienestar de todos nuestros pacientes.<\/p>\n","protected":false},"excerpt":{"rendered":"<p>Este sitio pretende ser\u00a0 un punto de intercambio de conocimientos sobre el trasplante hematopoy\u00e9tico nivel internacional. Actualizaci\u00f3n, debates y aportes ser\u00e1n importantes para lograr un mayor \u00e9xito en nuestro trabajo y por el bienestar de todos nuestros pacientes.<\/p>\n","protected":false},"author":142,"featured_media":0,"parent":0,"menu_order":0,"comment_status":"open","ping_status":"open","template":"monocolumn.php","meta":[],"_links":{"self":[{"href":"https:\/\/blogs.sld.cu\/juanca\/wp-json\/wp\/v2\/pages\/167"}],"collection":[{"href":"https:\/\/blogs.sld.cu\/juanca\/wp-json\/wp\/v2\/pages"}],"about":[{"href":"https:\/\/blogs.sld.cu\/juanca\/wp-json\/wp\/v2\/types\/page"}],"author":[{"embeddable":true,"href":"https:\/\/blogs.sld.cu\/juanca\/wp-json\/wp\/v2\/users\/142"}],"replies":[{"embeddable":true,"href":"https:\/\/blogs.sld.cu\/juanca\/wp-json\/wp\/v2\/comments?post=167"}],"version-history":[{"count":10,"href":"https:\/\/blogs.sld.cu\/juanca\/wp-json\/wp\/v2\/pages\/167\/revisions"}],"predecessor-version":[{"id":255,"href":"https:\/\/blogs.sld.cu\/juanca\/wp-json\/wp\/v2\/pages\/167\/revisions\/255"}],"wp:attachment":[{"href":"https:\/\/blogs.sld.cu\/juanca\/wp-json\/wp\/v2\/media?parent=167"}],"curies":[{"name":"wp","href":"https:\/\/api.w.org\/{rel}","templated":true}]}}