{"id":169,"date":"2014-08-18T03:59:07","date_gmt":"2014-08-18T03:59:07","guid":{"rendered":"http:\/\/blogs.sld.cu\/juanca\/?page_id=169"},"modified":"2014-08-25T14:26:04","modified_gmt":"2014-08-25T14:26:04","slug":"discusion-de-caso","status":"publish","type":"page","link":"https:\/\/blogs.sld.cu\/juanca\/trasplante-hematopoyetico-3\/quien-soy\/discusion-de-caso\/","title":{"rendered":"Discusi\u00f3n de caso"},"content":{"rendered":"<p>A\u00f1ade las etiquetas y categor\u00edas que definen a esta entrada.<br \/>\nUna de las dudas m\u00e1s frecuentes gira en torno a las diferencias entre las<br \/>\ncategor\u00edas y las etiquetas. Las etiquetas son m\u00e1s espec\u00edficas, mientras<br \/>\nque las categor\u00edas son m\u00e1s generales. Por ejemplo para clasificar un<br \/>\nart\u00edculo sobre la teor\u00eda de Sigmund Freud sobre mecanismos de defensa<br \/>\npuedo utilizar la categor\u00eda de \u201cFreud\u201d y la etiqueta de mecanismos de<br \/>\ndefensa.<\/p>\n","protected":false},"excerpt":{"rendered":"<p>A\u00f1ade las etiquetas y categor\u00edas que definen a esta entrada. Una de las dudas m\u00e1s frecuentes gira en torno a las diferencias entre las categor\u00edas y las etiquetas. Las etiquetas son m\u00e1s espec\u00edficas, mientras que las categor\u00edas son m\u00e1s generales. Por ejemplo para clasificar un art\u00edculo sobre la teor\u00eda de Sigmund Freud sobre mecanismos de [&hellip;]<\/p>\n","protected":false},"author":142,"featured_media":0,"parent":11,"menu_order":0,"comment_status":"open","ping_status":"closed","template":"letter.php","meta":[],"_links":{"self":[{"href":"https:\/\/blogs.sld.cu\/juanca\/wp-json\/wp\/v2\/pages\/169"}],"collection":[{"href":"https:\/\/blogs.sld.cu\/juanca\/wp-json\/wp\/v2\/pages"}],"about":[{"href":"https:\/\/blogs.sld.cu\/juanca\/wp-json\/wp\/v2\/types\/page"}],"author":[{"embeddable":true,"href":"https:\/\/blogs.sld.cu\/juanca\/wp-json\/wp\/v2\/users\/142"}],"replies":[{"embeddable":true,"href":"https:\/\/blogs.sld.cu\/juanca\/wp-json\/wp\/v2\/comments?post=169"}],"version-history":[{"count":16,"href":"https:\/\/blogs.sld.cu\/juanca\/wp-json\/wp\/v2\/pages\/169\/revisions"}],"predecessor-version":[{"id":284,"href":"https:\/\/blogs.sld.cu\/juanca\/wp-json\/wp\/v2\/pages\/169\/revisions\/284"}],"up":[{"embeddable":true,"href":"https:\/\/blogs.sld.cu\/juanca\/wp-json\/wp\/v2\/pages\/11"}],"wp:attachment":[{"href":"https:\/\/blogs.sld.cu\/juanca\/wp-json\/wp\/v2\/media?parent=169"}],"curies":[{"name":"wp","href":"https:\/\/api.w.org\/{rel}","templated":true}]}}