{"id":30299,"date":"2014-04-11T14:05:52","date_gmt":"2014-04-11T14:05:52","guid":{"rendered":"http:\/\/blogs.sld.cu\/marionod\/?page_id=30299"},"modified":"2019-04-13T22:21:15","modified_gmt":"2019-04-14T02:21:15","slug":"acerca-de-este-blog","status":"publish","type":"page","link":"https:\/\/blogs.sld.cu\/marionod\/acerca-de-este-blog\/","title":{"rendered":"Acerca de este Blog***"},"content":{"rendered":"<p>Este es un blog dise\u00f1ado para mantener actualizado a los usuarios de la red sobre los sitios de salud y\u00a0medicina humana y ciencias de la informaci\u00f3n en salud que han sido seleccionados como sitios recomendados despu\u00e9s de haber sido evaluados y autorizados en nuestro servidor proxy atendiendo a las normas de calidad y pol\u00edticas establecidas.<\/p>\n","protected":false},"excerpt":{"rendered":"<p>Este es un blog dise\u00f1ado para mantener actualizado a los usuarios de la red sobre los sitios de salud y\u00a0medicina humana y ciencias de la informaci\u00f3n en salud que han sido seleccionados como sitios recomendados despu\u00e9s de haber sido evaluados y autorizados en nuestro servidor proxy atendiendo a las normas de calidad y pol\u00edticas establecidas.<\/p>\n","protected":false},"author":109,"featured_media":0,"parent":0,"menu_order":0,"comment_status":"open","ping_status":"open","template":"","meta":[],"_links":{"self":[{"href":"https:\/\/blogs.sld.cu\/marionod\/wp-json\/wp\/v2\/pages\/30299"}],"collection":[{"href":"https:\/\/blogs.sld.cu\/marionod\/wp-json\/wp\/v2\/pages"}],"about":[{"href":"https:\/\/blogs.sld.cu\/marionod\/wp-json\/wp\/v2\/types\/page"}],"author":[{"embeddable":true,"href":"https:\/\/blogs.sld.cu\/marionod\/wp-json\/wp\/v2\/users\/109"}],"replies":[{"embeddable":true,"href":"https:\/\/blogs.sld.cu\/marionod\/wp-json\/wp\/v2\/comments?post=30299"}],"version-history":[{"count":5,"href":"https:\/\/blogs.sld.cu\/marionod\/wp-json\/wp\/v2\/pages\/30299\/revisions"}],"predecessor-version":[{"id":45674,"href":"https:\/\/blogs.sld.cu\/marionod\/wp-json\/wp\/v2\/pages\/30299\/revisions\/45674"}],"wp:attachment":[{"href":"https:\/\/blogs.sld.cu\/marionod\/wp-json\/wp\/v2\/media?parent=30299"}],"curies":[{"name":"wp","href":"https:\/\/api.w.org\/{rel}","templated":true}]}}