{"id":30301,"date":"2014-04-11T14:07:11","date_gmt":"2014-04-11T14:07:11","guid":{"rendered":"http:\/\/blogs.sld.cu\/marionod\/?page_id=30301"},"modified":"2014-04-11T14:07:11","modified_gmt":"2014-04-11T14:07:11","slug":"politica-del-proxy-infomed","status":"publish","type":"page","link":"https:\/\/blogs.sld.cu\/marionod\/politica-del-proxy-infomed\/","title":{"rendered":"Pol\u00edtica del Proxy Infomed"},"content":{"rendered":"<div class=\"entry\">\n<p><em><strong>Pol\u00edticas para incluir sitios Web en el proxy de Infomed<\/strong><\/em><br \/>\n<strong>Introducci\u00f3n<\/strong><\/p>\n<p>Infomed, que cuenta con un ancho de banda para la conexi\u00f3n a Internet de s\u00f3lo 16 Mbps para todos sus usuarios, prioriza el acceso a sitios Web de salud y otros que por los servicios que brindan son fundamentales para facilitar el acceso a la informaci\u00f3n cient\u00edfica y t\u00e9cnica de todos los miembros de nuestra red.<\/p>\n<p>Es por ello que la navegaci\u00f3n en Internet desde nuestro dominio, se realiza a trav\u00e9s de servidores proxy que permiten elevar la eficiencia de esta navegaci\u00f3n y al propio tiempo funcionan como un directorio de sitios especializados y que cumplen un grupo de<a href=\"http:\/\/files.sld.cu\/bvscuba\/files\/2012\/05\/criterios-de-seleccion.pdf\" target=\"_blank\"> criterios de selecci\u00f3n<\/a> acordes con principios de selecci\u00f3n de fuentes de informaci\u00f3n de la Biblioteca Virtual de Salud.<\/p>\n<p><strong>Objetivos<\/strong><\/p>\n<ul>\n<li>Establece los principios para incluir sitios de salud de Internet en los servidores proxy de Infomed<\/li>\n<\/ul>\n<p><strong>Alcance<\/strong><\/p>\n<ul>\n<li>Esta pol\u00edtica es v\u00e1lida para el dominio sld.cu<\/li>\n<\/ul>\n<p><strong>Requisitos que deben cumplir los sitios.<br \/>\n<\/strong><\/p>\n<ol>\n<li>Se priorizan los sitios de salud y biomedicina y se priorizan los que cumplan con los <a href=\"http:\/\/files.sld.cu\/bvscuba\/files\/2012\/05\/criterios-de-seleccion.pdf\" target=\"_blank\">criterios de calidad <\/a>mencionados.<\/li>\n<li>Los sitios inclu\u00eddos en el proxy no deben contener enlaces, im\u00e1genes o contenidos que divulgan o promueven sitios que no se corresponden con la presente pol\u00edtica o que promueven anuncios comerciales promociones u otros servicios como correos electr\u00f3nicos gratis,servicios de chat u otros similares.<\/li>\n<li>No se incluyen en el proxy sitios de descargas como softwares,ftp,programas ejecutables,actualizaciones de antivirus,actualizaciones de sistemas operativos, videos etc.que afectan sensiblemente el ancho de banda disponible.<\/li>\n<\/ol>\n<p>Considerando la din\u00e1mica y diversidad de Internet es imposible incluir de antemano en el proxy todos los sitios que pudieran resultar importantes para la red por lo que es posible hacer propuestas a partir de los criterios anteriores enviando su solicitud a <a title=\"Solicite a\u00f1adir un sitio al proxy.\" href=\"mailto:webmaster@infomed.sld.cu\">webmaster@infomed.sld.cu<\/a><\/p>\n<\/div>\n","protected":false},"excerpt":{"rendered":"<p>Pol\u00edticas para incluir sitios Web en el proxy de Infomed Introducci\u00f3n Infomed, que cuenta con un ancho de banda para la conexi\u00f3n a Internet de s\u00f3lo 16 Mbps para todos sus usuarios, prioriza el acceso a sitios Web de salud y otros que por los servicios que brindan son fundamentales para facilitar el acceso a [&hellip;]<\/p>\n","protected":false},"author":109,"featured_media":0,"parent":0,"menu_order":0,"comment_status":"open","ping_status":"open","template":"","meta":[],"_links":{"self":[{"href":"https:\/\/blogs.sld.cu\/marionod\/wp-json\/wp\/v2\/pages\/30301"}],"collection":[{"href":"https:\/\/blogs.sld.cu\/marionod\/wp-json\/wp\/v2\/pages"}],"about":[{"href":"https:\/\/blogs.sld.cu\/marionod\/wp-json\/wp\/v2\/types\/page"}],"author":[{"embeddable":true,"href":"https:\/\/blogs.sld.cu\/marionod\/wp-json\/wp\/v2\/users\/109"}],"replies":[{"embeddable":true,"href":"https:\/\/blogs.sld.cu\/marionod\/wp-json\/wp\/v2\/comments?post=30301"}],"version-history":[{"count":1,"href":"https:\/\/blogs.sld.cu\/marionod\/wp-json\/wp\/v2\/pages\/30301\/revisions"}],"predecessor-version":[{"id":30302,"href":"https:\/\/blogs.sld.cu\/marionod\/wp-json\/wp\/v2\/pages\/30301\/revisions\/30302"}],"wp:attachment":[{"href":"https:\/\/blogs.sld.cu\/marionod\/wp-json\/wp\/v2\/media?parent=30301"}],"curies":[{"name":"wp","href":"https:\/\/api.w.org\/{rel}","templated":true}]}}