{"id":2184,"date":"2014-09-19T14:36:13","date_gmt":"2014-09-19T14:36:13","guid":{"rendered":"http:\/\/blogs.sld.cu\/mirthai\/?page_id=2184"},"modified":"2014-09-23T16:30:53","modified_gmt":"2014-09-23T16:30:53","slug":"acerca-de","status":"publish","type":"page","link":"https:\/\/blogs.sld.cu\/mirthai\/acerca-de\/","title":{"rendered":"Acerca de"},"content":{"rendered":"<p><a href=\"http:\/\/blogs.sld.cu\/mirthai\/files\/2014\/09\/mirtha.jpg\"><img loading=\"lazy\" class=\"alignright  wp-image-2252\" style=\"margin: 5px\" src=\"http:\/\/blogs.sld.cu\/mirthai\/files\/2014\/09\/mirtha-241x300.jpg\" alt=\"Dra. Mirtha Infante\" width=\"158\" height=\"197\" srcset=\"https:\/\/blogs.sld.cu\/mirthai\/files\/2014\/09\/mirtha-241x300.jpg 241w, https:\/\/blogs.sld.cu\/mirthai\/files\/2014\/09\/mirtha.jpg 284w\" sizes=\"(max-width: 158px) 100vw, 158px\" \/><\/a>Blogs personal de la Dra. Mirtha Infante Vel\u00e1zquez. M\u00e9dico Especialista de II Grado en Gastroenterolog\u00eda. Doctora en Ciencias M\u00e9dicas. Profesora Auxiliar de la Universidad de Ciencias M\u00e9dicas de La Habana (Facultad de Ciencias M\u00e9dicas &#8220;Calixto Garc\u00eda&#8221;). Investigadora Auxiliar. Jefa del Grupo Nacional de Gastroenterolog\u00eda del Ministerio de Salud P\u00fablica.<\/p>\n<p>Es un espacio dedicado a compartir informaci\u00f3n profesional sobre las enfermedades del sistema digestivo, por lo que est\u00e1 dirigido\u00a0 m\u00e9dicos y otros profesionales de las ciencias m\u00e9dicas que se ocupen de la atenci\u00f3n a pacientes con afecciones gastrointestinales. Contienen la opini\u00f3n personal de la autora y est\u00e1n basados en la experiencia pr\u00e1ctica y el conocimiento te\u00f3rico que aporta el estudio y la consulta sistem\u00e1tica de la literatura cient\u00edfica especializada.<\/p>\n<p>Admite comentarios, pero la autora se reserva el derecho de decidir la publicaci\u00f3n de los mismos, al fungir como moderadora del blogs. Nunca ser\u00e1n aceptadas opiniones ofensivas ni que empleen vocabulario obsceno. No est\u00e1 concebido como un espacio para la consulta m\u00e9dica por parte de enfermos o sus familias.<\/p>\n<p>La autora llama a la comunidad gastroenterolo\u00f3gica cubana a hacer de este espacio un foro de comunicaci\u00f3n y debate para compartir las mejores experiencias de la pr\u00e1ctica de la Gastroenterolog\u00eda en nuestro pa\u00eds.<\/p>\n<p>&nbsp;<\/p>\n<p>&nbsp;<\/p>\n","protected":false},"excerpt":{"rendered":"<p>Blogs personal de la Dra. Mirtha Infante Vel\u00e1zquez. M\u00e9dico Especialista de II Grado en Gastroenterolog\u00eda. Doctora en Ciencias M\u00e9dicas. Profesora Auxiliar de la Universidad de Ciencias M\u00e9dicas de La Habana (Facultad de Ciencias M\u00e9dicas &#8220;Calixto Garc\u00eda&#8221;). Investigadora Auxiliar. Jefa del &hellip; <a href=\"https:\/\/blogs.sld.cu\/mirthai\/acerca-de\/\">Sigue leyendo <span class=\"meta-nav\">&rarr;<\/span><\/a><\/p>\n","protected":false},"author":130,"featured_media":0,"parent":0,"menu_order":0,"comment_status":"open","ping_status":"open","template":"","meta":[],"_links":{"self":[{"href":"https:\/\/blogs.sld.cu\/mirthai\/wp-json\/wp\/v2\/pages\/2184"}],"collection":[{"href":"https:\/\/blogs.sld.cu\/mirthai\/wp-json\/wp\/v2\/pages"}],"about":[{"href":"https:\/\/blogs.sld.cu\/mirthai\/wp-json\/wp\/v2\/types\/page"}],"author":[{"embeddable":true,"href":"https:\/\/blogs.sld.cu\/mirthai\/wp-json\/wp\/v2\/users\/130"}],"replies":[{"embeddable":true,"href":"https:\/\/blogs.sld.cu\/mirthai\/wp-json\/wp\/v2\/comments?post=2184"}],"version-history":[{"count":5,"href":"https:\/\/blogs.sld.cu\/mirthai\/wp-json\/wp\/v2\/pages\/2184\/revisions"}],"predecessor-version":[{"id":2250,"href":"https:\/\/blogs.sld.cu\/mirthai\/wp-json\/wp\/v2\/pages\/2184\/revisions\/2250"}],"wp:attachment":[{"href":"https:\/\/blogs.sld.cu\/mirthai\/wp-json\/wp\/v2\/media?parent=2184"}],"curies":[{"name":"wp","href":"https:\/\/api.w.org\/{rel}","templated":true}]}}