{"id":2220,"date":"2014-09-21T13:15:23","date_gmt":"2014-09-21T13:15:23","guid":{"rendered":"http:\/\/blogs.sld.cu\/mirthai\/?page_id=2220"},"modified":"2015-01-03T13:48:57","modified_gmt":"2015-01-03T13:48:57","slug":"gastroenterologia-en-cuba","status":"publish","type":"page","link":"https:\/\/blogs.sld.cu\/mirthai\/gastroenterologia-en-cuba\/","title":{"rendered":"Gastroenterolog\u00eda en Cuba"},"content":{"rendered":"<p>La Gastroenterolog\u00eda en Cuba se practica como especialidad en los hospitales cl\u00ednico-quir\u00fargicos que existen en los municipios y provincias del pa\u00eds, en hospitales pedi\u00e1tricos, en centros de salud especializados que se subordinan directamente al Ministerio de Salud P\u00fablica y en las instituciones de mayor nivel:\u00a0el <a href=\"http:\/\/www.ige.sld.cu\"><strong>Instituto Nacional de Gastroenterolog\u00eda<\/strong><\/a> y el servicio de Gastroenterolog\u00eda del <strong><a href=\"http:\/\/www.cce.sld.cu\">Centro Nacional de Cirug\u00eda de M\u00ednimo Acceso.<\/a><\/strong><br \/>\nEl <strong><a href=\"http:\/\/articulos.sld.cu\/gastroenterologia\/archives\/366\" target=\"_blank\">Profesor Raimundo LLanio Navarro<\/a><\/strong> (1920-2013) es reconocido como el Padre de la Gastroenterolog\u00eda cubana. Fue el Director Fundador del Instituto Nacional de Gastroenterolog\u00eda, Jefe del Grupo Nacional de Gastroenterolog\u00eda as\u00ed como\u00a0 Presidente y Presidente de Honor Vitalicio de la Sociedad Cubana de Gastroenterolog\u00eda. Fue reconocido con la condici\u00f3n de <strong><a href=\"http:\/\/articulos.sld.cu\/gastroenterologia\/archives\/364\" target=\"_blank\">Maestro de la Gastroenterolog\u00eda Latinoamericana.<\/a><\/strong> La labor fundacional de la endoscop\u00eda digestiva como t\u00e9cnica en el pa\u00eds la comparti\u00f3 con el Profesor <a href=\"http:\/\/articulos.sld.cu\/gastroenterologia\/archives\/216\" target=\"_blank\"><strong>Arnaldo L\u00f3pez Hidalgo<\/strong><\/a>.<\/p>\n<p>Otras figuras cimeras, ya fallecidas, son los profesores <a href=\"http:\/\/articulos.sld.cu\/gastroenterologia\/archives\/1037\" target=\"_blank\"><strong>Juan Rafael Gonz\u00e1lez Cansino<\/strong><\/a> y <strong>William Haedo Qu\u00f1one<\/strong>s, quienes con su labor impulsaron en desarrollo de la especialidad en el pa\u00eds. Fuera de la capital, descolla el profesor <a href=\"http:\/\/articulos.sld.cu\/gastroenterologia\/archives\/2087\" target=\"_blank\"><strong>Mario Ram\u00f3n Borges Borges<\/strong><\/a>, con una eminente labor docente en el territorio central del pa\u00eds.<\/p>\n<p>Hoy d\u00eda comparten su saber y experiencia con los m\u00e1s jovenes los profesores Manuel Paniagua Est\u00e9vez, Orlando Nodarse, Carlos Casta\u00f1eda y Eduardo Sagar\u00f3, as\u00ed como las f\u00e9minas Nery Gonz\u00e1lez Lazo y Trini Fragoso Arbelo. Los profesores Enrique Ar\u00fas Soler y Juli\u00e1n Ruiz Torres dirigen nuestras pirncipales instituciones.<\/p>\n<p>En el nivel de atenci\u00f3n primaria del sistema de salud cubano prestan servicio un grupo de Especialistas en Medicina General Integral con entrenamiento en endoscop\u00eda superior diagn\u00f3stica. En muchas partes del mundo est\u00e1 la mano solidaria del gastroenter\u00f3logo cubano, que alivia el dolor de muchos de los necesitados.<\/p>\n<h2 style=\"text-align: center\">Precursores:<\/h2>\n<table border=\"0\" cellspacing=\"0\" cellpadding=\"0\">\n<tbody>\n<tr>\n<td colspan=\"2\" valign=\"top\" width=\"576\">\u00a0<img loading=\"lazy\" class=\"aligncenter\" src=\"http:\/\/articulos.sld.cu\/gastroenterologia\/files\/2010\/10\/llanio1.gif\" alt=\"llanio1\" width=\"185\" height=\"247\" \/><\/td>\n<\/tr>\n<tr>\n<td colspan=\"2\" valign=\"top\" width=\"576\">\n<p style=\"text-align: center\"><strong>\u00a0Profesor Raymundo LLanio Navarro<\/strong><\/p>\n<\/td>\n<\/tr>\n<tr>\n<td valign=\"top\" width=\"288\">\n<p style=\"text-align: center\">\u00a0<img loading=\"lazy\" src=\"http:\/\/www.ain.cu\/2011\/abril\/21aem-profesor.jpg\" alt=\"\" width=\"133\" height=\"199\" \/><\/p>\n<\/td>\n<td valign=\"top\" width=\"288\">\n<p style=\"text-align: right\">\u00a0<img loading=\"lazy\" src=\"http:\/\/articulos.sld.cu\/gastroenterologia\/files\/2012\/01\/borges-002-150x150.jpg\" alt=\"Dr Borges\" width=\"158\" height=\"158\" \/><strong>\u00a0 \u00a0 \u00a0 \u00a0 \u00a0 \u00a0 \u00a0 Profesor Mario Ram\u00f3n\u00a0Borges Borges<\/strong><\/p>\n<\/td>\n<\/tr>\n<tr>\n<td valign=\"top\" width=\"288\">\n<p style=\"text-align: center\">\u00a0<strong>Profesor Juan Rafael Gonz\u00e1lez Cansino<br \/>\n<\/strong><\/p>\n<\/td>\n<td valign=\"top\" width=\"288\"><\/td>\n<\/tr>\n<\/tbody>\n<\/table>\n<h2>\u00a0Nuestros Profesores:<\/h2>\n<p><img loading=\"lazy\" class=\"aligncenter\" src=\"http:\/\/articulos.sld.cu\/gastroenterologia\/files\/2010\/02\/paniagua-300x225.jpg\" alt=\"\" width=\"236\" height=\"177\" \/><\/p>\n<p style=\"text-align: center\"><strong>Profesor Manuel Paniagua Est\u00e9vez<br \/>\n<\/strong><\/p>\n<h2>Libros de autores cubanos:<\/h2>\n<p>&nbsp;<\/p>\n<table border=\"0\" cellspacing=\"0\" cellpadding=\"0\">\n<tbody>\n<tr>\n<td width=\"189\">\n<p align=\"center\"><strong><a href=\"http:\/\/www.bvs.sld.cu\/libros\/gastroenterologia_hepatologia_clinica_tomo1\/indice_p.htm\">Gastroenterolog\u00eda y Hepatolog\u00eda Cl\u00ednica Tomo I<\/a><\/strong><\/p>\n<\/td>\n<td colspan=\"2\" width=\"189\">\n<p align=\"center\"><strong><a href=\"http:\/\/www.bvs.sld.cu\/libros\/gastroenterologia_hepatologia_clinica_tomo2\/indice_p.htm\">Gastroenterolog\u00eda y Hepatolog\u00eda Cl\u00ednica Tomo II<\/a><\/strong><\/p>\n<\/td>\n<td width=\"189\">\n<p align=\"center\"><strong>Gastroenterolog\u00eda y Hepatolog\u00eda Cl\u00ednica Tomo III<\/strong><\/p>\n<\/td>\n<\/tr>\n<tr>\n<td style=\"text-align: center\" width=\"189\"><img loading=\"lazy\" src=\"http:\/\/blogs.sld.cu\/mirthai\/files\/2014\/12\/gastroenterologia_web.jpg\" alt=\"\" width=\"100\" height=\"129\" \/><\/td>\n<td style=\"text-align: center\" colspan=\"2\" width=\"189\"><a href=\"http:\/\/blogs.sld.cu\/mirthai\/files\/2014\/12\/gastroenterologia_web.jpg\"><img loading=\"lazy\" class=\"size-full wp-image-2439 aligncenter\" style=\"margin-top: 5px;margin-bottom: 5px\" src=\"http:\/\/blogs.sld.cu\/mirthai\/files\/2014\/12\/gastroenterologia_web.jpg\" alt=\"\" width=\"100\" height=\"129\" \/><\/a><\/td>\n<td style=\"text-align: center\" width=\"189\"><a href=\"http:\/\/blogs.sld.cu\/mirthai\/files\/2014\/12\/gastroenterologia_web.jpg\"><img loading=\"lazy\" class=\"size-full wp-image-2439 aligncenter\" style=\"margin-top: 5px;margin-bottom: 5px\" src=\"http:\/\/blogs.sld.cu\/mirthai\/files\/2014\/12\/gastroenterologia_web.jpg\" alt=\"\" width=\"100\" height=\"129\" \/><\/a><\/td>\n<\/tr>\n<tr>\n<td colspan=\"2\" width=\"283\">\n<p align=\"center\"><strong><a href=\"http:\/\/www.bvs.sld.cu\/libros\/endoscopia_digestiva_superior\/indice_p.htm\">Manual de Endoscop\u00eda Digestiva Superior Diagn\u00f3stica (Segunda Edici\u00f3n)<\/a><\/strong><\/p>\n<\/td>\n<td colspan=\"2\" width=\"283\">\n<p align=\"center\"><strong><a href=\"http:\/\/www.bvs.sld.cu\/libros\/manual_endoscopia\/indice_p.htm\">Manual de Endoscop\u00eda Digestiva Superior Diagn\u00f3stica (Primera Edici\u00f3n)<\/a><\/strong><\/p>\n<\/td>\n<\/tr>\n<tr>\n<td style=\"text-align: center\" colspan=\"2\" width=\"283\">\u00a0<a href=\"http:\/\/blogs.sld.cu\/mirthai\/files\/2014\/09\/endoscopia_digestiva_web.jpg\"><img loading=\"lazy\" class=\"size-full wp-image-2449 aligncenter\" style=\"margin-top: 5px;margin-bottom: 5px\" src=\"http:\/\/blogs.sld.cu\/mirthai\/files\/2014\/09\/endoscopia_digestiva_web.jpg\" alt=\"\" width=\"100\" height=\"149\" \/><\/a><\/td>\n<td style=\"text-align: center\" colspan=\"2\" width=\"283\">\u00a0 <img loading=\"lazy\" class=\"aligncenter\" style=\"margin-top: 5px;margin-bottom: 5px\" src=\"http:\/\/www.bvs.sld.cu\/libros\/manual_endoscopia\/cubierta.jpg\" alt=\"\" width=\"113\" height=\"166\" \/><\/td>\n<\/tr>\n<tr>\n<td width=\"189\">\n<p align=\"center\"><strong><a href=\"http:\/\/www.bvs.sld.cu\/libros\/hormona_neuropeptido\/indice_p.htm\">Hormonas y neurop\u00e9ptidos gastrointestinales<\/a><\/strong><\/p>\n<\/td>\n<td colspan=\"2\" width=\"189\">\n<p align=\"center\"><strong><a href=\"http:\/\/www.bvs.sld.cu\/libros\/helicobacter\/indice_p.htm\">Helicobacter pylori \u00bfel tercer dogma?<\/a><\/strong><\/p>\n<\/td>\n<td width=\"189\">\n<p align=\"center\"><strong><a href=\"http:\/\/bvs.sld.cu\/libros\/hepatologia\/indice_p.htm\">Hepatolog\u00eda 2006<\/a><\/strong><\/p>\n<\/td>\n<\/tr>\n<tr>\n<td width=\"189\">\u00a0 <img loading=\"lazy\" class=\"aligncenter\" style=\"margin-top: 5px;margin-bottom: 5px\" src=\"http:\/\/www.bvs.sld.cu\/libros\/hormona_neuropeptido\/cubierta.jpg\" alt=\"\" width=\"110\" height=\"156\" \/><\/td>\n<td style=\"text-align: center\" colspan=\"2\" width=\"189\">\u00a0 <img loading=\"lazy\" class=\"aligncenter\" style=\"margin-top: 5px;margin-bottom: 5px\" src=\"http:\/\/www.bvs.sld.cu\/libros\/helicobacter\/cubierta.jpg\" alt=\"\" width=\"113\" height=\"161\" \/><\/td>\n<td style=\"text-align: center\" width=\"189\">\u00a0 <img loading=\"lazy\" class=\"aligncenter\" style=\"margin-top: 5px;margin-bottom: 5px\" src=\"http:\/\/bvs.sld.cu\/libros\/hepatologia\/cubierta.jpg\" alt=\"\" width=\"117\" height=\"158\" \/><\/td>\n<\/tr>\n<tr>\n<td width=\"189\">\n<p align=\"center\"><strong><a href=\"http:\/\/cdn.intechweb.org\/pdfs\/28616.pdf\">Prognostic Factors for Survival in Patients with Liver Cirrhosis<\/a><\/strong><\/p>\n<\/td>\n<td colspan=\"2\" width=\"189\">\n<p align=\"center\"><strong><a href=\"http:\/\/www.bvs.sld.cu\/libros\/giardiasis_realidades_mitos\/indice_p.htm\">Giardiasis. Entre realidades y mitos<\/a><\/strong><\/p>\n<\/td>\n<td width=\"189\">\n<p align=\"center\"><strong><a href=\"http:\/\/www.bvs.sld.cu\/libros\/hepatitis_viral\/indice_p.htm\">Hepatitis Viral<\/a><\/strong><\/p>\n<\/td>\n<\/tr>\n<tr>\n<td style=\"text-align: center\" width=\"189\">\u00a0<a href=\"http:\/\/blogs.sld.cu\/mirthai\/files\/2014\/09\/Liver-trasnsp.jpg\"><img loading=\"lazy\" class=\"size-thumbnail wp-image-2451 aligncenter\" style=\"margin-top: 5px;margin-bottom: 5px\" src=\"http:\/\/blogs.sld.cu\/mirthai\/files\/2014\/09\/Liver-trasnsp-150x150.jpg\" alt=\"\" width=\"150\" height=\"150\" \/><\/a><\/td>\n<td style=\"text-align: center\" colspan=\"2\" width=\"189\">\u00a0 <img loading=\"lazy\" class=\"aligncenter\" style=\"margin-top: 5px;margin-bottom: 5px\" src=\"http:\/\/www.bvs.sld.cu\/libros\/giardiasis_realidades_mitos\/giardiais_cubierta_web.jpg\" alt=\"\" width=\"100\" height=\"154\" \/><\/td>\n<td style=\"text-align: center\" width=\"189\">\u00a0 <img loading=\"lazy\" class=\"aligncenter\" style=\"margin-top: 5px;margin-bottom: 5px\" src=\"http:\/\/www.bvs.sld.cu\/libros\/hepatitis_viral\/hepatitis_viral_web.png\" alt=\"\" width=\"100\" height=\"152\" \/><\/td>\n<\/tr>\n<\/tbody>\n<\/table>\n<p>Estamos seguros que esta s\u00edntesis est\u00e1 incompleta, por lo que esperamos por la colaboraci\u00f3n de otros colegas con el aporte de elementos e imagenes que ilustren la historia de la especialidad en nuestro pa\u00eds.<\/p>\n","protected":false},"excerpt":{"rendered":"<p>La Gastroenterolog\u00eda en Cuba se practica como especialidad en los hospitales cl\u00ednico-quir\u00fargicos que existen en los municipios y provincias del pa\u00eds, en hospitales pedi\u00e1tricos, en centros de salud especializados que se subordinan directamente al Ministerio de Salud P\u00fablica y en &hellip; <a href=\"https:\/\/blogs.sld.cu\/mirthai\/gastroenterologia-en-cuba\/\">Sigue leyendo <span class=\"meta-nav\">&rarr;<\/span><\/a><\/p>\n","protected":false},"author":130,"featured_media":0,"parent":0,"menu_order":0,"comment_status":"open","ping_status":"open","template":"","meta":[],"_links":{"self":[{"href":"https:\/\/blogs.sld.cu\/mirthai\/wp-json\/wp\/v2\/pages\/2220"}],"collection":[{"href":"https:\/\/blogs.sld.cu\/mirthai\/wp-json\/wp\/v2\/pages"}],"about":[{"href":"https:\/\/blogs.sld.cu\/mirthai\/wp-json\/wp\/v2\/types\/page"}],"author":[{"embeddable":true,"href":"https:\/\/blogs.sld.cu\/mirthai\/wp-json\/wp\/v2\/users\/130"}],"replies":[{"embeddable":true,"href":"https:\/\/blogs.sld.cu\/mirthai\/wp-json\/wp\/v2\/comments?post=2220"}],"version-history":[{"count":23,"href":"https:\/\/blogs.sld.cu\/mirthai\/wp-json\/wp\/v2\/pages\/2220\/revisions"}],"predecessor-version":[{"id":2454,"href":"https:\/\/blogs.sld.cu\/mirthai\/wp-json\/wp\/v2\/pages\/2220\/revisions\/2454"}],"wp:attachment":[{"href":"https:\/\/blogs.sld.cu\/mirthai\/wp-json\/wp\/v2\/media?parent=2220"}],"curies":[{"name":"wp","href":"https:\/\/api.w.org\/{rel}","templated":true}]}}