{"id":2254,"date":"2014-09-23T16:33:31","date_gmt":"2014-09-23T16:33:31","guid":{"rendered":"http:\/\/blogs.sld.cu\/mirthai\/?page_id=2254"},"modified":"2014-09-23T16:33:31","modified_gmt":"2014-09-23T16:33:31","slug":"contactos","status":"publish","type":"page","link":"https:\/\/blogs.sld.cu\/mirthai\/contactos\/","title":{"rendered":"Contactos"},"content":{"rendered":"<p>Contacte con la autora de este blogs por las siguientes direcciones electr\u00f3nicas:<\/p>\n<ul>\n<li>minfante@infomed.sld.cu<\/li>\n<li>gastroenterolog\u00eda@infomed.sld.cu<\/li>\n<\/ul>\n<p><strong>Tel\u00e9fonos:<\/strong> 768-0707 y 768-0476<\/p>\n","protected":false},"excerpt":{"rendered":"<p>Contacte con la autora de este blogs por las siguientes direcciones electr\u00f3nicas: minfante@infomed.sld.cu gastroenterolog\u00eda@infomed.sld.cu Tel\u00e9fonos: 768-0707 y 768-0476<\/p>\n","protected":false},"author":130,"featured_media":0,"parent":0,"menu_order":0,"comment_status":"open","ping_status":"open","template":"","meta":[],"_links":{"self":[{"href":"https:\/\/blogs.sld.cu\/mirthai\/wp-json\/wp\/v2\/pages\/2254"}],"collection":[{"href":"https:\/\/blogs.sld.cu\/mirthai\/wp-json\/wp\/v2\/pages"}],"about":[{"href":"https:\/\/blogs.sld.cu\/mirthai\/wp-json\/wp\/v2\/types\/page"}],"author":[{"embeddable":true,"href":"https:\/\/blogs.sld.cu\/mirthai\/wp-json\/wp\/v2\/users\/130"}],"replies":[{"embeddable":true,"href":"https:\/\/blogs.sld.cu\/mirthai\/wp-json\/wp\/v2\/comments?post=2254"}],"version-history":[{"count":2,"href":"https:\/\/blogs.sld.cu\/mirthai\/wp-json\/wp\/v2\/pages\/2254\/revisions"}],"predecessor-version":[{"id":2265,"href":"https:\/\/blogs.sld.cu\/mirthai\/wp-json\/wp\/v2\/pages\/2254\/revisions\/2265"}],"wp:attachment":[{"href":"https:\/\/blogs.sld.cu\/mirthai\/wp-json\/wp\/v2\/media?parent=2254"}],"curies":[{"name":"wp","href":"https:\/\/api.w.org\/{rel}","templated":true}]}}