{"id":2259,"date":"2014-09-23T18:03:22","date_gmt":"2014-09-23T18:03:22","guid":{"rendered":"http:\/\/blogs.sld.cu\/mirthai\/?page_id=2259"},"modified":"2014-09-23T23:26:41","modified_gmt":"2014-09-23T23:26:41","slug":"mapa-del-sitio-2","status":"publish","type":"page","link":"https:\/\/blogs.sld.cu\/mirthai\/mapa-del-sitio-2\/","title":{"rendered":"Mapa del sitio"},"content":{"rendered":"<h1 style=\"text-align: center\">Mapa del Sitio<\/h1>\n<p><strong>Barra de Men\u00fas:<\/strong><\/p>\n<ul>\n<li><strong>Acerca de:<\/strong> informaci\u00f3n sobre los objetivos del Blogs.<\/li>\n<li><strong>Gastroenterolog\u00eda en Cuba<\/strong>: breve rese\u00f1a sobre la pr\u00e1ctica de la especialidad en Cuba. Informaci\u00f3 sobre personalidades e instituciones. Libros escritos por autores cubanos.<\/li>\n<li><strong>Sitios recomendados: <\/strong>enlace al blogs &#8220;Sitios recomendados&#8221;, del Dr. Mario Nodarse, que aporta enlaces a sitios m\u00e9dicos a trav\u00e9s del portal Infomed.<\/li>\n<li><strong>5 H\u00e9roes: <\/strong>enlace al canal RSS con noticias publicadas sobre el tema de los cinco h\u00e9roues cubanos prisioneros injustamente en c\u00e1rceles de los Estados Unidos por parte de la agencia de noticias &#8220;Prensa Latina&#8221;.<\/li>\n<\/ul>\n<p><strong>Columna izquierda:<\/strong><\/p>\n<ul>\n<li>Administraci\u00f3n.<\/li>\n<li>Categor\u00edas.<\/li>\n<li>Etiquetas.<\/li>\n<li>Calendario.<\/li>\n<\/ul>\n<p><strong>Columna Central:<\/strong><\/p>\n<ul>\n<li>Entradas.<\/li>\n<\/ul>\n<p><strong>Columna derecha:<\/strong><\/p>\n<ul>\n<li>Relaci\u00f3n de entradas.<\/li>\n<li>Relaci\u00f3n de comentarios.<\/li>\n<li>Historial del sitio.<\/li>\n<\/ul>\n","protected":false},"excerpt":{"rendered":"<p>Mapa del Sitio Barra de Men\u00fas: Acerca de: informaci\u00f3n sobre los objetivos del Blogs. Gastroenterolog\u00eda en Cuba: breve rese\u00f1a sobre la pr\u00e1ctica de la especialidad en Cuba. Informaci\u00f3 sobre personalidades e instituciones. Libros escritos por autores cubanos. Sitios recomendados: enlace &hellip; <a href=\"https:\/\/blogs.sld.cu\/mirthai\/mapa-del-sitio-2\/\">Sigue leyendo <span class=\"meta-nav\">&rarr;<\/span><\/a><\/p>\n","protected":false},"author":130,"featured_media":0,"parent":0,"menu_order":0,"comment_status":"open","ping_status":"open","template":"","meta":[],"_links":{"self":[{"href":"https:\/\/blogs.sld.cu\/mirthai\/wp-json\/wp\/v2\/pages\/2259"}],"collection":[{"href":"https:\/\/blogs.sld.cu\/mirthai\/wp-json\/wp\/v2\/pages"}],"about":[{"href":"https:\/\/blogs.sld.cu\/mirthai\/wp-json\/wp\/v2\/types\/page"}],"author":[{"embeddable":true,"href":"https:\/\/blogs.sld.cu\/mirthai\/wp-json\/wp\/v2\/users\/130"}],"replies":[{"embeddable":true,"href":"https:\/\/blogs.sld.cu\/mirthai\/wp-json\/wp\/v2\/comments?post=2259"}],"version-history":[{"count":3,"href":"https:\/\/blogs.sld.cu\/mirthai\/wp-json\/wp\/v2\/pages\/2259\/revisions"}],"predecessor-version":[{"id":2261,"href":"https:\/\/blogs.sld.cu\/mirthai\/wp-json\/wp\/v2\/pages\/2259\/revisions\/2261"}],"wp:attachment":[{"href":"https:\/\/blogs.sld.cu\/mirthai\/wp-json\/wp\/v2\/media?parent=2259"}],"curies":[{"name":"wp","href":"https:\/\/api.w.org\/{rel}","templated":true}]}}