{"id":16,"date":"2021-04-09T07:11:23","date_gmt":"2021-04-09T07:11:23","guid":{"rendered":"http:\/\/blogs.sld.cu\/neumonia\/?page_id=16"},"modified":"2021-11-01T00:12:51","modified_gmt":"2021-11-01T00:12:51","slug":"acerca-de","status":"publish","type":"page","link":"https:\/\/blogs.sld.cu\/neumonia\/acerca-de\/","title":{"rendered":"Acerca de"},"content":{"rendered":"<p>El Sistema Respiratorio est\u00e1 constituido por las v\u00edas respiratorias y los pulmones. Los pulmones a su vez, est\u00e1n formados por millones de estructuras huecas, que se llenan de aire, que tienen forma de saco y paredes delgadas con vasos sangu\u00edneos, denominados alv\u00e9olos pulmonares. En ellos ocurre la entrada del ox\u00edgeno a la sangre. Cuando esos espacios y algunos peque\u00f1os conductos presentes en el puim\u00f3n se inflaman, como parte de un proceso infeccioso, debido a bacterias, virus u hongos, es que hablamos de neumon\u00eda, neumonitis o pulmon\u00eda.<span style=\"font-size: 12pt; font-family: verdana, geneva;\"><br \/>\n<\/span><\/p>\n<div id=\"attachment_39\" style=\"width: 279px\" class=\"wp-caption alignnone\"><a href=\"http:\/\/blogs.sld.cu\/neumonia\/files\/2021\/04\/viasrespiratoriasypulmones.jpg\"><img aria-describedby=\"caption-attachment-39\" loading=\"lazy\" class=\"wp-image-39\" src=\"http:\/\/blogs.sld.cu\/neumonia\/files\/2021\/04\/viasrespiratoriasypulmones.jpg\" alt=\"viasrespiratoriasypulmones\" width=\"269\" height=\"321\" srcset=\"https:\/\/blogs.sld.cu\/neumonia\/files\/2021\/04\/viasrespiratoriasypulmones.jpg 656w, https:\/\/blogs.sld.cu\/neumonia\/files\/2021\/04\/viasrespiratoriasypulmones-251x300.jpg 251w, https:\/\/blogs.sld.cu\/neumonia\/files\/2021\/04\/viasrespiratoriasypulmones-250x298.jpg 250w\" sizes=\"(max-width: 269px) 100vw, 269px\" \/><\/a><p id=\"caption-attachment-39\" class=\"wp-caption-text\"><em>V\u00edas respiratorias y pulmones. Tomado de Atlas de la estructura microsc\u00f3pica de las c\u00e9lulas, tejidos y \u00f3rganos. Eleseiev, Afanasiev. Editorial MIR<\/em><\/p><\/div>\n<p>La Neumon\u00eda es un proceso inflamatorio agudo del pulm\u00f3n que involucra las v\u00edas a\u00e9reas terminales, espacios alveolares e intersticio, en su gran mayor\u00eda es de origen infeccioso y menos frecuentemente se produce por agentes f\u00edsicos o qu\u00edmicos.<\/p>\n<p>El equilibrio ente la agresividad de las bacterias y la capacidad del sistema inmunitario del hospedero determinar\u00e1 s\u00ed \u00e9ste es capaz o no de eliminar los microorganismos que han alcanzado el tracto respiratorio profundo. Si para conseguirlo se genera una respuesta inflamatoria significativa, el paciente desarrollar\u00e1 una neumon\u00eda cl\u00ednicamente evidente.<\/p>\n<p>La neumon\u00eda es pues, una inflamaci\u00f3n aguda del pulm\u00f3n que normalmente tiene una recuperaci\u00f3n total; no obstante, en algunos casos se puede originar otras enfermedades como fibrosis, bronquiectasias y cuando est\u00e1n involucrado agentes pat\u00f3genos, se puede producir necrosis con formaci\u00f3n de abscesos.<span style=\"font-size: 12pt; font-family: verdana, geneva;\"><br \/>\n<\/span><\/p>\n","protected":false},"excerpt":{"rendered":"<p>El Sistema Respiratorio est\u00e1 constituido por las v\u00edas respiratorias y los pulmones. Los pulmones a su vez, est\u00e1n formados por millones de estructuras huecas, que se llenan de aire, que tienen forma de saco y paredes delgadas con vasos sangu\u00edneos, denominados alv\u00e9olos pulmonares. En ellos ocurre la entrada del ox\u00edgeno a la sangre. Cuando esos [&hellip;]<\/p>\n","protected":false},"author":208,"featured_media":0,"parent":0,"menu_order":0,"comment_status":"closed","ping_status":"open","template":"","meta":[],"_links":{"self":[{"href":"https:\/\/blogs.sld.cu\/neumonia\/wp-json\/wp\/v2\/pages\/16"}],"collection":[{"href":"https:\/\/blogs.sld.cu\/neumonia\/wp-json\/wp\/v2\/pages"}],"about":[{"href":"https:\/\/blogs.sld.cu\/neumonia\/wp-json\/wp\/v2\/types\/page"}],"author":[{"embeddable":true,"href":"https:\/\/blogs.sld.cu\/neumonia\/wp-json\/wp\/v2\/users\/208"}],"replies":[{"embeddable":true,"href":"https:\/\/blogs.sld.cu\/neumonia\/wp-json\/wp\/v2\/comments?post=16"}],"version-history":[{"count":16,"href":"https:\/\/blogs.sld.cu\/neumonia\/wp-json\/wp\/v2\/pages\/16\/revisions"}],"predecessor-version":[{"id":171,"href":"https:\/\/blogs.sld.cu\/neumonia\/wp-json\/wp\/v2\/pages\/16\/revisions\/171"}],"wp:attachment":[{"href":"https:\/\/blogs.sld.cu\/neumonia\/wp-json\/wp\/v2\/media?parent=16"}],"curies":[{"name":"wp","href":"https:\/\/api.w.org\/{rel}","templated":true}]}}