{"id":18,"date":"2021-04-09T07:15:10","date_gmt":"2021-04-09T07:15:10","guid":{"rendered":"http:\/\/blogs.sld.cu\/neumonia\/?page_id=18"},"modified":"2021-10-31T23:25:27","modified_gmt":"2021-10-31T23:25:27","slug":"neumoniaclasificacion","status":"publish","type":"page","link":"https:\/\/blogs.sld.cu\/neumonia\/neumoniaclasificacion\/","title":{"rendered":"Neumon\u00eda\/Clasificaci\u00f3n"},"content":{"rendered":"<p><span style=\"font-size: 12pt; font-family: verdana, geneva;\"><a href=\"http:\/\/blogs.sld.cu\/neumonia\/files\/2021\/04\/neumoniaw.png\"><img loading=\"lazy\" class=\"alignnone wp-image-66\" src=\"http:\/\/blogs.sld.cu\/neumonia\/files\/2021\/04\/neumoniaw.png\" alt=\"neumoniaw\" width=\"433\" height=\"340\" srcset=\"https:\/\/blogs.sld.cu\/neumonia\/files\/2021\/04\/neumoniaw.png 779w, https:\/\/blogs.sld.cu\/neumonia\/files\/2021\/04\/neumoniaw-300x235.png 300w, https:\/\/blogs.sld.cu\/neumonia\/files\/2021\/04\/neumoniaw-250x196.png 250w\" sizes=\"(max-width: 433px) 100vw, 433px\" \/><\/a><\/span><\/p>\n<p>La neumon\u00eda puede variar en su forma de presentarse, desde ligera a extremadamente grave, que puede llegar a mortal. Es m\u00e1s grave en beb\u00e9s y ni\u00f1os peque\u00f1os, en personas mayores de 65 a\u00f1os, y en personas con problemas de salud o sistemas inmunes debiles.<\/p>\n<h3><span style=\"color: #0062ad;\"><strong>Factores de riesgo<\/strong><\/span><\/h3>\n<p>&#8211; Edades extremas de la vida (ni\u00f1os y ancianos)<\/p>\n<p>&#8211; Factores de riesgo asociados al estilo de vida:<\/p>\n<ul>\n<li>Fumador activo o pasivo<\/li>\n<li>Consumo de alcohol<\/li>\n<li>Influencia del \u00edndice de masa corporal<\/li>\n<li>Deficiente higiene bucal<\/li>\n<li>Contacto frecuente con ni\u00f1os<\/li>\n<\/ul>\n<p>&#8211; Comorbilidades: Enfermedad respiratoria cr\u00f3nica.Enfermedad card\u00edaca, Diabetes mellitus, Enfermedad neurol\u00f3gica, Enfermedad hep\u00e1tica cr\u00f3nica y enfermedad renal cr\u00f3nica, Hospitalizaci\u00f3n previa y previo episodio de neumon\u00eda, Inmunosupresi\u00f3n Inmunocomprometido.<\/p>\n<h3><span style=\"color: #0062ad;\"><strong>Clasificaci\u00f3n<\/strong><\/span><\/h3>\n<p>&#8211; Seg\u00fan el sitio donde se adquiere:<\/p>\n<ul>\n<li>Neumon\u00eda adquirida en la comunidad (NAC): dentro de las primeras 48h de ingreso al hospital.<\/li>\n<li>Neumon\u00eda nosocomial o intrahospitalaria: por pat\u00f3genos presentes en el entorno hospitalario que se desarrolla en pacientes ingresados en el hospital durante m\u00e1s de 48 horas.<\/li>\n<\/ul>\n<p>&#8211; Seg\u00fan el agente etiol\u00f3gico:<\/p>\n<ul>\n<li>Microorganismos (neumon\u00eda viral, bacteriana, Hongos) 90 %<\/li>\n<li>Agentes f\u00edsicos(radioterapia) y qu\u00edmicos (gases t\u00f3xicos u otras sustancias) 10 %<\/li>\n<\/ul>\n<p>&#8211; Seg\u00fan s\u00edntomas cl\u00ednicos:<\/p>\n<ul>\n<li>t\u00edpicas<\/li>\n<li>at\u00edpicas.<\/li>\n<\/ul>\n<p>&#8211; Seg\u00fan Presentaci\u00f3n Anatomo- radiol\u00f3gica:<\/p>\n<ul>\n<li>Neumon\u00eda: Lobar, Segmentaria, Todo el pulm\u00f3n<\/li>\n<li>Bronconeumon\u00eda: Unilateral, bilateral<\/li>\n<li>Neumonia Intersticial<\/li>\n<\/ul>\n","protected":false},"excerpt":{"rendered":"<p>La neumon\u00eda puede variar en su forma de presentarse, desde ligera a extremadamente grave, que puede llegar a mortal. Es m\u00e1s grave en beb\u00e9s y ni\u00f1os peque\u00f1os, en personas mayores de 65 a\u00f1os, y en personas con problemas de salud o sistemas inmunes debiles. Factores de riesgo &#8211; Edades extremas de la vida (ni\u00f1os y [&hellip;]<\/p>\n","protected":false},"author":208,"featured_media":0,"parent":0,"menu_order":0,"comment_status":"closed","ping_status":"open","template":"","meta":[],"_links":{"self":[{"href":"https:\/\/blogs.sld.cu\/neumonia\/wp-json\/wp\/v2\/pages\/18"}],"collection":[{"href":"https:\/\/blogs.sld.cu\/neumonia\/wp-json\/wp\/v2\/pages"}],"about":[{"href":"https:\/\/blogs.sld.cu\/neumonia\/wp-json\/wp\/v2\/types\/page"}],"author":[{"embeddable":true,"href":"https:\/\/blogs.sld.cu\/neumonia\/wp-json\/wp\/v2\/users\/208"}],"replies":[{"embeddable":true,"href":"https:\/\/blogs.sld.cu\/neumonia\/wp-json\/wp\/v2\/comments?post=18"}],"version-history":[{"count":15,"href":"https:\/\/blogs.sld.cu\/neumonia\/wp-json\/wp\/v2\/pages\/18\/revisions"}],"predecessor-version":[{"id":156,"href":"https:\/\/blogs.sld.cu\/neumonia\/wp-json\/wp\/v2\/pages\/18\/revisions\/156"}],"wp:attachment":[{"href":"https:\/\/blogs.sld.cu\/neumonia\/wp-json\/wp\/v2\/media?parent=18"}],"curies":[{"name":"wp","href":"https:\/\/api.w.org\/{rel}","templated":true}]}}