{"id":21,"date":"2021-04-09T07:17:09","date_gmt":"2021-04-09T07:17:09","guid":{"rendered":"http:\/\/blogs.sld.cu\/neumonia\/?page_id=21"},"modified":"2021-10-31T23:19:33","modified_gmt":"2021-10-31T23:19:33","slug":"causassintomas","status":"publish","type":"page","link":"https:\/\/blogs.sld.cu\/neumonia\/causassintomas\/","title":{"rendered":"Causas\/s\u00edntomas"},"content":{"rendered":"<h3><strong><span style=\"color: #0062ad;\">Causas<\/span><\/strong><\/h3>\n<p>Neumon\u00edas T\u00edpicas: <em>Streptococcus Pneumoniae (m\u00e1s frecuente), Haemophilus influenzae, Moraxella catharralis, Staphilococcus aureus, Klebsiella pneumoniae, Bacilos Gram Negativos ent\u00e9ricos, Pseudomonas auriginosa, Anaerobios.<\/em><\/p>\n<p>Neumon\u00eda adquirida en la comunidad (NAC): At\u00edpicas: <em>Micoplasma pneumoniae (m\u00e1s frecuente), Clamidias Pneumoniae, Clamidia psittasi, Legionella pneumophila, Nocardias spp., virus, Hongos, Micobacteria.<\/em><\/p>\n<h3><span style=\"color: #0062ad;\"><strong>S\u00edntomas\u00a0<\/strong> <\/span><\/h3>\n<p><strong>Neumon\u00edas T\u00edpicas:<\/strong><\/p>\n<p>&#8211; Per\u00edodo Prodr\u00f3mico 12-24 horas: Astenia, Odinofagia, Discreta tos.<\/p>\n<p>&#8211; Per\u00edodo de estado: Escalofr\u00edos, fiebre alta, malestar general, dolor en punta de costado, cefalea, n\u00e1useas, v\u00f3mitos, tos, expectoraci\u00f3n, disnea.<\/p>\n<p><strong>Neumon\u00edas At\u00edpicas\u00a0 <\/strong><\/p>\n<p>Comienzo subagudo. Frecuente en brotes epid\u00e9micos, disociaci\u00f3n cl\u00ednico-radiol\u00f3gica (s\u00edntomas leves y lesiones extensas en la radiograf\u00eda) asociada a manifestaciones extra pulmonares como las del tracto digestivo.<\/p>\n","protected":false},"excerpt":{"rendered":"<p>Causas Neumon\u00edas T\u00edpicas: Streptococcus Pneumoniae (m\u00e1s frecuente), Haemophilus influenzae, Moraxella catharralis, Staphilococcus aureus, Klebsiella pneumoniae, Bacilos Gram Negativos ent\u00e9ricos, Pseudomonas auriginosa, Anaerobios. Neumon\u00eda adquirida en la comunidad (NAC): At\u00edpicas: Micoplasma pneumoniae (m\u00e1s frecuente), Clamidias Pneumoniae, Clamidia psittasi, Legionella pneumophila, Nocardias spp., virus, Hongos, Micobacteria. S\u00edntomas\u00a0 Neumon\u00edas T\u00edpicas: &#8211; Per\u00edodo Prodr\u00f3mico 12-24 horas: Astenia, Odinofagia, Discreta [&hellip;]<\/p>\n","protected":false},"author":208,"featured_media":0,"parent":0,"menu_order":0,"comment_status":"closed","ping_status":"open","template":"","meta":[],"_links":{"self":[{"href":"https:\/\/blogs.sld.cu\/neumonia\/wp-json\/wp\/v2\/pages\/21"}],"collection":[{"href":"https:\/\/blogs.sld.cu\/neumonia\/wp-json\/wp\/v2\/pages"}],"about":[{"href":"https:\/\/blogs.sld.cu\/neumonia\/wp-json\/wp\/v2\/types\/page"}],"author":[{"embeddable":true,"href":"https:\/\/blogs.sld.cu\/neumonia\/wp-json\/wp\/v2\/users\/208"}],"replies":[{"embeddable":true,"href":"https:\/\/blogs.sld.cu\/neumonia\/wp-json\/wp\/v2\/comments?post=21"}],"version-history":[{"count":9,"href":"https:\/\/blogs.sld.cu\/neumonia\/wp-json\/wp\/v2\/pages\/21\/revisions"}],"predecessor-version":[{"id":151,"href":"https:\/\/blogs.sld.cu\/neumonia\/wp-json\/wp\/v2\/pages\/21\/revisions\/151"}],"wp:attachment":[{"href":"https:\/\/blogs.sld.cu\/neumonia\/wp-json\/wp\/v2\/media?parent=21"}],"curies":[{"name":"wp","href":"https:\/\/api.w.org\/{rel}","templated":true}]}}