{"id":23,"date":"2021-04-09T07:18:11","date_gmt":"2021-04-09T07:18:11","guid":{"rendered":"http:\/\/blogs.sld.cu\/neumonia\/?page_id=23"},"modified":"2021-11-23T18:46:39","modified_gmt":"2021-11-23T18:46:39","slug":"diagnosticotratamientos","status":"publish","type":"page","link":"https:\/\/blogs.sld.cu\/neumonia\/diagnosticotratamientos\/","title":{"rendered":"Diagn\u00f3stico\/Tratamientos"},"content":{"rendered":"<h3><span style=\"color: #0062ad;\"><strong>Diagn\u00f3stico<\/strong><\/span><\/h3>\n<p>El diagn\u00f3stico se basa en: cuadro cl\u00ednico, radiolog\u00eda, epidemiolog\u00eda y microbiolog\u00eda.<\/p>\n<ol>\n<li>Cuadro cl\u00ednico: Tos, expectoraci\u00f3n o fiebre de m\u00e1s de 37- 38\u00b0C; dolor en punta de costado, falta de aire, alteraci\u00f3n del estado mental.<\/li>\n<li>Todo paciente con diagn\u00f3stico cl\u00ednico de neumon\u00eda dentro de las primeras 48h de ingreso al hospital, siempre que no hayan estado hospitalizados en las dos semanas que preceden al ingreso actual para las neumon\u00edas adquiridas en la comunidad. Riesgo epidemiol\u00f3gico: Edades extremas (m\u00e1s de 60 a\u00f1os); h\u00e1bitos t\u00f3xicos: alcoholismo, tabaquismo, drogadicci\u00f3n;; comorbilidad: EPOC, Asma, Bronquiectasias Neoplasias, Insuficiencia Cardiaca y Renal, Hepatopat\u00edas, Diabetes Mellitus, Inmunodeficiencias, Epilepsia, Demencia, Malnutrici\u00f3n.<\/li>\n<\/ol>\n<div id=\"attachment_53\" style=\"width: 384px\" class=\"wp-caption alignnone\"><a href=\"http:\/\/blogs.sld.cu\/neumonia\/files\/2021\/04\/radio1.png\"><img aria-describedby=\"caption-attachment-53\" loading=\"lazy\" class=\"wp-image-53\" src=\"http:\/\/blogs.sld.cu\/neumonia\/files\/2021\/04\/radio1.png\" alt=\"radio1\" width=\"374\" height=\"321\" srcset=\"https:\/\/blogs.sld.cu\/neumonia\/files\/2021\/04\/radio1.png 456w, https:\/\/blogs.sld.cu\/neumonia\/files\/2021\/04\/radio1-300x257.png 300w, https:\/\/blogs.sld.cu\/neumonia\/files\/2021\/04\/radio1-250x214.png 250w\" sizes=\"(max-width: 374px) 100vw, 374px\" \/><\/a><p id=\"caption-attachment-53\" class=\"wp-caption-text\">Radiograf\u00eda de t\u00f3rax. Neumon\u00eda<\/p><\/div>\n<ol>\n<li>Infiltrado pulmonar en la radiograf\u00eda de t\u00f3rax, siempre que el mismo no pueda ser atribuido a causas no infecciosas como el trombo embolismo pulmonar, edema agudo del pulm\u00f3n o neoplasia.<\/li>\n<li>Microbiolog\u00eda: las muestras respiratorias \u00fatiles para el diagn\u00f3stico microbiol\u00f3gico son: esputos, aspirado traqueal o secreciones traqueales, punci\u00f3n transtraqueal, broncoaspirado (aspiraci\u00f3n de secreciones por broncoscopia), cepillado bronquial microbiol\u00f3gico con cat\u00e9ter protegido, lavado broncoalveolar, punci\u00f3n pulmonar aspirativa transtor\u00e1cica, punci\u00f3n bi\u00f3psica pulmonar con trocar, biopsia pulmonar por toracotom\u00eda, hemocultivos, l\u00edquido pleural, orina, serolog\u00eda, t\u00e9cnicas de biolog\u00eda molecular, marcadores de inflamaci\u00f3n.<\/li>\n<\/ol>\n<h3><strong><a title=\"Tratamiento\" href=\"http:\/\/blogs.sld.cu\/neumonia\/tratamiento\/\">Tratamiento<\/a><\/strong><\/h3>\n<p>&nbsp;<\/p>\n","protected":false},"excerpt":{"rendered":"<p>Diagn\u00f3stico El diagn\u00f3stico se basa en: cuadro cl\u00ednico, radiolog\u00eda, epidemiolog\u00eda y microbiolog\u00eda. Cuadro cl\u00ednico: Tos, expectoraci\u00f3n o fiebre de m\u00e1s de 37- 38\u00b0C; dolor en punta de costado, falta de aire, alteraci\u00f3n del estado mental. Todo paciente con diagn\u00f3stico cl\u00ednico de neumon\u00eda dentro de las primeras 48h de ingreso al hospital, siempre que no hayan [&hellip;]<\/p>\n","protected":false},"author":208,"featured_media":0,"parent":0,"menu_order":0,"comment_status":"closed","ping_status":"open","template":"","meta":[],"_links":{"self":[{"href":"https:\/\/blogs.sld.cu\/neumonia\/wp-json\/wp\/v2\/pages\/23"}],"collection":[{"href":"https:\/\/blogs.sld.cu\/neumonia\/wp-json\/wp\/v2\/pages"}],"about":[{"href":"https:\/\/blogs.sld.cu\/neumonia\/wp-json\/wp\/v2\/types\/page"}],"author":[{"embeddable":true,"href":"https:\/\/blogs.sld.cu\/neumonia\/wp-json\/wp\/v2\/users\/208"}],"replies":[{"embeddable":true,"href":"https:\/\/blogs.sld.cu\/neumonia\/wp-json\/wp\/v2\/comments?post=23"}],"version-history":[{"count":12,"href":"https:\/\/blogs.sld.cu\/neumonia\/wp-json\/wp\/v2\/pages\/23\/revisions"}],"predecessor-version":[{"id":172,"href":"https:\/\/blogs.sld.cu\/neumonia\/wp-json\/wp\/v2\/pages\/23\/revisions\/172"}],"wp:attachment":[{"href":"https:\/\/blogs.sld.cu\/neumonia\/wp-json\/wp\/v2\/media?parent=23"}],"curies":[{"name":"wp","href":"https:\/\/api.w.org\/{rel}","templated":true}]}}