{"id":26,"date":"2021-04-09T07:19:49","date_gmt":"2021-04-09T07:19:49","guid":{"rendered":"http:\/\/blogs.sld.cu\/neumonia\/?page_id=26"},"modified":"2021-10-31T23:26:07","modified_gmt":"2021-10-31T23:26:07","slug":"medidas-preventivas","status":"publish","type":"page","link":"https:\/\/blogs.sld.cu\/neumonia\/medidas-preventivas\/","title":{"rendered":"Medidas preventivas"},"content":{"rendered":"<p>La prevenci\u00f3n de la Neumon\u00eda adquirida en la comunidad (NAC) se puede efectuar mediante:<\/p>\n<ul>\n<li>La lucha contra los pat\u00f3genos que la causan, cuyo prototipo ser\u00eda la vacunaci\u00f3n espec\u00edfica contra el neumococo as\u00ed como intentar suprimir las situaciones de riesgo que favorecen su presentaci\u00f3n, fundamentalmente mediante la vacunaci\u00f3n antigripal y la lucha contra el tabaquismo.<\/li>\n<li>Mantener el control de enfermedades como la diabetes, asma, EPOC, bronquiectasias, inmunodeficiencias.<\/li>\n<li>Mantener estado nutricional adecuado.<\/li>\n<li>El lavado frecuente de manos y la higiene respiratoria son otras medidas no farmacol\u00f3gicas \u00fatiles para el control de las infecciones respiratorias.<\/li>\n<li>Uso de mascarillas.<\/li>\n<\/ul>\n<p><span style=\"font-size: 12pt; font-family: verdana, geneva;\"><strong>\u00a0<\/strong><\/span><\/p>\n","protected":false},"excerpt":{"rendered":"<p>La prevenci\u00f3n de la Neumon\u00eda adquirida en la comunidad (NAC) se puede efectuar mediante: La lucha contra los pat\u00f3genos que la causan, cuyo prototipo ser\u00eda la vacunaci\u00f3n espec\u00edfica contra el neumococo as\u00ed como intentar suprimir las situaciones de riesgo que favorecen su presentaci\u00f3n, fundamentalmente mediante la vacunaci\u00f3n antigripal y la lucha contra el tabaquismo. Mantener [&hellip;]<\/p>\n","protected":false},"author":208,"featured_media":0,"parent":0,"menu_order":0,"comment_status":"closed","ping_status":"open","template":"","meta":[],"_links":{"self":[{"href":"https:\/\/blogs.sld.cu\/neumonia\/wp-json\/wp\/v2\/pages\/26"}],"collection":[{"href":"https:\/\/blogs.sld.cu\/neumonia\/wp-json\/wp\/v2\/pages"}],"about":[{"href":"https:\/\/blogs.sld.cu\/neumonia\/wp-json\/wp\/v2\/types\/page"}],"author":[{"embeddable":true,"href":"https:\/\/blogs.sld.cu\/neumonia\/wp-json\/wp\/v2\/users\/208"}],"replies":[{"embeddable":true,"href":"https:\/\/blogs.sld.cu\/neumonia\/wp-json\/wp\/v2\/comments?post=26"}],"version-history":[{"count":6,"href":"https:\/\/blogs.sld.cu\/neumonia\/wp-json\/wp\/v2\/pages\/26\/revisions"}],"predecessor-version":[{"id":158,"href":"https:\/\/blogs.sld.cu\/neumonia\/wp-json\/wp\/v2\/pages\/26\/revisions\/158"}],"wp:attachment":[{"href":"https:\/\/blogs.sld.cu\/neumonia\/wp-json\/wp\/v2\/media?parent=26"}],"curies":[{"name":"wp","href":"https:\/\/api.w.org\/{rel}","templated":true}]}}