{"id":62,"date":"2021-04-23T00:57:03","date_gmt":"2021-04-23T00:57:03","guid":{"rendered":"http:\/\/blogs.sld.cu\/neumonia\/?page_id=62"},"modified":"2021-10-29T02:49:32","modified_gmt":"2021-10-29T02:49:32","slug":"dr-osbel-diaz-luis","status":"publish","type":"page","link":"https:\/\/blogs.sld.cu\/neumonia\/dr-osbel-diaz-luis\/","title":{"rendered":"Dr. Osbel D\u00edaz Luis"},"content":{"rendered":"<p><span style=\"font-size: 12pt; font-family: verdana, geneva;\"><span style=\"font-size: 10pt;\"><a href=\"http:\/\/blogs.sld.cu\/neumonia\/files\/2021\/10\/OSBEL-00000003.jpg\"><img loading=\"lazy\" class=\"alignnone wp-image-132\" src=\"http:\/\/blogs.sld.cu\/neumonia\/files\/2021\/10\/OSBEL-00000003.jpg\" alt=\"\" width=\"347\" height=\"347\" srcset=\"https:\/\/blogs.sld.cu\/neumonia\/files\/2021\/10\/OSBEL-00000003.jpg 591w, https:\/\/blogs.sld.cu\/neumonia\/files\/2021\/10\/OSBEL-00000003-300x300.jpg 300w, https:\/\/blogs.sld.cu\/neumonia\/files\/2021\/10\/OSBEL-00000003-150x150.jpg 150w, https:\/\/blogs.sld.cu\/neumonia\/files\/2021\/10\/OSBEL-00000003-250x250.jpg 250w\" sizes=\"(max-width: 347px) 100vw, 347px\" \/><\/a><\/span><\/span><\/p>\n<p><span style=\"font-size: 12pt; font-family: verdana, geneva;\"><span style=\"font-size: 10pt;\">Especialista de 1er. grado en Neumolog\u00eda. Profesor asistente. Universidad de Ciencias de La Habana. Hospital Neumol\u00f3gico Ben\u00e9fico Jur\u00eddico.<\/span><br \/>\n<\/span><\/p>\n","protected":false},"excerpt":{"rendered":"<p>Especialista de 1er. grado en Neumolog\u00eda. Profesor asistente. Universidad de Ciencias de La Habana. Hospital Neumol\u00f3gico Ben\u00e9fico Jur\u00eddico.<\/p>\n","protected":false},"author":208,"featured_media":0,"parent":0,"menu_order":0,"comment_status":"open","ping_status":"open","template":"","meta":[],"_links":{"self":[{"href":"https:\/\/blogs.sld.cu\/neumonia\/wp-json\/wp\/v2\/pages\/62"}],"collection":[{"href":"https:\/\/blogs.sld.cu\/neumonia\/wp-json\/wp\/v2\/pages"}],"about":[{"href":"https:\/\/blogs.sld.cu\/neumonia\/wp-json\/wp\/v2\/types\/page"}],"author":[{"embeddable":true,"href":"https:\/\/blogs.sld.cu\/neumonia\/wp-json\/wp\/v2\/users\/208"}],"replies":[{"embeddable":true,"href":"https:\/\/blogs.sld.cu\/neumonia\/wp-json\/wp\/v2\/comments?post=62"}],"version-history":[{"count":8,"href":"https:\/\/blogs.sld.cu\/neumonia\/wp-json\/wp\/v2\/pages\/62\/revisions"}],"predecessor-version":[{"id":133,"href":"https:\/\/blogs.sld.cu\/neumonia\/wp-json\/wp\/v2\/pages\/62\/revisions\/133"}],"wp:attachment":[{"href":"https:\/\/blogs.sld.cu\/neumonia\/wp-json\/wp\/v2\/media?parent=62"}],"curies":[{"name":"wp","href":"https:\/\/api.w.org\/{rel}","templated":true}]}}