{"id":16,"date":"2021-01-30T05:15:57","date_gmt":"2021-01-30T05:15:57","guid":{"rendered":"http:\/\/blogs.sld.cu\/ninosacudido\/?page_id=16"},"modified":"2021-12-15T18:41:36","modified_gmt":"2021-12-15T18:41:36","slug":"acerca-de","status":"publish","type":"page","link":"https:\/\/blogs.sld.cu\/ninosacudido\/acerca-de\/","title":{"rendered":"Acerca de"},"content":{"rendered":"<p>Este sitio forma parte del Portal de Enfermedades de Infomed. Lo hemos concebido como una alerta a los padres y a las familias en general, de los problemas que puede conllevar, lo que algunos hombres de la familia hacen lanzando hacia arriba a los ni\u00f1os peque\u00f1os, como una forma de hacerlos reir, y es cierto que a veces r\u00eden, pero pueden causarle como ver\u00e1n en el sitio, serias lesiones al peque\u00f1o.<\/p>\n<p>Otras veces el llanto de los ni\u00f1os puede hacer perder la paciencia a la madre, padre o cuidador, lo que a veces y en situaciones fuera de control, los har\u00e0 tomar al ni\u00f1o por los hombros y moverlos con violencia, pero esa acci\u00f2n\u00a0 puede provocarle al peque\u00f1o, al igual que el lanzarlo al aire, serios da\u00f1os, a veces irreversibles. Ante esa situaci\u00f2n de un ni\u00f1o llorando, lo que es verdaderanente angustiante,\u00a0 averigua con calma la raz\u00f2n por la que llora el beb\u00e8.<\/p>\n<p>La editora del Stio, es la <strong>Dra. Silvia Mar\u00eca Pozo<\/strong>, que de forma educativa e interactiva, los conducir\u00e0 a trav\u00e8s de las p\u00e0ginas para que puedan conocer detalles de esta enfermedad.<\/p>\n","protected":false},"excerpt":{"rendered":"<p>Este sitio forma parte del Portal de Enfermedades de Infomed. Lo hemos concebido como una alerta a los padres y a las familias en general, de los problemas que puede conllevar, lo que algunos hombres de la familia hacen lanzando hacia arriba a los ni\u00f1os peque\u00f1os, como una forma de hacerlos reir, y es cierto [&hellip;]<\/p>\n","protected":false},"author":208,"featured_media":0,"parent":0,"menu_order":0,"comment_status":"closed","ping_status":"closed","template":"","meta":[],"_links":{"self":[{"href":"https:\/\/blogs.sld.cu\/ninosacudido\/wp-json\/wp\/v2\/pages\/16"}],"collection":[{"href":"https:\/\/blogs.sld.cu\/ninosacudido\/wp-json\/wp\/v2\/pages"}],"about":[{"href":"https:\/\/blogs.sld.cu\/ninosacudido\/wp-json\/wp\/v2\/types\/page"}],"author":[{"embeddable":true,"href":"https:\/\/blogs.sld.cu\/ninosacudido\/wp-json\/wp\/v2\/users\/208"}],"replies":[{"embeddable":true,"href":"https:\/\/blogs.sld.cu\/ninosacudido\/wp-json\/wp\/v2\/comments?post=16"}],"version-history":[{"count":10,"href":"https:\/\/blogs.sld.cu\/ninosacudido\/wp-json\/wp\/v2\/pages\/16\/revisions"}],"predecessor-version":[{"id":133,"href":"https:\/\/blogs.sld.cu\/ninosacudido\/wp-json\/wp\/v2\/pages\/16\/revisions\/133"}],"wp:attachment":[{"href":"https:\/\/blogs.sld.cu\/ninosacudido\/wp-json\/wp\/v2\/media?parent=16"}],"curies":[{"name":"wp","href":"https:\/\/api.w.org\/{rel}","templated":true}]}}