{"id":18,"date":"2021-01-30T05:16:48","date_gmt":"2021-01-30T05:16:48","guid":{"rendered":"http:\/\/blogs.sld.cu\/ninosacudido\/?page_id=18"},"modified":"2021-10-28T15:23:20","modified_gmt":"2021-10-28T15:23:20","slug":"nino-sacudido","status":"publish","type":"page","link":"https:\/\/blogs.sld.cu\/ninosacudido\/nino-sacudido\/","title":{"rendered":"Ni\u00f1o sacudido"},"content":{"rendered":"<p><a href=\"http:\/\/blogs.sld.cu\/ninosacudido\/files\/2021\/01\/bebito.jpg\"><img loading=\"lazy\" class=\"alignnone wp-image-52\" src=\"http:\/\/blogs.sld.cu\/ninosacudido\/files\/2021\/01\/bebito.jpg\" alt=\"bebito\" width=\"442\" height=\"324\" srcset=\"https:\/\/blogs.sld.cu\/ninosacudido\/files\/2021\/01\/bebito.jpg 262w, https:\/\/blogs.sld.cu\/ninosacudido\/files\/2021\/01\/bebito-250x183.jpg 250w\" sizes=\"(max-width: 442px) 100vw, 442px\" \/><\/a><\/p>\n<p><strong>\u00bfQu\u00e9 es el s\u00edndrome del ni\u00f1o sacudido?<\/strong><br \/>\nTambi\u00e9n conocido como S\u00edndrome del beb\u00e9 sacudido, o s\u00edndrome del beb\u00e9 zarandeado, es el diagn\u00f3stico resultado de un conjunto de lesiones serias, a veces fatales y discapacidades permanentes que pueden ocurrir cuando lactantes o ni\u00f1os peque\u00f1os son sacudidos violentamente o sus cabezas son golpeadas. No s\u00f3lo es un tipo de lesi\u00f3n grave de la cabeza, es <strong>una forma seria de abuso infantil.<\/strong><\/p>\n<p>Los cerebros de los beb\u00e9s son muy fr\u00e1giles. Los m\u00fasculos del cuello de los beb\u00e9s no son fuertes; por lo tanto, cuando son sacudidos, sus cabezas se mueven de un lado al otro haciendo que el cerebro se golpee contra el interior del cr\u00e1neo. Esto causa la rasgadura de vasos sangu\u00edneos y la acumulaci\u00f3n de sangre dentro del cr\u00e1neo del beb\u00e9 causando un da\u00f1o irreparable al cerebro.<\/p>\n<p>El s\u00edndrome del beb\u00e9 sacudido ocurre m\u00e1s frecuentemente en beb\u00e9s menores de seis meses, pero ni\u00f1os mayores tambi\u00e9n pueden sufrir lesiones severas al ser sacudidos.<\/p>\n<p>El pasado a\u00f1o en los Estados Unidos m\u00e1s de 1,200 ni\u00f1os fueron tratados por el s\u00edndrome del beb\u00e9 sacudido. De estas peque\u00f1as v\u00edctimas, el 20% murieron como resultado de sus lesiones. El resto podr\u00edan sufrir complicaciones durante el resto de sus vidas.<\/p>\n<p>\u00bfQu\u00e9 pasa cuando un beb\u00e9 es sacudido?<br \/>\nSacudir a un beb\u00e9 causa una lesi\u00f3n severa al cerebro fr\u00e1gil del beb\u00e9. De hecho:<\/p>\n<p>-20% de beb\u00e9s sacudidos fallecen.<\/p>\n<p>-80% de beb\u00e9s sacudidos pueden tener lesiones serias y discapacidades a largo plazo que incluyen:<\/p>\n<p>Da\u00f1o cerebral<br \/>\nCeguera<br \/>\nSordera o p\u00e9rdida auditiva<br \/>\nLesi\u00f3n de la m\u00e9dula espinal o par\u00e1lisis<br \/>\nPar\u00e1lisis cerebral<br \/>\nConvulsiones<br \/>\nTrastorno motor severo<br \/>\nRetraso mental<br \/>\nIncapacidades del habla o del aprendizaje<\/p>\n<p>\u00bfPor qu\u00e9 alguien sacudir\u00eda a un beb\u00e9?<br \/>\nEl s\u00edndrome del beb\u00e9 sacudido puede ocurrir cuando un padre, madre o cuidador se frustra y pierde el control, incluso s\u00f3lo durante un momento. Esto ocurre a menudo cuando el beb\u00e9 se pone latoso y llora por tiempo extenso.<\/p>\n<p>La raz\u00f3n n\u00famero uno que solemos o\u00edr cuando alguien sacude a un beb\u00e9 es &#8220;S\u00f3lo quer\u00eda que el llanto parara&#8221;. La sacudida usualmente ocurre cuando padres, ni\u00f1eras u otros cuidadores se frustran y pierden el control debido al llanto persistente.<\/p>\n<p>Otra causa es el intento de \u201creanimarlo\u201d ante una situaci\u00f3n que el cuidador entiende como amenazante para su vida (un espasmo del sollozo, un atragantamiento o un ataque de tos).<\/p>\n<p>Lanzar al beb\u00e9 al aire jugando no conlleva riesgo de da\u00f1o cerebral, siempre y cuando el juego no sea muy violento (lanzar de manera repetida a alturas mayores de 20 cm). Sin embargo, hay que evitar este tipo de juegos porque el ni\u00f1o se puede caer y lesionarse.<\/p>\n<p>Tomado de:<br \/>\nChildren&#8217;s Hospital Colorado. La realidad del s\u00edndrome del beb\u00e9 sacudido. [Internet]. 2021 [actualizado Oct 2021; citado 27 Oct 2021]. Disponible en: https:\/\/www.childrenscolorado.org\/es\/conditions-and-advice\/calma-un-bebe-que-llora\/para-padres\/la-realidad-del-sbs\/<\/p>\n<p>S\u00edndrome del ni\u00f1o zarandeado. En familiaAEP: Asociaci\u00f3n Espa\u00f1ola de Pediatr\u00eda [Internet]. 2021 [actualizado Oct 2021; citado 27 Oct 2021]. Disponible en: https:\/\/enfamilia.aeped.es\/prevencion\/sindrome-nino-zarandeado<\/p>\n","protected":false},"excerpt":{"rendered":"<p>\u00bfQu\u00e9 es el s\u00edndrome del ni\u00f1o sacudido? Tambi\u00e9n conocido como S\u00edndrome del beb\u00e9 sacudido, o s\u00edndrome del beb\u00e9 zarandeado, es el diagn\u00f3stico resultado de un conjunto de lesiones serias, a veces fatales y discapacidades permanentes que pueden ocurrir cuando lactantes o ni\u00f1os peque\u00f1os son sacudidos violentamente o sus cabezas son golpeadas. No s\u00f3lo es un [&hellip;]<\/p>\n","protected":false},"author":208,"featured_media":0,"parent":0,"menu_order":0,"comment_status":"closed","ping_status":"closed","template":"","meta":[],"_links":{"self":[{"href":"https:\/\/blogs.sld.cu\/ninosacudido\/wp-json\/wp\/v2\/pages\/18"}],"collection":[{"href":"https:\/\/blogs.sld.cu\/ninosacudido\/wp-json\/wp\/v2\/pages"}],"about":[{"href":"https:\/\/blogs.sld.cu\/ninosacudido\/wp-json\/wp\/v2\/types\/page"}],"author":[{"embeddable":true,"href":"https:\/\/blogs.sld.cu\/ninosacudido\/wp-json\/wp\/v2\/users\/208"}],"replies":[{"embeddable":true,"href":"https:\/\/blogs.sld.cu\/ninosacudido\/wp-json\/wp\/v2\/comments?post=18"}],"version-history":[{"count":4,"href":"https:\/\/blogs.sld.cu\/ninosacudido\/wp-json\/wp\/v2\/pages\/18\/revisions"}],"predecessor-version":[{"id":66,"href":"https:\/\/blogs.sld.cu\/ninosacudido\/wp-json\/wp\/v2\/pages\/18\/revisions\/66"}],"wp:attachment":[{"href":"https:\/\/blogs.sld.cu\/ninosacudido\/wp-json\/wp\/v2\/media?parent=18"}],"curies":[{"name":"wp","href":"https:\/\/api.w.org\/{rel}","templated":true}]}}