{"id":20,"date":"2021-01-30T05:17:34","date_gmt":"2021-01-30T05:17:34","guid":{"rendered":"http:\/\/blogs.sld.cu\/ninosacudido\/?page_id=20"},"modified":"2021-11-28T07:47:18","modified_gmt":"2021-11-28T07:47:18","slug":"causassintomas","status":"publish","type":"page","link":"https:\/\/blogs.sld.cu\/ninosacudido\/causassintomas\/","title":{"rendered":"Causas\/S\u00edntomas"},"content":{"rendered":"<p><a href=\"http:\/\/blogs.sld.cu\/ninosacudido\/files\/2021\/01\/ni\u00f1o-sacudido111jjjj.jpg\">Ca<img loading=\"lazy\" class=\" wp-image-48 aligncenter\" src=\"http:\/\/blogs.sld.cu\/ninosacudido\/files\/2021\/01\/ni\u00f1o-sacudido111jjjj.jpg\" alt=\"ni\u00f1o sacudido111jjjj\" width=\"582\" height=\"393\" srcset=\"https:\/\/blogs.sld.cu\/ninosacudido\/files\/2021\/01\/ni\u00f1o-sacudido111jjjj.jpg 1160w, https:\/\/blogs.sld.cu\/ninosacudido\/files\/2021\/01\/ni\u00f1o-sacudido111jjjj-300x202.jpg 300w, https:\/\/blogs.sld.cu\/ninosacudido\/files\/2021\/01\/ni\u00f1o-sacudido111jjjj-1024x690.jpg 1024w, https:\/\/blogs.sld.cu\/ninosacudido\/files\/2021\/01\/ni\u00f1o-sacudido111jjjj-250x169.jpg 250w\" sizes=\"(max-width: 582px) 100vw, 582px\" \/><\/a><\/p>\n<p><strong>Causas<\/strong><\/p>\n<p>La agitaci\u00f3n violenta de la cabeza del ni\u00f1o. Es una forma de <strong>maltrato infanti<\/strong>l, que puede traer serias consecuencias para el ni\u00f1o,desde discapacidad hasta la muerte.<\/p>\n<p><strong>S\u00edntomas<\/strong><\/p>\n<ul class=\"i8Z77e\">\n<li class=\"TrT0Xe\">Agitaci\u00f3n o irritabilidad extrema.<\/li>\n<li class=\"TrT0Xe\">Dificultad para permanecer despierto.<\/li>\n<li class=\"TrT0Xe\">Problemas respiratorios.<\/li>\n<li class=\"TrT0Xe\">Alimentaci\u00f3n deficiente.<\/li>\n<li class=\"TrT0Xe\">V\u00f3mitos.<\/li>\n<li class=\"TrT0Xe\">Palidez o color azulado en la piel.<\/li>\n<li class=\"TrT0Xe\">Convulsiones.<\/li>\n<li class=\"TrT0Xe\">Par\u00e1lisis.<\/li>\n<\/ul>\n","protected":false},"excerpt":{"rendered":"<p>Ca Causas La agitaci\u00f3n violenta de la cabeza del ni\u00f1o. Es una forma de maltrato infantil, que puede traer serias consecuencias para el ni\u00f1o,desde discapacidad hasta la muerte. S\u00edntomas Agitaci\u00f3n o irritabilidad extrema. Dificultad para permanecer despierto. Problemas respiratorios. Alimentaci\u00f3n deficiente. V\u00f3mitos. Palidez o color azulado en la piel. Convulsiones. Par\u00e1lisis.<\/p>\n","protected":false},"author":208,"featured_media":0,"parent":0,"menu_order":0,"comment_status":"closed","ping_status":"closed","template":"","meta":[],"_links":{"self":[{"href":"https:\/\/blogs.sld.cu\/ninosacudido\/wp-json\/wp\/v2\/pages\/20"}],"collection":[{"href":"https:\/\/blogs.sld.cu\/ninosacudido\/wp-json\/wp\/v2\/pages"}],"about":[{"href":"https:\/\/blogs.sld.cu\/ninosacudido\/wp-json\/wp\/v2\/types\/page"}],"author":[{"embeddable":true,"href":"https:\/\/blogs.sld.cu\/ninosacudido\/wp-json\/wp\/v2\/users\/208"}],"replies":[{"embeddable":true,"href":"https:\/\/blogs.sld.cu\/ninosacudido\/wp-json\/wp\/v2\/comments?post=20"}],"version-history":[{"count":7,"href":"https:\/\/blogs.sld.cu\/ninosacudido\/wp-json\/wp\/v2\/pages\/20\/revisions"}],"predecessor-version":[{"id":80,"href":"https:\/\/blogs.sld.cu\/ninosacudido\/wp-json\/wp\/v2\/pages\/20\/revisions\/80"}],"wp:attachment":[{"href":"https:\/\/blogs.sld.cu\/ninosacudido\/wp-json\/wp\/v2\/media?parent=20"}],"curies":[{"name":"wp","href":"https:\/\/api.w.org\/{rel}","templated":true}]}}