{"id":22,"date":"2021-01-30T05:18:23","date_gmt":"2021-01-30T05:18:23","guid":{"rendered":"http:\/\/blogs.sld.cu\/ninosacudido\/?page_id=22"},"modified":"2021-12-10T20:27:22","modified_gmt":"2021-12-10T20:27:22","slug":"diagnosticotratamiento","status":"publish","type":"page","link":"https:\/\/blogs.sld.cu\/ninosacudido\/diagnosticotratamiento\/","title":{"rendered":"Diagn\u00f3stico\/Tratamiento"},"content":{"rendered":"<p style=\"text-align: left;\">Los ni\u00f1os con este grave problema de salud, deben ser revisados por varios especialistas. neur\u00f3logo, oftalm\u00f3logo, especialista en maltrato infantil, ya que en la sacudida violenta, se pueden afectar varios \u00f3rganos, e incluso pueden haber fracturas. As\u00ed mismo se puede saber si edxisten lesiones anteriores. A veces se le designa como la &#8220;<strong>triada&#8221;, ya que incluye 3 eventos importantes: hematoma subdural, hemorragia retinal, y edema cerebral.<\/strong><\/p>\n<p style=\"text-align: left;\">El hematoma subdural, es producto de la rotura de los vasos sanguineos y sangrado entre la meninge (duramadre) que es la m\u00e0s pegada al cerebro<\/p>\n<p style=\"text-align: left;\">La hemorrag\u00eca retinal, es por rotura y sangrado de los vasos sangu\u00ecneos de la retina del ojo. Y el edema por la inflamaci\u00f2n del tejido del cerebro., es fundamental la revision por un oftalm\u00f3logo.<\/p>\n<p style=\"text-align: left;\">Eldiagn\u00f3stico incluye el ex\u00e1men f\u00b4psico, neurol\u00f3gico y de im\u00e1genes del cerebro y cuerpo del paciente, seg\u00fan las evidencias de los ex\u00e1menes anteriores. Se utilizar\u00e1n Tomograf\u00eda y otros recursos.<\/p>\n<p style=\"text-align: left;\">Esta es una urgencia m\u00e9dica y el tratamiento estar\u00e1 en funci\u00f3n de lo que diagnostique el equipo m\u00e9dico.<\/p>\n","protected":false},"excerpt":{"rendered":"<p>Los ni\u00f1os con este grave problema de salud, deben ser revisados por varios especialistas. neur\u00f3logo, oftalm\u00f3logo, especialista en maltrato infantil, ya que en la sacudida violenta, se pueden afectar varios \u00f3rganos, e incluso pueden haber fracturas. As\u00ed mismo se puede saber si edxisten lesiones anteriores. A veces se le designa como la &#8220;triada&#8221;, ya que [&hellip;]<\/p>\n","protected":false},"author":208,"featured_media":0,"parent":0,"menu_order":0,"comment_status":"closed","ping_status":"closed","template":"","meta":[],"_links":{"self":[{"href":"https:\/\/blogs.sld.cu\/ninosacudido\/wp-json\/wp\/v2\/pages\/22"}],"collection":[{"href":"https:\/\/blogs.sld.cu\/ninosacudido\/wp-json\/wp\/v2\/pages"}],"about":[{"href":"https:\/\/blogs.sld.cu\/ninosacudido\/wp-json\/wp\/v2\/types\/page"}],"author":[{"embeddable":true,"href":"https:\/\/blogs.sld.cu\/ninosacudido\/wp-json\/wp\/v2\/users\/208"}],"replies":[{"embeddable":true,"href":"https:\/\/blogs.sld.cu\/ninosacudido\/wp-json\/wp\/v2\/comments?post=22"}],"version-history":[{"count":10,"href":"https:\/\/blogs.sld.cu\/ninosacudido\/wp-json\/wp\/v2\/pages\/22\/revisions"}],"predecessor-version":[{"id":129,"href":"https:\/\/blogs.sld.cu\/ninosacudido\/wp-json\/wp\/v2\/pages\/22\/revisions\/129"}],"wp:attachment":[{"href":"https:\/\/blogs.sld.cu\/ninosacudido\/wp-json\/wp\/v2\/media?parent=22"}],"curies":[{"name":"wp","href":"https:\/\/api.w.org\/{rel}","templated":true}]}}