{"id":72,"date":"2021-10-29T11:29:54","date_gmt":"2021-10-29T11:29:54","guid":{"rendered":"https:\/\/blogs.sld.cu\/ninosacudido\/?page_id=72"},"modified":"2021-12-15T19:02:05","modified_gmt":"2021-12-15T19:02:05","slug":"por-que-llora-un-bebe-y-como-calmarlo","status":"publish","type":"page","link":"https:\/\/blogs.sld.cu\/ninosacudido\/por-que-llora-un-bebe-y-como-calmarlo\/","title":{"rendered":"Por qu\u00e8 llora un beb\u00e8  y c\u00f2mo calmarlo"},"content":{"rendered":"<p><strong>\u00bfC\u00f3mo calmar a un beb\u00e9 que llora<\/strong>?<\/p>\n<p>&nbsp;<\/p>\n<p>Primero rev\u00edselo para saber si el beb\u00e9 tiene alguna necesidad f\u00edsica:<\/p>\n<p>Usted lo puede saber, por la hora, si a\u00fan no lo ha alimentado, si llora despu\u00e9s de comer, si es la hora del sue\u00f1o.<\/p>\n<p>&nbsp;<\/p>\n<p><strong>\u00a0\u00a0\u00a0 \u00bfTiene hambre?<\/strong><\/p>\n<p><strong>\u00a0\u00a0\u00a0 \u00bfTiene sed? <\/strong>Ofr\u00e9zcale agua.<\/p>\n<p><strong>\u00a0\u00a0\u00a0 \u00bfTiene\u00a0 gases?<\/strong><\/p>\n<p><strong>\u00a0\u00a0\u00a0 <\/strong><\/p>\n<p><strong>\u00a0<\/strong><\/p>\n<p><strong>\u00a0\u00a0\u00a0 \u00bfTiene fr\u00edo o calor?<\/strong><\/p>\n<p><strong>\u00a0\u00a0\u00a0 \u00bfTiene el pa\u00f1al sucio? <\/strong><\/p>\n<p>&nbsp;<\/p>\n<p><a href=\"http:\/\/blogs.sld.cu\/ninosacudido\/files\/2021\/12\/3IBEVRQ6YBAJFPN7IPLPWNE7K4.jpg\"><img loading=\"lazy\" class=\"alignnone size-medium wp-image-118\" src=\"http:\/\/blogs.sld.cu\/ninosacudido\/files\/2021\/12\/3IBEVRQ6YBAJFPN7IPLPWNE7K4-300x225.jpg\" alt=\"Ni\u00f1o llorando\" width=\"300\" height=\"225\" srcset=\"https:\/\/blogs.sld.cu\/ninosacudido\/files\/2021\/12\/3IBEVRQ6YBAJFPN7IPLPWNE7K4-300x225.jpg 300w, https:\/\/blogs.sld.cu\/ninosacudido\/files\/2021\/12\/3IBEVRQ6YBAJFPN7IPLPWNE7K4-768x576.jpg 768w, https:\/\/blogs.sld.cu\/ninosacudido\/files\/2021\/12\/3IBEVRQ6YBAJFPN7IPLPWNE7K4-250x188.jpg 250w, https:\/\/blogs.sld.cu\/ninosacudido\/files\/2021\/12\/3IBEVRQ6YBAJFPN7IPLPWNE7K4.jpg 800w\" sizes=\"(max-width: 300px) 100vw, 300px\" \/><\/a><\/p>\n<p>Rev\u00edselo para detectar s\u00edntomas de enfermedad o fiebre. Si piensa que el beb\u00e9 est\u00e1 enfermo necesita atenci\u00f3n m\u00e9dica inmediatamente. Si beb\u00e9 se encuentra sano, distr\u00e1igalo con otra actividad.<\/p>\n<p><strong> \u00bfC\u00f3mo calmar a un beb\u00e9 que llora?<\/strong><\/p>\n<p><strong>Si su<\/strong> beb\u00e9 se encuentra sano<br \/>\nSi su beb\u00e9 no tiene ninguna necesidad f\u00edsica, intente uno de estos consejos para calmar al bebe cuando est\u00e9 llorando:<\/p>\n<p>M\u00e9zalo, c\u00e1rguelo cerca de su cuerpo o camine con \u00e9l bebe. Cambie de posici\u00f3n.<br \/>\nP\u00f3ngase de pie, si est\u00e1 sentada ,c\u00e1rguelo cerca de su cuerpo y doble sus rodillas varias veces.<br \/>\nC\u00e1ntele o h\u00e1blele con un tono de voz tranquilo y suave.Ponga musica.<br \/>\nSuavemente s\u00f3bele o acar\u00edciele la espalda, el pecho o el est\u00f3mago.<br \/>\nOfr\u00e9zcale su tetera o distr\u00e1igalo con un juguete que suene. En ese momento en que est\u00e9 llorando, no le d\u00e9 cosas prohibidas que le haya negado anteriormente, es un gran error.<br \/>\nEnvu\u00e9lvalo con una manta o pa\u00f1al suave.<br \/>\nLl\u00e9velo a dar una vuelta por la casa o en su en su cochecito o en el auto usando el asiento de seguridad.<br \/>\nTambi\u00e9n la m\u00fasica tranquila o un ruido mon\u00f3tono, puede ayudar a calmarlo.<br \/>\nProcure cada una de las opciones durante algunos minutos antes de intentar algo m\u00e1s, tambi\u00e9n puede intentar algunas de estas opciones simult\u00e1neamente.<\/p>\n<p>Si nada funciona, est\u00e1 bien dejar al beb\u00e9 en un lugar seguro, como en su cuna o en un asiento infantil, d\u00e9jele al alcance de su mano, su juguete favorito o un juguete nuevo y t\u00f3mese,\u00a0\u00a0 un momento para calmarse. Salga de la habitaci\u00f3n, cierre la puerta y respire profundamente varias veces. Llame a un amigo o miembro de la familia. Ver\u00e1 que su ni\u00f1o se va calmando y le llamar\u00e1 la atenci\u00f3n lo que dej\u00f3 a su lado.<\/p>\n<p>Siempre deber\u00eda responder al llanto de su beb\u00e9. Algunas veces no importa lo que intente es probable que no logre detener el llanto. Si se siente agobiada\/o y su beb\u00e9 no deja de llorar, recuerde:<\/p>\n<p>Todos los beb\u00e9s lloran, es como ellos se comunican.<br \/>\nSu beb\u00e9 puede llorar bastante y es posible que esto aumente hasta que cumpla 4 o 5 meses.<br \/>\nCon frecuencia los beb\u00e9s lloran m\u00e1s en la noche.<br \/>\nEl llanto puede durar de 30 a 40 minutos o m\u00e1s. Los beb\u00e9s pueden llorar hasta 4 o 5 horas al d\u00eda.<br \/>\nCon frecuencia, los beb\u00e9s pueden lloran con intensidad cuando no tienen dolor aunque puede parecer que tienen dolor.<br \/>\nA veces su beb\u00e9 necesita llorar para descargar estr\u00e9s, est\u00e1 bien que lo deje llorar.<br \/>\nEl llanto puede empezar y detenerse sin que usted sepa el motivo.<br \/>\nEs posible que el llanto no se detenga durante mucho tiempo sin importar lo que usted intente.<br \/>\nEn alg\u00fan momento el llanto se detendr\u00e1. Nuy importante es el cambio de actividad. Si el beb\u00e9 est\u00e1 durmiendo y se despierta llorando, es que posiblemente estaba so\u00f1ando, c\u00e1rgelo y abr\u00e1celo. y siga los consejos anteriores. Los ni\u00f1os sue\u00f1an y no siempre son sue\u00f1os agradables. Cuando est\u00e0 dormido y sonr\u00ede, entonces si se trata de un sue\u00f1o lindo. Los sue\u00f1os tambi\u00e8n dan en los ni\u00f1os, alegr\u00edas y temores. Cuando el ni\u00f1o habl\u00e9, acost\u00fambrelo a que le cuente sus sue\u00f1os. Los use\u00f1os dan mucha informaci\u00f3n a los padres y a los m\u00e9dicos.<\/p>\n<p><a href=\"http:\/\/blogs.sld.cu\/ninosacudido\/files\/2021\/12\/madre-bebe.jpg\"><img loading=\"lazy\" class=\"alignnone size-full wp-image-121\" src=\"http:\/\/blogs.sld.cu\/ninosacudido\/files\/2021\/12\/madre-bebe.jpg\" alt=\"mama y su bebe comunicacion sin palabras\" width=\"275\" height=\"183\" srcset=\"https:\/\/blogs.sld.cu\/ninosacudido\/files\/2021\/12\/madre-bebe.jpg 275w, https:\/\/blogs.sld.cu\/ninosacudido\/files\/2021\/12\/madre-bebe-250x166.jpg 250w\" sizes=\"(max-width: 275px) 100vw, 275px\" \/><\/a><\/p>\n<p>&nbsp;<\/p>\n<p>Nunca deje a su ni\u00f1o llorando solo, averigue el motivo del llanto. Tenemos el deber y la obligaci\u00f3n de \u00f2rmar hombres sanos de mente y de cuerpo.<\/p>\n","protected":false},"excerpt":{"rendered":"<p>\u00bfC\u00f3mo calmar a un beb\u00e9 que llora? &nbsp; Primero rev\u00edselo para saber si el beb\u00e9 tiene alguna necesidad f\u00edsica: Usted lo puede saber, por la hora, si a\u00fan no lo ha alimentado, si llora despu\u00e9s de comer, si es la hora del sue\u00f1o. &nbsp; \u00a0\u00a0\u00a0 \u00bfTiene hambre? \u00a0\u00a0\u00a0 \u00bfTiene sed? Ofr\u00e9zcale agua. \u00a0\u00a0\u00a0 \u00bfTiene\u00a0 gases? [&hellip;]<\/p>\n","protected":false},"author":208,"featured_media":0,"parent":0,"menu_order":0,"comment_status":"closed","ping_status":"closed","template":"","meta":[],"_links":{"self":[{"href":"https:\/\/blogs.sld.cu\/ninosacudido\/wp-json\/wp\/v2\/pages\/72"}],"collection":[{"href":"https:\/\/blogs.sld.cu\/ninosacudido\/wp-json\/wp\/v2\/pages"}],"about":[{"href":"https:\/\/blogs.sld.cu\/ninosacudido\/wp-json\/wp\/v2\/types\/page"}],"author":[{"embeddable":true,"href":"https:\/\/blogs.sld.cu\/ninosacudido\/wp-json\/wp\/v2\/users\/208"}],"replies":[{"embeddable":true,"href":"https:\/\/blogs.sld.cu\/ninosacudido\/wp-json\/wp\/v2\/comments?post=72"}],"version-history":[{"count":20,"href":"https:\/\/blogs.sld.cu\/ninosacudido\/wp-json\/wp\/v2\/pages\/72\/revisions"}],"predecessor-version":[{"id":136,"href":"https:\/\/blogs.sld.cu\/ninosacudido\/wp-json\/wp\/v2\/pages\/72\/revisions\/136"}],"wp:attachment":[{"href":"https:\/\/blogs.sld.cu\/ninosacudido\/wp-json\/wp\/v2\/media?parent=72"}],"curies":[{"name":"wp","href":"https:\/\/api.w.org\/{rel}","templated":true}]}}