{"id":4003,"date":"2017-09-28T04:20:58","date_gmt":"2017-09-28T04:20:58","guid":{"rendered":"http:\/\/blogs.sld.cu\/oserranob\/?page_id=4003"},"modified":"2017-10-23T19:39:14","modified_gmt":"2017-10-23T19:39:14","slug":"formacion","status":"publish","type":"page","link":"https:\/\/blogs.sld.cu\/oserranob\/formacion\/","title":{"rendered":"FORMACI\u00d3N"},"content":{"rendered":"<p style=\"text-align: justify\">En esta p\u00e1gina se recogen art\u00edculos cient\u00edficos publicados, relacionados con la formaci\u00f3n profesional sobre las tecnolog\u00edas \u00f3micas.<\/p>\n<p style=\"text-align: justify\">&#8211; Nakamura S, Narimatsu H, Katayama K, Sho R, Yoshioka T, Fukao A, <em>et al<\/em>. <a title=\"Texto completo en ingl\u00e9s\" href=\"http:\/\/www.nature.com\/jhg\/journal\/v62\/n9\/full\/jhg201750a.html\">Effect of genomics-related literacy on non-communicable diseases<\/a>. Journal of Human Genetics 2017;62:839\u2013846.<br \/> &#8211; Roberts MC, Kennedy AE, Chambers DA, Khoury MJ. <a title=\"Texto completo en ingl\u00e9s\" href=\"http:\/\/www.nature.com\/gim\/journal\/v19\/n8\/full\/gim2016210a.html\" target=\"_blank\">The current state of implementation science in genomic medicine: opportunities for improvement<\/a>. Genetics in Medicine 2017;19:858\u2013863.<br \/> &#8211; Pritchard DE, Moeckel F, Villa MS, Housman LT, McCarty CA, McLeod HL. Strategies for integrating personalized medicine into healthcare practice. Personalized Medicine March 2017;14(2):141-152.<br \/> &#8211; Machluf Y, Gelbart H, Ben-Dor S, Yarden A. <a title=\"Texto completo en ingl\u00e9s\" href=\"http:\/\/bib.oxfordjournals.org\/content\/18\/1\/145.full\" target=\"_blank\">Making authentic science accessible-the benefits and challenges of integrating bioinformatics into a high-school science curriculum<\/a>. Brief Bioinform. 2017 Jan;18(1):145-159.<br \/> &#8211; Welch L, Brooksbank C, Schwartz R, Morgan SL, Gaeta B, Kilpatrick AM, <em>et al<\/em>. <a title=\"Texto completo en ingl\u00e9s\" href=\"http:\/\/journals.plos.org\/ploscompbiol\/article?id=10.1371\/journal.pcbi.1004943\" target=\"_blank\">Applying, Evaluating and Refining Bioinformatics Core Competencies (An Update from the Curriculum Task Force of ISCB\u2019s Education Committee)<\/a>. PLoS Comput Biol 2016;12(5):e1004943.<br \/> &#8211; Schiffthaler B, Kostadima M, NGS Trainer Consortium, Delhomme N, Rustici G. <a title=\"Texto completo en ingl\u00e9s\" href=\"http:\/\/journals.plos.org\/ploscompbiol\/article?id=10.1371\/journal.pcbi.1004937\" target=\"_blank\">Training in High-Throughput Sequencing: Common Guidelines to Enable Material Sharing, Dissemination, and Reusability<\/a>. PLoS Comput Biol 2016;12(6):e1004937.<\/p>\n<p style=\"text-align: justify\">&#8211; Brazas MD, Ouellette BFF. <a title=\"Texto completo en ingl\u00e9s\" href=\"http:\/\/journals.plos.org\/ploscompbiol\/article?id=10.1371%2Fjournal.pcbi.1004916\" target=\"_blank\">Continuing Education Workshops in Bioinformatics Positively Impact Research and Careers<\/a>. PLoS Comput Biol 2016;12(6):e1004916.<br \/> &#8211; Reed EK, Johansen Taber KA, Ingram Nissen T, Schott S, Dowling LO, O&#8217;Leary JC, <em>et al<\/em>. <a title=\"Texto completo en ingl\u00e9s\" href=\"http:\/\/www.nature.com\/gim\/journal\/v18\/n7\/full\/gim2015144a.html\" target=\"_blank\">What works in genomics education: outcomes of an evidenced-based instructional model for community-based physicians<\/a>. Genetics in Medicine 2016;18:737\u2013745.<br \/> &#8211; McGrath S, Ghersi D. <a title=\"Texto completo en ingl\u00e9s\" href=\"http:\/\/bmcmedgenomics.biomedcentral.com\/articles\/10.1186\/s12920-016-0183-8\" target=\"_blank\">Building towards precision medicine: empowering medical professionals for the next revolution<\/a>. BMC Medical Genomics 2016;9:23.<br \/> &#8211; Linderman MD, Bashir A, Diaz GA, Kasarskis A, Sanderson SC, Zinberg RE, <em>et al<\/em>. <a title=\"Texto completo en ingl\u00e9s\" href=\"http:\/\/www.biomedcentral.com\/1755-8794\/8\/47\" target=\"_blank\">Preparing the next generation of genomicists: a laboratory-style course in medical genomics<\/a>. BMC Medical Genomics 2015;8:47.<br \/> &#8211; Schrijver I, Farkas DH, Gibson JS, Lyon E. <a title=\"Texto completo en ingl\u00e9s\" href=\"http:\/\/www.sciencedirect.com\/science\/article\/pii\/S1525157815000719\" target=\"_blank\">The Evolving Role of the Laboratory Professional in the Age of Genome Sequencing. A Vision of the Association for Molecular Pathology<\/a>. The Journal of Molecular Diagnostics July 2015;17(4):335\u2013338.<br \/> &#8211; Jenkins J, Calzone KA, Caskey S, Culp S, Weiner M, Badzek L. <a title=\"Texto completo en ingl\u00e9s\" href=\"http:\/\/onlinelibrary.wiley.com\/enhanced\/doi\/10.1111\/jnu.12131\/\" target=\"_blank\">Methods of Genomic Competency Integration in Practice<\/a>. J Nursing Scholarship 2015;47(3):200\u2013210.<br \/> &#8211; Burke W, Korngiebel DM. <a title=\"Texto completo en ingl\u00e9s\" href=\"http:\/\/journals.plos.org\/plosgenetics\/article?id=10.1371\/journal.pgen.1004978\" target=\"_blank\">Closing the Gap between Knowledge and Clinical Application: Challenges for Genomic Translation<\/a>. PLoS Genet 2015;11(2):e1004978.<br \/> &#8211; Helikar T, Cutucache CE, Dahlquist LM, Herek TA, Larson JJ, <em>et al<\/em>. <a title=\"Texto completo en ingl\u00e9s\" href=\"http:\/\/journals.plos.org\/ploscompbiol\/article?id=10.1371\/journal.pcbi.1004131\" target=\"_blank\">Integrating Interactive Computational Modeling in Biology Curricula<\/a>. PLoS Comput Biol 2015;11(3):e1004131.<br \/> &#8211; Hern\u00e1ndez-Betancourt JC, Serrano-Barrera OR. <a title=\"Texto completo en castellano\" href=\"http:\/\/bvs.sld.cu\/revistas\/spu\/vol40_4_14\/spu12414.htm\" target=\"_blank\">La medicina personalizada, la revoluci\u00f3n gen\u00f3mica y el Sistema Nacional de Salud<\/a>. Rev Cubana Salud P\u00fablica. 2014;40(4).<br \/> &#8211; Barker D, Ferrier DEK, Holland PWH, Mitchell JBO, Plaisier H, Ritchie MG, <em>et al<\/em>. <a title=\"Texto completo en ingl\u00e9s\" href=\"http:\/\/www.biomedcentral.com\/1471-2105\/14\/243\" target=\"_blank\">4273pi: Bioinformatics education on low cost ARM hardware<\/a>. BMC Bioinformatics 2013;14:243.<br \/> &#8211; Appendix. <a title=\"Texto completo en ingl\u00e9s\" href=\"http:\/\/jama.jamanetwork.com\/article.aspx?articleid=1677346\" target=\"_blank\">Glossary of Genomics Terms<\/a>. JAMA 2013;309(14):1533-1535.<\/p>\n","protected":false},"excerpt":{"rendered":"<p>En esta p\u00e1gina se recogen art\u00edculos cient\u00edficos publicados, relacionados con la formaci\u00f3n profesional sobre las tecnolog\u00edas \u00f3micas. &#8211; Nakamura S, Narimatsu H, Katayama K, Sho R, Yoshioka T, Fukao A, et al. Effect of genomics-related literacy on non-communicable diseases. Journal of Human Genetics 2017;62:839\u2013846. &#8211; Roberts MC, Kennedy AE, Chambers DA, Khoury MJ. The current [&hellip;]<\/p>\n","protected":false},"author":125,"featured_media":0,"parent":0,"menu_order":1,"comment_status":"open","ping_status":"closed","template":"","meta":[],"_links":{"self":[{"href":"https:\/\/blogs.sld.cu\/oserranob\/wp-json\/wp\/v2\/pages\/4003"}],"collection":[{"href":"https:\/\/blogs.sld.cu\/oserranob\/wp-json\/wp\/v2\/pages"}],"about":[{"href":"https:\/\/blogs.sld.cu\/oserranob\/wp-json\/wp\/v2\/types\/page"}],"author":[{"embeddable":true,"href":"https:\/\/blogs.sld.cu\/oserranob\/wp-json\/wp\/v2\/users\/125"}],"replies":[{"embeddable":true,"href":"https:\/\/blogs.sld.cu\/oserranob\/wp-json\/wp\/v2\/comments?post=4003"}],"version-history":[{"count":6,"href":"https:\/\/blogs.sld.cu\/oserranob\/wp-json\/wp\/v2\/pages\/4003\/revisions"}],"predecessor-version":[{"id":4011,"href":"https:\/\/blogs.sld.cu\/oserranob\/wp-json\/wp\/v2\/pages\/4003\/revisions\/4011"}],"wp:attachment":[{"href":"https:\/\/blogs.sld.cu\/oserranob\/wp-json\/wp\/v2\/media?parent=4003"}],"curies":[{"name":"wp","href":"https:\/\/api.w.org\/{rel}","templated":true}]}}