{"id":811,"date":"2012-12-20T17:10:52","date_gmt":"2012-12-20T17:10:52","guid":{"rendered":"http:\/\/blogviejo.sld.cu\/oserranob\/?page_id=811"},"modified":"2016-12-28T15:31:45","modified_gmt":"2016-12-28T15:31:45","slug":"libros","status":"publish","type":"page","link":"https:\/\/blogs.sld.cu\/oserranob\/libros\/","title":{"rendered":"LIBROS"},"content":{"rendered":"<p style=\"text-align: justify\">&#8211; Lardoeyt Ferrer R. <a title=\"Texto completo en espa\u00f1ol, PDF\" href=\"http:\/\/www.bvs.sld.cu\/libros\/fundamento_genetica\/cap_4.pdf\" target=\"_blank\"><strong>Polimorfismos gen\u00e9ticos como fuente de diversidad gen\u00e9tica<\/strong><\/a>. En su: <a title=\"Texto completo en espa\u00f1ol\" href=\"http:\/\/www.bvs.sld.cu\/libros\/fundamento_genetica\/indice_p.htm\" target=\"_blank\">Fundamentos de gen\u00e9tica m\u00e9dica poblacional<\/a>. La Habana: <a title=\"Sitio de ECiMed\" href=\"http:\/\/www.ecimed.sld.cu\/\" target=\"_blank\">Editorial Ciencias M\u00e9dicas<\/a>, 2016.<\/p>\n<p>&#8211; Olson S. <strong><a title=\"Texto completo en ingl\u00e9s\" href=\"http:\/\/www.ncbi.nlm.nih.gov\/books\/NBK343652\/\" target=\"_blank\">International Summit on Human Gene Editing. A Global Discussion<\/a><\/strong>. Washington (DC): National Academies Press (US); 2016 Jan 1.<\/p>\n<p>&#8211; Institute of Medicine (US). Sharing Clinical Research Data: Workshop Summary. Washington (DC): National Academies Press (US); 2013 Mar 29. <a title=\"Texto completo en ingl\u00e9s\" href=\"http:\/\/www.ncbi.nlm.nih.gov\/books\/NBK137826\/\" target=\"_blank\"><strong>ROUNDTABLE ON TRANSLATING GENOMIC-BASED RESEARCH FOR HEALTH<\/strong><\/a>.<\/p>\n<p>&#8211; Lopez-Camarillo C, Arechaga-Ocampo E. <strong><a title=\"Texto completo\" href=\"http:\/\/www.intechopen.com\/books\/oncogenomics-and-cancer-proteomics-novel-approaches-in-biomarkers-discovery-and-therapeutic-targets-in-cancer\" target=\"_blank\">Oncogenomics and Cancer Proteomics &#8211; Novel Approaches in Biomarkers Discovery and Therapeutic Targets in Cancer<\/a><\/strong>. InTech, 2013.<\/p>\n<p>&#8211; Sanoudou D. <strong><a title=\"Texto completo\" href=\"http:\/\/www.intechopen.com\/books\/clinical-applications-of-pharmacogenetics\" target=\"_blank\">Clinical Applications of Pharmacogenetics<\/a><\/strong>. InTech, 2012.<\/p>\n<p>&#8211; Taha MO. <strong><a title=\"Texto completo\" href=\"http:\/\/www.intechopen.com\/books\/virtual-screening\" target=\"_blank\">Virtual Screening<\/a><\/strong>. InTech, 2012.<\/p>\n<p>&#8211; Agostino M. Practical Bioinformatics. Garland Science, 2012. <a title=\"Texto completo en PDF\" href=\"http:\/\/www.garlandscience.com\/res\/pdf\/practicalbioinformatics_ch3.pdf\" target=\"_blank\"><strong>Chapter 3<\/strong><\/a>.<\/p>\n<p>&#8211; DeSalle R, Rosenfeld J. Phylogenomics. Garland Science, 2012. <a title=\"Texto en PDF\" href=\"http:\/\/www.garlandscience.com\/res\/pdf\/9780815342113_ch1_proof.pdf\" target=\"_blank\"><strong>Chapter 1: Why Phylogenomics Matters<\/strong><\/a>.<\/p>\n<p>&#8211; P\u00e9rez-S\u00e1nchez H. <a title=\"Texto completo\" href=\"http:\/\/www.intechopen.com\/books\/bioinformatics\" target=\"_blank\"><strong>Bioinformatics<\/strong><\/a>. InTech, 2012.<\/p>\n<p>&#8211; Munshi A. <a href=\"http:\/\/www.intechopen.com\/books\/dna-sequencing-methods-and-applications\" target=\"_blank\"><strong>DNA Sequencing \u2013 Methods and Applications<\/strong><\/a>. InTech, 2012.<\/p>\n<p>&#8211; Tatarinova T, Kerton O. <a href=\"http:\/\/www.intechopen.com\/books\/dna-methylation-from-genomics-to-technology\" target=\"_blank\"><strong>DNA Methylation \u2013 From Genomics to Technology<\/strong><\/a>. InTech,\u00a0 2012.<\/p>\n<p>&#8211; Mahdavi MA. <strong><a title=\"Texto completo\" href=\"http:\/\/www.intechopen.com\/books\/bioinformatics-trends-and-methodologies\" target=\"_blank\">Bioinformatics &#8211; Trends and Methodologies<\/a><\/strong>. InTech, 2011.<\/p>\n<p>&#8211; Yang NS. <a title=\"Texto completo\" href=\"http:\/\/www.intechopen.com\/books\/systems-and-computational-biology-molecular-and-cellular-experimental-systems\" target=\"_blank\"><strong>Systems and Computational Biology &#8211; Molecular and Cellular Experimental Systems<\/strong><\/a>. InTech, 2011.<\/p>\n<p>&#8211; Yang NS. <a title=\"Texto completo\" href=\"http:\/\/www.intechopen.com\/books\/systems-and-computational-biology-bioinformatics-and-computational-modeling\" target=\"_blank\"><strong>Systems and Computational Biology &#8211; Bioinformatics and Computational Modeling<\/strong><\/a>. InTech, 2011.<\/p>\n<p>&#8211; Lopes HS, Magalhaes L. <a title=\"Texto completo\" href=\"http:\/\/www.intechopen.com\/books\/computational-biology-and-applied-bioinformatics\" target=\"_blank\"><strong>Computational Biology and Applied Bioinformatics<\/strong><\/a>. InTech, 2011.<\/p>\n<p>&#8211; Xia X. <a title=\"Texto completo\" href=\"http:\/\/www.intechopen.com\/books\/selected-works-in-bioinformatics\" target=\"_blank\"><strong>Selected Works in Bioinformatics<\/strong><\/a>. InTech, 2011.<\/p>\n<p>&#8211; Monograf\u00eda, <a title=\"PDF\" href=\"http:\/\/sgfm.elcorteingles.es\/SGFM\/FRA\/recursos\/doc\/Monografias\/1419549208_2552009172240.pdf\" target=\"_blank\"><strong>Pruebas gen\u00e9ticas: la era de los genomas personales<\/strong><\/a>. Fundaci\u00f3n Ram\u00f3n Areces y Nature Publishing Group Iberoam\u00e9rica, 2009.<\/p>\n<p>&#8211; Zvelebil M, Baum JO. Understanding Bioinformatics. Garland Science, 2007. <a title=\"Texto completo en PDF\" href=\"http:\/\/www.garlandscience.com\/res\/pdf\/9780815340249_ch01.pdf\" target=\"_blank\"><strong>Chapter 1: The Nucleic Acid World<\/strong><\/a>.<\/p>\n<p>&#8211; Genetic Alliance.<a title=\"PDF\" href=\"http:\/\/www.geneticalliance.org\/sites\/default\/files\/ksc_assets\/publications\/genomics_monograph.pdf\" target=\"_blank\"><strong> Genomics, Cancer Care &amp; Advocacy<\/strong><\/a>. Washington, DC, 2006.<\/p>\n<p>&#8211; Board on Health Promotion and Disease Prevention. <a href=\"http:\/\/www.nap.edu\/openbook.php?record_id=11260&amp;page=1\" target=\"_blank\"><strong>Implications of Genomics for Public Health: Workshop Summary<\/strong><\/a>. National Academy Press, 2005.<\/p>\n<p>&#8211; NIGMS. <a href=\"http:\/\/publications.nigms.nih.gov\/medsforyou\/index_esp.html\" target=\"_blank\"><strong>Medicinas para usted, Estudio de C\u00f3mo sus Genes Pueden Hacer una Diferencia<\/strong><\/a>. NIH, 2005.<\/p>\n<p>&#8211; Khoury MJ<em> et al<\/em>. <a href=\"http:\/\/www.cdc.gov\/genomics\/resources\/books\/HuGE\/\" target=\"_blank\"><strong>Human Genome Epidemiology: A Scientific Foundation for Using Genetic Information to Improve Health and Prevent Disease<\/strong><\/a>. Versi\u00f3n del texto publicado por Oxford University Press, 2004. Brinda acceso a algunos de sus cap\u00edtulos.<\/p>\n<p>&#8211; Beskow LM. <a href=\"http:\/\/www.cdc.gov\/genomics\/resources\/books\/beskow.htm\" target=\"_blank\"><strong>Integrating Genomics into Public Health Policy and Practice<\/strong><\/a>. Cap\u00edtulo del libro Law in Public Health Practice, 2002.<\/p>\n<p>&#8211; Brown TE. <a href=\"http:\/\/www.ncbi.nlm.nih.gov\/books\/bv.fcgi?rid=genomes.TOC&amp;depth=2\" target=\"_blank\"><strong>Genomes<\/strong><\/a>, Segunda edici\u00f3n. Oxford, Wiley-Liss, 2002.<\/p>\n","protected":false},"excerpt":{"rendered":"<p>&#8211; Lardoeyt Ferrer R. Polimorfismos gen\u00e9ticos como fuente de diversidad gen\u00e9tica. En su: Fundamentos de gen\u00e9tica m\u00e9dica poblacional. La Habana: Editorial Ciencias M\u00e9dicas, 2016. &#8211; Olson S. International Summit on Human Gene Editing. A Global Discussion. Washington (DC): National Academies Press (US); 2016 Jan 1. &#8211; Institute of Medicine (US). Sharing Clinical Research Data: Workshop [&hellip;]<\/p>\n","protected":false},"author":125,"featured_media":0,"parent":0,"menu_order":4,"comment_status":"open","ping_status":"closed","template":"","meta":[],"_links":{"self":[{"href":"https:\/\/blogs.sld.cu\/oserranob\/wp-json\/wp\/v2\/pages\/811"}],"collection":[{"href":"https:\/\/blogs.sld.cu\/oserranob\/wp-json\/wp\/v2\/pages"}],"about":[{"href":"https:\/\/blogs.sld.cu\/oserranob\/wp-json\/wp\/v2\/types\/page"}],"author":[{"embeddable":true,"href":"https:\/\/blogs.sld.cu\/oserranob\/wp-json\/wp\/v2\/users\/125"}],"replies":[{"embeddable":true,"href":"https:\/\/blogs.sld.cu\/oserranob\/wp-json\/wp\/v2\/comments?post=811"}],"version-history":[{"count":7,"href":"https:\/\/blogs.sld.cu\/oserranob\/wp-json\/wp\/v2\/pages\/811\/revisions"}],"predecessor-version":[{"id":3620,"href":"https:\/\/blogs.sld.cu\/oserranob\/wp-json\/wp\/v2\/pages\/811\/revisions\/3620"}],"wp:attachment":[{"href":"https:\/\/blogs.sld.cu\/oserranob\/wp-json\/wp\/v2\/media?parent=811"}],"curies":[{"name":"wp","href":"https:\/\/api.w.org\/{rel}","templated":true}]}}