{"id":855,"date":"2013-01-21T09:34:53","date_gmt":"2013-01-21T09:34:53","guid":{"rendered":"http:\/\/blogviejo.sld.cu\/oserranob\/?page_id=855"},"modified":"2022-12-26T19:15:23","modified_gmt":"2022-12-26T19:15:23","slug":"otros-recursos","status":"publish","type":"page","link":"https:\/\/blogs.sld.cu\/oserranob\/otros-recursos\/","title":{"rendered":"RECURSOS"},"content":{"rendered":"<p>Otros materiales y recursos sobre las tecnolog\u00edas \u00f3micas est\u00e1n a su disposici\u00f3n aqu\u00ed.<\/p>\n<p><strong>BOLET\u00cdN GenoMed:<\/strong><\/p>\n<p style=\"text-align: left\">En formato PDF, editado por la C\u00e1tedra Multidisciplinaria de Medicina Gen\u00f3mica, de la <a title=\"UCMLT\" href=\"http:\/\/instituciones.sld.cu\/ucmtunas\/\" target=\"_blank\" rel=\"noopener\">Universidad de Ciencias M\u00e9dicas de Las Tunas<\/a>.<\/p>\n<p style=\"text-align: left\">&#8211; <a title=\"Texto completo en castellano, PDF, 314 kb\" href=\"https:\/\/blogs.sld.cu\/oserranob\/files\/2020\/01\/GenoMed-2019-121.pdf\" target=\"_blank\" rel=\"noopener\"><strong>A\u00f1o 2019;1(2).<\/strong><\/a><\/p>\n<p style=\"text-align: left\">&#8211; <a title=\"Texto completo en castellano, PDF, 266 KB\" href=\"https:\/\/blogs.sld.cu\/oserranob\/files\/2019\/04\/GenoMed-2019-11.pdf\" target=\"_blank\" rel=\"noopener\"><strong>A\u00f1o 2019;1(1).<\/strong><\/a><\/p>\n<p>&nbsp;<\/p>\n<p><strong>SUPERCURSOS:<\/strong><\/p>\n<p>&#8211; <a title=\"PPT, 1 MB\" href=\"http:\/\/uvs.sld.cu\/sites\/default\/files\/usuarios\/grisel\/introduccion_a_la_bioinformatica.ppt\" target=\"_blank\" rel=\"noopener\"><strong>Introducci\u00f3n a la Bioinform\u00e1tica<\/strong><\/a>. En formato .ppt, la descarga redirige al sitio de la <a title=\"Sitio de la UVS, Cuba\" href=\"http:\/\/uvs.sld.cu\/\" target=\"_blank\" rel=\"noopener\">Universidad Virtual de la Salud<\/a> de Cuba.<\/p>\n<p>&#8211; <strong><a href=\"http:\/\/www.pitt.edu\/~super1\/lecture\/lec45821\/index.htm\" target=\"_blank\" rel=\"noopener\">Bioinformatics<\/a><\/strong>. WHO Collaborating Center University of Pittsburgh.<\/p>\n<p>&#8211; <a href=\"http:\/\/www.pitt.edu\/~super1\/lecture\/lec45831\/index.htm\" target=\"_blank\" rel=\"noopener\"><strong>Bioinformatics II<\/strong><\/a>. WHO Collaborating Center University of Pittsburgh.<\/p>\n<p>&#8211; <a href=\"http:\/\/www.pitt.edu\/~super1\/lecture\/lec45781\/index.htm\" target=\"_blank\" rel=\"noopener\"><strong>Finishing the Human Genome<\/strong><\/a>. WHO Collaborating Center University of Pittsburgh.<\/p>\n<p>&#8211; <a href=\"http:\/\/www.pitt.edu\/~super1\/lecture\/lec36331\/index.htm\" target=\"_blank\" rel=\"noopener\"><strong>Bias in Studies of the Human Genome<\/strong><\/a>. WHO Collaborating Center University of Pittsburgh.<\/p>\n<p>&#8211; <a href=\"http:\/\/www.pitt.edu\/~super1\/lecture\/lec38791\/index.htm\" target=\"_blank\" rel=\"noopener\"><strong>Genome Databases<\/strong><\/a>. WHO Collaborating Center University of Pittsburgh.<\/p>\n<p>&#8211; <a href=\"http:\/\/www.pitt.edu\/~super1\/lecture\/lec45801\/index.htm\" target=\"_blank\" rel=\"noopener\"><strong>Genome Databases &#8211; 2<\/strong><\/a>. WHO Collaborating Center University of Pittsburgh.<\/p>\n<p>&#8211; <a href=\"http:\/\/www.pitt.edu\/~super1\/lecture\/lec39421\/index.htm\" target=\"_blank\" rel=\"noopener\"><strong>Genome-Wide Association Studies: Linking Genes to Disease. Part I<\/strong><\/a>. WHO Collaborating Center University of Pittsburgh.<\/p>\n<p>&#8211; <a href=\"http:\/\/www.pitt.edu\/~super1\/lecture\/lec39431\/index.htm\" target=\"_blank\" rel=\"noopener\"><strong>Genome-Wide Association Studies: Linking Genes to Disease. Part II<\/strong><\/a>. WHO Collaborating Center University of Pittsburgh.<\/p>\n<p>&#8211; <a href=\"http:\/\/www.pitt.edu\/~super1\/lecture\/lec38761\/index.htm\" target=\"_blank\" rel=\"noopener\"><strong>Genomics and Bioinformatics<\/strong><\/a>. WHO Collaborating Center University of Pittsburgh.<\/p>\n<p>&#8211; <a href=\"http:\/\/www.pitt.edu\/~super1\/lecture\/lec45741\/index.htm\" target=\"_blank\" rel=\"noopener\"><strong>Genomics Bioinformatics &amp; Medicine<\/strong><\/a>. WHO Collaborating Center University of Pittsburgh.<\/p>\n<p>&#8211; <a href=\"http:\/\/www.pitt.edu\/~super1\/lecture\/lec19301\/index.htm\" target=\"_blank\" rel=\"noopener\"><strong>Human Genome Project. Part I<\/strong><\/a>. WHO Collaborating Center University of Pittsburgh.<\/p>\n<p>&#8211; <a href=\"http:\/\/www.pitt.edu\/~super1\/lecture\/lec19311\/index.htm\" target=\"_blank\" rel=\"noopener\"><strong>Human Genome Project. Part II<\/strong><\/a>. WHO Collaborating Center University of Pittsburgh.<\/p>\n<p>&#8211; <a href=\"http:\/\/www.pitt.edu\/~super1\/lecture\/lec45791\/index.htm\" target=\"_blank\" rel=\"noopener\"><strong>Next Generation Sequencing and Human Genome Databases<\/strong><\/a>. WHO Collaborating Center University of Pittsburgh.<\/p>\n<p>&#8211; <a href=\"http:\/\/www.pitt.edu\/~super1\/lecture\/lec45871\/index.htm\" target=\"_blank\" rel=\"noopener\"><strong>Personal Genomics<\/strong><\/a>. WHO Collaborating Center University of Pittsburgh.<\/p>\n<p>&#8211; <a href=\"http:\/\/www.pitt.edu\/~super1\/lecture\/lec45961\/index.htm\" target=\"_blank\" rel=\"noopener\"><strong>Pharmacogenomics<\/strong><\/a>. WHO Collaborating Center University of Pittsburgh.<\/p>\n<p>&#8211; <a href=\"http:\/\/www.pitt.edu\/~super1\/lecture\/lec45771\/index.htm\" target=\"_blank\" rel=\"noopener\"><strong>Sequencing the Human Genome<\/strong><\/a>. WHO Collaborating Center University of Pittsburgh.<\/p>\n<p>&#8211; <a href=\"http:\/\/www.pitt.edu\/~super1\/lecture\/lec38821\/index.htm\" target=\"_blank\" rel=\"noopener\"><strong>Sequence Alignment<\/strong><\/a>. WHO Collaborating Center University of Pittsburgh.<\/p>\n<p>&nbsp;<\/p>\n<p><strong>CURSOS EN L\u00cdNEA:<\/strong><\/p>\n<p>&#8211; <a title=\"Para ver y escuchar en l\u00ednea\" href=\"http:\/\/www.institutoroche.es\/Formacion_cursos\/V156.html\" target=\"_blank\" rel=\"noopener\"><strong>El Proyecto Genoma Humano, 10 a\u00f1os despu\u00e9s: mitos y realidades<\/strong><\/a>. Instituto Roche, Espa\u00f1a. Celebrado los d\u00edas 8 y 9 de abril de 2011. <strong>Presentaciones contienen audio<\/strong>.<\/p>\n<p>&#8211; <a title=\"Para ver y escuchar en l\u00ednea\" href=\"http:\/\/www.institutoroche.es\/web\/flash\/periodistas2010\/Dopazo\/index.html\" target=\"_blank\" rel=\"noopener\"><strong>Bioinform\u00e1tica y an\u00e1lisis gen\u00f3micos en el estudio de enfermedades raras<\/strong><\/a>. Conferencia dictada por Joaqu\u00edn Dopazo, Director de Gen\u00f3mica Funcional, Centro de Investigaci\u00f3n Pr\u00edncipe Felipe, Valencia, Espa\u00f1a. Hospedado por Instituto Roche, Espa\u00f1a. <strong>Presentaci\u00f3n contiene audio<\/strong>.<\/p>\n<p>&#8211; <a title=\"Acceso a videos y presentaciones\" href=\"http:\/\/www.genome.gov\/27539538\" target=\"_blank\" rel=\"noopener\"><strong>The Human Genome: A Decade of Discovery, Creating a Healthy Future<\/strong><\/a>. NHGRI, EEUU. Junio 7, 2010.<\/p>\n<p>&#8211; <a title=\"Contenidos en html y PDF\" href=\"http:\/\/www.genome.gov\/25019879\" target=\"_blank\" rel=\"noopener\"><strong>Understanding the Human Genome Project<\/strong><\/a>. NHGRI, EEUU. Noviembre 24, 2010.<\/p>\n<p>&#8211; <a title=\"Presentaciones en html\" href=\"http:\/\/www.ornl.gov\/sci\/techresources\/Human_Genome\/publicat\/primer2001\/index.shtml\" target=\"_blank\" rel=\"noopener\"><strong>The Human Genome Project and Beyond<\/strong><\/a>. US Department of Energy. Junio 2008.<\/p>\n<p>&#8211; <a title=\"Para descargar ppt\" href=\"http:\/\/www.institutoroche.es\/Formacion_cursos\/V84.html\" target=\"_blank\" rel=\"noopener\"><strong>Gen\u00f3mica y Prote\u00f3mica en Cl\u00ednica<\/strong><\/a>. Instituto Roche, Espa\u00f1a. 27 de noviembre de 2007.<\/p>\n<p>&#8211; <a title=\"Acceso a videos y presentaciones\" href=\"http:\/\/www.genome.gov\/25522004\" target=\"_blank\" rel=\"noopener\"><strong>Genome-Wide Association Studies for the Rest of Us: Adding Genome-Wide Association to Population Studies<\/strong><\/a>. Boston, Mass., EEUU. Junio 22, 2007.<\/p>\n<p>&nbsp;<\/p>\n<p><strong>COLECCIONES Y OTROS:<\/strong><\/p>\n<p>&#8211; <a title=\"Acceso a Nature Collection\" href=\"https:\/\/www.nature.com\/collections\/eccfeecfae\"><strong>Microbiota intestinal<\/strong><\/a>. Nature Outlook January, 2020.<\/p>\n<p>&#8211; <strong><a title=\"Texto completo en ingl\u00e9s\" href=\"https:\/\/academic.oup.com\/nar\/pages\/crispr_cas_collection\" target=\"_blank\" rel=\"noopener\">CRISPR\/Cas Collection<\/a><\/strong>. Nucleic Acids Research, 2016.<\/p>\n<p>&#8211; <a href=\"http:\/\/www.biomedcentral.com\/collections\/precisioncancermedicine\" target=\"_blank\" rel=\"noopener\"><strong>Precision Cancer Medicine<\/strong><\/a>. Genome Medicine special issue, November 2016.<\/p>\n<p>&#8211; <a href=\"http:\/\/www.nature.com\/nature\/outlook\/precision-medicine\/index.html?WT.mc_id=SFB_NA_1609_PM\" target=\"_blank\" rel=\"noopener\"><strong>Precision medicine<\/strong><\/a>. Nature 2016;537(7619_supp):S49-S96.<\/p>\n<p>&#8211; <a href=\"http:\/\/www.biomedcentral.com\/collections\/diseasegenomics\" target=\"_blank\" rel=\"noopener\"><strong>The Biology of Human Diseases, as Revealed Through Genomics<\/strong><\/a>. Genome Biology November-December 2016.<\/p>\n<p>&#8211; <a title=\"Acceso a colecci\u00f3n de Blood\" href=\"http:\/\/www.bloodjournal.org\/page\/review-series\/gen\" target=\"_blank\" rel=\"noopener\"><strong>Genome Editing in Haematology<\/strong><\/a>. The Blood Journal, Review Series May 26, 2016.<\/p>\n<p>&#8211; <a title=\"Acceso a Colecci\u00f3n de JAMA\" href=\"http:\/\/jama.jamanetwork.com\/collection.aspx?categoryID=5851&amp;page=1\" target=\"_blank\" rel=\"noopener\"><strong>Pharmacogenetics<\/strong><\/a>. JAMA Collections, 2015.<\/p>\n<p>&#8211; <a title=\"Acceso a colecci\u00f3n de Genome Biology\" href=\"http:\/\/www.biomedcentral.com\/collections\/singlecellomics\" target=\"_blank\" rel=\"noopener\"><strong>Single-Cell Omics<\/strong><\/a>. Genome Biology.<\/p>\n<p>&#8211; <a title=\"Acceso a colecci\u00f3n de Genome Biology\" href=\"http:\/\/www.biomedcentral.com\/collections\/genomeediting\" target=\"_blank\" rel=\"noopener\"><strong>Genome editing<\/strong><\/a>. Genome Biology.<\/p>\n<p>&#8211; <a title=\"Acceso a colecci\u00f3n de Genome Medicine\" href=\"http:\/\/www.biomedcentral.com\/collections\/immunogenomics\" target=\"_blank\" rel=\"noopener\"><strong>Immunogenomics in health and disease<\/strong><\/a>. Colecci\u00f3n de Genome Medicine.<\/p>\n<p>&#8211; <a title=\"Acceso a serie en Nature Reviews Genetics\" href=\"http:\/\/www.nature.com\/nrg\/series\/singlecell\/index.html\" target=\"_blank\" rel=\"noopener\"><strong>Single-cell omics<\/strong><\/a>. Serie de Nature Genetics Reviews.<\/p>\n<p>&#8211; <a title=\"Acceso a colecci\u00f3n de PLoS ONE\" href=\"http:\/\/collections.plos.org\/single-cell\" target=\"_blank\" rel=\"noopener\"><strong>Single Cell Genomics<\/strong><\/a>. PLOS ONE 2015.<\/p>\n<p>&#8211; <a title=\"Sitio en NIH\" href=\"http:\/\/www.nih.gov\/research-training\/precision-medicine-initiative\" target=\"_blank\" rel=\"noopener\"><strong>Precision Medicine Initiative<\/strong><\/a>.\u00a0 P\u00e1gina informativa en sitio de Institutos Nacionales de Salud.<\/p>\n<p>&#8211; <a title=\"N\u00famero especial de Nature\" href=\"http:\/\/www.nature.com\/nature\/outlook\/genome-editing\/index.html\" target=\"_blank\" rel=\"noopener\"><strong>Genome editing<\/strong><\/a>. Nature Outlook 2015;528(7580_supp):S1-S48.<\/p>\n<p>&#8211; <a title=\"N\u00famero especial de Nature\" href=\"http:\/\/www.nature.com\/nature\/outlook\/big-data\/\" target=\"_blank\" rel=\"noopener\"><strong>Big data in biomedicine<\/strong><\/a>. Special Nature 2015;527(7576_supp):S1-S19.<\/p>\n<p>&#8211; <a title=\"P\u00e1gina tem\u00e1tica en Nature\" href=\"http:\/\/www.nature.com\/subjects\/computational-biology-and-bioinformatics\" target=\"_blank\" rel=\"noopener\"><strong>Computational biology and bioinformatics<\/strong><\/a>. Nature subject area.<\/p>\n<p>&#8211; <a href=\"http:\/\/www.nature.com\/collections\/dcfqmlgsrw\" target=\"_blank\" rel=\"noopener\"><strong>The 1000 Genomes Project<\/strong><\/a>. Nature Collection, 2015. Nature Publishing Group.<\/p>\n<p>&#8211; <a href=\"http:\/\/www.biomedcentral.com\/series\/genomicsofinfectiousdiseases?utm_campaign=BMC20895C&amp;utm_medium=BMCemail&amp;utm_source=Teradata\" target=\"_blank\" rel=\"noopener\"><strong>Genomics of infectious diseases special issue<\/strong><\/a>. BioMedCentral. Published: 3 November 2014. Last updated: 17 February 2015.<\/p>\n<p>&#8211; <a href=\"http:\/\/www.nature.com\/nrg\/series\/nextgeneration\/index.html#d201506\" target=\"_blank\" rel=\"noopener\"><strong>Applications of next-generation sequencing<\/strong><\/a>. Nature, 2009 &#8211; 2015.<\/p>\n<p>&#8211; <a href=\"http:\/\/www.nature.com\/nrg\/series\/computational\/index.html\" target=\"_blank\" rel=\"noopener\"><strong>Computational Tools<\/strong><\/a>.\u00a0 Nature, 2010 &#8211; 2014.<\/p>\n<p>&#8211; <a href=\"http:\/\/www.nature.com\/nrg\/collection\/clinical-application-next-gen-seq\/index.html\" target=\"_blank\" rel=\"noopener\"><strong>Clinical applications of next-generation sequencing<\/strong><\/a>. Nature, 2013.<\/p>\n<p>&#8211; <a title=\"Colecci\u00f3n en Genome Medicine\" href=\"http:\/\/genomemedicine.com\/series\/participatory\" target=\"_blank\" rel=\"noopener\"><strong>Participatory Medicine<\/strong><\/a>. Genome Medicine, 20 December 2013.<\/p>\n<p>&#8211; <a title=\"Serie en BMC\" href=\"http:\/\/www.biomedcentral.com\/series\/cancer_bioinf\" target=\"_blank\" rel=\"noopener\"><strong>Cancer bioinformatics: bioinformatic methods, network biomarkers and precision medicine<\/strong><\/a>. BioMedCentral, 1 May 2012. Actualizado: 26 November 2012.<\/p>\n<p>&#8211; <a href=\"http:\/\/www.nature.com\/news\/specials\/humangenome\/index.html\" target=\"_blank\" rel=\"noopener\"><strong>The Human Genome at Ten<\/strong><\/a>. Nature, 2011.<\/p>\n<p>&#8211; <a title=\"Texto en Nature\" href=\"http:\/\/www.nature.com\/milestones\/miledna\/index.html\" target=\"_blank\" rel=\"noopener\"><strong>Milestones in DNA Technologies<\/strong><\/a>. Nature, 2011.<\/p>\n<p>&#8211; <a title=\"Sitio del NCBI\" href=\"http:\/\/www.ncbi.nlm.nih.gov\/genome\/guide\/human\/\" target=\"_blank\" rel=\"noopener\"><strong>Human Genome Resources<\/strong><\/a>. NCBI.<\/p>\n<p>&#8211; <a href=\"http:\/\/www.nature.com\/scitable\/ebooks\/genomes-and-disease-16569473\" target=\"_blank\" rel=\"noopener\"><strong>Genomes and Disease<\/strong><\/a>. Nature, 2010.<\/p>\n<p>&#8211; <a href=\"http:\/\/www.nature.com\/scitable\/ebooks\/the-omics-age-16549951\" target=\"_blank\" rel=\"noopener\"><strong>The &#8216;Omics Age<\/strong><\/a>. Nature, 2010.<\/p>\n<p>&#8211; <a href=\"http:\/\/www.nature.com\/scitable\/ebooks\/genomics-4\" target=\"_blank\" rel=\"noopener\"><strong>Genomics<\/strong><\/a>. Nature, 2010.<\/p>\n<p>&#8211; <a href=\"http:\/\/www.nature.com\/scitable\/ebooks\/the-human-genome-project-16553838\" target=\"_blank\" rel=\"noopener\"><strong>The Human Genome Project<\/strong><\/a>. Nature, 2010.<\/p>\n<p>&#8211; <a title=\"Acceso a colecci\u00f3n de PLoS Biology\" href=\"http:\/\/collections.plos.org\/genomics-infectious-diseases\" target=\"_blank\" rel=\"noopener\"><strong>Genomics of Emerging Infectious Diseases<\/strong><\/a>. PLOS Biology 2009.<\/p>\n<p>&#8211; <a title=\"Acceso a colecci\u00f3n de PLoS ONE\" href=\"http:\/\/collections.plos.org\/prokaryotic-genome\" target=\"_blank\" rel=\"noopener\"><strong>Prokaryotic Genome Collection<\/strong><\/a>. PLOS ONE 2009.<\/p>\n<p>&#8211; <a title=\"Acceso a colecci\u00f3n de PLoS Computational Biology\" href=\"http:\/\/collections.plos.org\/compbiol-education\" target=\"_blank\" rel=\"noopener\"><strong>Education<\/strong><\/a>. PLOS Computational Biology, 2006.<\/p>\n<p style=\"text-align: justify\">&#8211; <a href=\"http:\/\/www.nature.com\/nature\/journal\/v409\/n6822\/\" target=\"_blank\" rel=\"noopener\"><strong>Nature issue 15 February 2001<\/strong><\/a> (the human genome)<\/p>\n<p style=\"text-align: justify\"><strong>REGULACIONES:<\/strong><\/p>\n<p>&#8211; Raca G, Astbury C, Behlmann A, de Castro MJ, Hickey SE, Karaca E, et al. <a href=\"https:\/\/www.sciencedirect.com\/science\/article\/pii\/S1098360022009558\"><strong>Points to consider in the detection of germline structural variants using next-generation sequencing: A statement of the American College of Medical Genetics and Genomics (ACMG)<\/strong><\/a>. Genetics in Medicine, 2022; https:\/\/doi.org\/10.1016\/j.gim.2022.09.017.<\/p>\n<p style=\"text-align: justify\">&#8211; Murray MF, Giovanni MA, Doyle DL, Harrison SM, Lyon E, Manickam K, et al. <strong><a title=\"Texto completo en ingl\u00e9s\" href=\"https:\/\/www.nature.com\/articles\/s41436-020-01082-w#ethics\" target=\"_blank\" rel=\"noopener\">DNA-based screening and population health: a points to consider statement for programs and sponsoring organizations from the American College of Medical Genetics and Genomics (ACMG)<\/a><\/strong>. Genetics in Medicine 2021; https:\/\/doi.org\/10.1038\/s41436-020-01082-w.<\/p>\n<p style=\"text-align: justify\">&#8211; Monaghan KG, Leach NT, Pekarek D, Prasad P, Rose NC, ACMG Professional Practice and Guidelines Committee. <strong><a title=\"Texto completo en ingl\u00e9s\" href=\"https:\/\/www.nature.com\/articles\/s41436-019-0731-7\" target=\"_blank\" rel=\"noopener\">The use of fetal exome sequencing in prenatal diagnosis: a points to consider document of the American College of Medical Genetics and Genomics (ACMG)<\/a><\/strong>. Genetics in Medicine 2020; DOI: 10.1038\/s41436-019-0731-7.<\/p>\n<p style=\"text-align: justify\">&#8211; Rajagopal PS, Nielsen S, Olopade OI. <strong><a title=\"Texto completo en ingl\u00e9s\" href=\"https:\/\/jamanetwork.com\/journals\/jamanetworkopen\/fullarticle\/2749079\" target=\"_blank\" rel=\"noopener\">USPSTF Recommendations for BRCA1 and BRCA2 Testing in the Context of a Transformative National Cancer Control Plan<\/a><\/strong>. JAMA Netw Open. 2019;2(8):e1910142.<\/p>\n<p style=\"text-align: justify\">&#8211; ACMG Board of Directors. <strong><a title=\"Texto completo en ingl\u00e9s\" href=\"https:\/\/www.nature.com\/articles\/s41436-019-0502-5\" target=\"_blank\" rel=\"noopener\">The use of ACMG secondary findings recommendations for general population screening: a policy statement of the American College of Medical Genetics and Genomics (ACMG)<\/a><\/strong>. Genetics in Medicine 2019;21(1467\u20131468).<\/p>\n<p style=\"text-align: justify\">&#8211; Bombard Y, Brothers KB, Fitzgerald-Butt S, Garrison NA, Jamal L, James CA, <em>et al<\/em>.\u00a0<a title=\"Texto completo en ingl\u00e9s\" href=\"https:\/\/www.cell.com\/ajhg\/fulltext\/S0002-9297(19)30070-9\" target=\"_blank\" rel=\"noopener\"><strong>The Responsibility to Recontact Research Participants after Reinterpretation of Genetic and Genomic Research Results<\/strong><\/a>. Am J Hum Gen 2019; DOI: https:\/\/doi.org\/10.1016\/j.ajhg.2019.02.025.<\/p>\n<p style=\"text-align: justify\">&#8211; Bartley AN, Washington MK, Colasacco C, Ventura CB, Ismaila N, Benson AB, <em>et al<\/em>. <a href=\"http:\/\/ajcp.oxfordjournals.org\/content\/early\/2016\/11\/12\/ajcp.aqw206.full\" target=\"_blank\" rel=\"noopener\"><strong>HER2 Testing and Clinical Decision Making in Gastroesophageal Adenocarcinoma: Guideline From the College of American Pathologists, American Society for Clinical Pathology, and the American Society of Clinical Oncology<\/strong><\/a>. Journal of Clinical Oncology 2016; doi: 10.1200\/JCO.2016.69.4836.<\/p>\n<p style=\"text-align: justify\">&#8211; Bowdin S, Gilbert A, Bedoukian E, Carew C, Adam MP, Belmont J, <em>et al<\/em>. <a href=\"http:\/\/www.nature.com\/gim\/journal\/v18\/n11\/full\/gim201617a.html\" target=\"_blank\" rel=\"noopener\"><strong>Recommendations for the integration of genomics into clinical practice<\/strong><\/a>. Genetics in Medicine 2016;18:1075\u20131084.<\/p>\n<p style=\"text-align: justify\">&#8211; Kleinberger J, Maloney KA, Pollin TI, Bone LJ. <a href=\"http:\/\/www.nature.com\/gim\/journal\/v18\/n11\/full\/gim201613a.html\" target=\"_blank\" rel=\"noopener\"><strong>An openly available online tool for implementing the ACMG\/AMP standards and guidelines for the interpretation of sequence variants<\/strong><\/a>. Genetics in Medicine 2016;18:1165.<\/p>\n<p style=\"text-align: justify\">&#8211; Gregg AR, Skotko BG, Benkendorf JL, Monaghan KG, Bajaj K, Best RG, <em>et al<\/em>. <a href=\"http:\/\/www.nature.com\/gim\/journal\/v18\/n10\/full\/gim201697a.html\" target=\"_blank\" rel=\"noopener\"><strong>Noninvasive prenatal screening for fetal aneuploidy, 2016 update: a position statement of the American College of Medical Genetics and Genomics<\/strong><\/a>. Genetics in Medicine 2016;18:1056\u20131065.<\/p>\n<p style=\"text-align: justify\">&#8211; Kalia SS, Adelman K, Bale SJ, Chung WK, Eng C, Evans JP, <em>et al<\/em>. <a href=\"http:\/\/www.nature.com\/gim\/journal\/vaop\/ncurrent\/full\/gim2016190a.html\" target=\"_blank\" rel=\"noopener\"><strong>Recommendations for reporting of secondary findings in clinical exome and genome sequencing, 2016 update (ACMG SF v2.0): a policy statement of the American College of Medical Genetics and Genomics<\/strong><\/a>. Genetics in Medicine 2016; doi:10.1038\/gim.2016.190.<\/p>\n<p style=\"text-align: justify\">&#8211; Hunter JE, Irving SA, Biesecker LG, Buchanan A, Jensen B, Lee K, <em>et al<\/em>. <a href=\"http:\/\/www.nature.com\/gim\/journal\/v18\/n12\/full\/gim201640a.html\" target=\"_blank\" rel=\"noopener\"><strong>A standardized, evidence-based protocol to assess clinical actionability of genetic disorders associated with genomic variation<\/strong><\/a>. Genetics in Medicine 2016;18:1258\u20131268.<\/p>\n<p style=\"text-align: justify\">&#8211; Petrone J. <a title=\"Texto completo en ingl\u00e9s\" href=\"http:\/\/www.nature.com\/nbt\/journal\/v34\/n7\/full\/nbt0716-681a.html\" target=\"_blank\" rel=\"noopener\"><strong>FDA wades into sequencing-based diagnostics regulation<\/strong><\/a>. Nature Biotechnology 2016;34:681\u2013682.<\/p>\n<p style=\"text-align: justify\">&#8211; Altman RB, Prabhu S, Sidow A, Zook JM, Goldfeder R, Litwack D, <em>et al<\/em>. <a title=\"Texto completo en ingl\u00e9s\" href=\"http:\/\/stm.sciencemag.org\/content\/8\/335\/335ps10.full\" target=\"_blank\" rel=\"noopener\"><strong>A research roadmap for next-generation sequencing informatics<\/strong><\/a>. Science Translational Medicine\u00a0 20 Apr 2016;8(335):335ps10.<\/p>\n<p style=\"text-align: justify\">&#8211; ACMG Board of Directors. <a title=\"Texto completo en ingl\u00e9s\" href=\"http:\/\/www.nature.com\/gim\/journal\/v18\/n2\/full\/gim2015190a.html\" target=\"_blank\" rel=\"noopener\"><strong>Direct-to-consumer genetic testing: a revised position statement of the American College of Medical Genetics and Genomics<\/strong><\/a>.\u00a0 Genetics in Medicine 2016;18:207\u2013208.<\/p>\n<p style=\"text-align: justify\">&#8211; <a href=\"http:\/\/www.nature.com\/gim\/journal\/v17\/n6\/full\/gim2014133a.html\" target=\"_blank\" rel=\"noopener\"><strong>An overview of recommendations and translational milestones for genomic tests in cancer<\/strong><\/a>. Genetics in Medicine 2015;17:431\u2013440.<\/p>\n<p style=\"text-align: justify\">&#8211; <a href=\"http:\/\/www.nature.com\/gim\/journal\/v17\/n5\/full\/gim201530a.html\" target=\"_blank\" rel=\"noopener\"><strong>Standards and guidelines for the interpretation of sequence variants: a joint consensus recommendation of the American College of Medical Genetics and Genomics and the Association for Molecular Pathology<\/strong><\/a>. Genetics in Medicine 2015;17:405\u2013423.<\/p>\n<p style=\"text-align: justify\">&#8211; <a href=\"http:\/\/www.nature.com\/gim\/journal\/v17\/n6\/full\/gim201541a.html\" target=\"_blank\" rel=\"noopener\"><strong>Clinical utility of genetic and genomic services: a position statement of the American College of Medical Genetics and Genomics<\/strong><\/a>. Genetics in Medicine 2015;17:505\u2013507.<\/p>\n<p style=\"text-align: justify\">&#8211; ACMG Board of Directors. <a href=\"http:\/\/www.nature.com\/gim\/journal\/v17\/n9\/full\/gim201594a.html\" target=\"_blank\" rel=\"noopener\"><strong>Scope of practice: a statement of the American College of Medical Genetics and Genomics (ACMG)<\/strong><\/a>. Genetics in Medicine 2015;17:e3.<\/p>\n","protected":false},"excerpt":{"rendered":"<p>Otros materiales y recursos sobre las tecnolog\u00edas \u00f3micas est\u00e1n a su disposici\u00f3n aqu\u00ed. BOLET\u00cdN GenoMed: En formato PDF, editado por la C\u00e1tedra Multidisciplinaria de Medicina Gen\u00f3mica, de la Universidad de Ciencias M\u00e9dicas de Las Tunas. &#8211; A\u00f1o 2019;1(2). &#8211; A\u00f1o 2019;1(1). &nbsp; SUPERCURSOS: &#8211; Introducci\u00f3n a la Bioinform\u00e1tica. En formato .ppt, la descarga redirige al [&hellip;]<\/p>\n","protected":false},"author":125,"featured_media":0,"parent":0,"menu_order":5,"comment_status":"open","ping_status":"closed","template":"","meta":[],"_links":{"self":[{"href":"https:\/\/blogs.sld.cu\/oserranob\/wp-json\/wp\/v2\/pages\/855"}],"collection":[{"href":"https:\/\/blogs.sld.cu\/oserranob\/wp-json\/wp\/v2\/pages"}],"about":[{"href":"https:\/\/blogs.sld.cu\/oserranob\/wp-json\/wp\/v2\/types\/page"}],"author":[{"embeddable":true,"href":"https:\/\/blogs.sld.cu\/oserranob\/wp-json\/wp\/v2\/users\/125"}],"replies":[{"embeddable":true,"href":"https:\/\/blogs.sld.cu\/oserranob\/wp-json\/wp\/v2\/comments?post=855"}],"version-history":[{"count":39,"href":"https:\/\/blogs.sld.cu\/oserranob\/wp-json\/wp\/v2\/pages\/855\/revisions"}],"predecessor-version":[{"id":5523,"href":"https:\/\/blogs.sld.cu\/oserranob\/wp-json\/wp\/v2\/pages\/855\/revisions\/5523"}],"wp:attachment":[{"href":"https:\/\/blogs.sld.cu\/oserranob\/wp-json\/wp\/v2\/media?parent=855"}],"curies":[{"name":"wp","href":"https:\/\/api.w.org\/{rel}","templated":true}]}}