{"id":13,"date":"2020-08-06T04:01:40","date_gmt":"2020-08-06T04:01:40","guid":{"rendered":"http:\/\/blogs.sld.cu\/parkinson\/?page_id=13"},"modified":"2021-03-06T05:50:54","modified_gmt":"2021-03-06T05:50:54","slug":"enfermedad-de-parkinson","status":"publish","type":"page","link":"https:\/\/blogs.sld.cu\/parkinson\/enfermedad-de-parkinson\/","title":{"rendered":"Parkinson"},"content":{"rendered":"<p><span style=\"font-family: verdana, geneva;font-size: 12pt\">La enfermedad de Parkinson (EP) es la causa m\u00e1s com\u00fan de parkinsonismo y la enfermedad neurodegenerativa m\u00e1s frecuente, despu\u00e9s de la enfermedad de Alzheimer.\u00a0 Es una enfermedad cr\u00f3nica, que afecta al sistema nervioso central, provocando s\u00edntomas motores y no motores. Es considerada como un trastorno multifactorial, fruto, en la mayor\u00eda de los casos, del efecto combinado de muchos factores, tanto gen\u00e9ticos como ambientales.<\/span><\/p>\n<p><span style=\"font-family: verdana, geneva;font-size: 12pt\">A pesar de que existen tratamientos eficaces para tratar la sintomatolog\u00eda, la enfermedad de Parkinson no tiene cura hoy por hoy, sin embargo, no es una enfermedad fatal, lo que significa que el afectado no va a fallecer a causa de ella.<\/span><\/p>\n<p><span style=\"font-family: verdana, geneva;font-size: 12pt\">La velocidad de progresi\u00f3n de la enfermedad es muy variable seg\u00fan qu\u00e9 pacientes. En los primeros a\u00f1os se mantiene una buena respuesta farmacol\u00f3gica. Al evolucionar la enfermedad, aparecen las complicaciones motoras, fluctuaciones, discinesias, alteraciones de la marcha de la postura y del equilibrio. Los s\u00edntomas no motores, inicialmente poco importantes, se hacen m\u00e1s intensos, hasta llegar a dominar el cuadro en fases avanzadas.<\/span><\/p>\n<p><span style=\"font-family: verdana, geneva;font-size: 12pt\"><strong>Etapas de la enfermedad<\/strong><\/span><\/p>\n<p><span style=\"font-family: verdana, geneva;font-size: 12pt\">Hoenh y Yahr establecieron los 5 estadios cl\u00e1sicos de progresi\u00f3n de la enfermedad de Parkinson. Hay que tener en cuenta que no todos los pacientes van a evolucionar hasta los \u00faltimos niveles:<\/span><\/p>\n<p><span style=\"font-family: verdana, geneva;font-size: 12pt\">Estadio 1: S\u00edntomas leves, afectan solo a una mitad del cuerpo.<\/span><\/p>\n<p><span style=\"font-family: verdana, geneva;font-size: 12pt\">Estadio 2: S\u00edntomas ya bilaterales, sin trastorno del equilibrio.<\/span><\/p>\n<p><span style=\"font-family: verdana, geneva;font-size: 12pt\">Estadio 3: Inestabilidad postural, s\u00edntomas notables, pero el paciente es f\u00edsicamente independiente.<\/span><\/p>\n<p><span style=\"font-family: verdana, geneva;font-size: 12pt\">Estadio 4: Incapacidad grave, aunque el paciente a\u00fan puede llegar a andar o estar de pie sin ayuda.<\/span><\/p>\n<p><span style=\"font-family: verdana, geneva;font-size: 12pt\">Estadio 5: Necesita ayuda para todo. Pasa el tiempo sentado o en la cama.<\/span><\/p>\n<p><span style=\"font-family: verdana, geneva;font-size: 12pt\">Solamente el 15 por ciento de los afectados de p\u00e1rkinson llega a padecer un grado de deterioro motor tan grave que necesite ayuda constante para hacer cualquier actividad, dependa de otras personas y se pase la mayor parte del tiempo en una silla o en la cama, sin poder moverse en absoluto por s\u00ed mismo. Si la cifra le parece muy alta y le atemoriza, dele la vuelta: el 85 por ciento de los pacientes de p\u00e1rkinson no terminar\u00e1n en silla de ruedas.<\/span><\/p>\n","protected":false},"excerpt":{"rendered":"<p>La enfermedad de Parkinson (EP) es la causa m\u00e1s com\u00fan de parkinsonismo y la enfermedad neurodegenerativa m\u00e1s frecuente, despu\u00e9s de la enfermedad de Alzheimer.\u00a0 Es una enfermedad cr\u00f3nica, que afecta al sistema nervioso central, provocando s\u00edntomas motores y no motores. Es considerada como un trastorno multifactorial, fruto, en la mayor\u00eda de los casos, del efecto [&hellip;]<\/p>\n","protected":false},"author":208,"featured_media":0,"parent":0,"menu_order":0,"comment_status":"closed","ping_status":"closed","template":"","meta":[],"_links":{"self":[{"href":"https:\/\/blogs.sld.cu\/parkinson\/wp-json\/wp\/v2\/pages\/13"}],"collection":[{"href":"https:\/\/blogs.sld.cu\/parkinson\/wp-json\/wp\/v2\/pages"}],"about":[{"href":"https:\/\/blogs.sld.cu\/parkinson\/wp-json\/wp\/v2\/types\/page"}],"author":[{"embeddable":true,"href":"https:\/\/blogs.sld.cu\/parkinson\/wp-json\/wp\/v2\/users\/208"}],"replies":[{"embeddable":true,"href":"https:\/\/blogs.sld.cu\/parkinson\/wp-json\/wp\/v2\/comments?post=13"}],"version-history":[{"count":10,"href":"https:\/\/blogs.sld.cu\/parkinson\/wp-json\/wp\/v2\/pages\/13\/revisions"}],"predecessor-version":[{"id":267,"href":"https:\/\/blogs.sld.cu\/parkinson\/wp-json\/wp\/v2\/pages\/13\/revisions\/267"}],"wp:attachment":[{"href":"https:\/\/blogs.sld.cu\/parkinson\/wp-json\/wp\/v2\/media?parent=13"}],"curies":[{"name":"wp","href":"https:\/\/api.w.org\/{rel}","templated":true}]}}