{"id":17,"date":"2020-08-06T04:03:44","date_gmt":"2020-08-06T04:03:44","guid":{"rendered":"http:\/\/blogs.sld.cu\/parkinson\/?page_id=17"},"modified":"2021-03-06T05:46:51","modified_gmt":"2021-03-06T05:46:51","slug":"diagnostico-y-tratamiento","status":"publish","type":"page","link":"https:\/\/blogs.sld.cu\/parkinson\/diagnostico-y-tratamiento\/","title":{"rendered":"Diagn\u00f3stico\/Tratamiento"},"content":{"rendered":"<p><span style=\"font-family: verdana, geneva;font-size: 12pt\">En la actualidad no se dispone de una prueba diagn\u00f3stica satisfactoria. El diagn\u00f3stico definitivo es despu\u00e9s del fallecimiento de la persona, en la necropsia. Por esta raz\u00f3n, el diagn\u00f3stico en vida es cl\u00ednico y se sustenta en criterios cl\u00ednicos.<\/span><\/p>\n<p><span style=\"font-family: verdana, geneva;font-size: 12pt\"><strong>\u00bfC\u00f3mo se diagnostica?<\/strong><\/span><\/p>\n<p><span style=\"font-family: verdana, geneva;font-size: 12pt\">La enfermedad de Parkinson es una enfermedad degenerativa de m\u00faltiples sistemas neuronales que da lugar a s\u00edntomas deficitarios motores y no motores. Varios a\u00f1os antes del comienzo de los s\u00edntomas motores, un n\u00famero de pacientes presenta s\u00edntomas como p\u00e9rdida del olfato, depresi\u00f3n, estre\u00f1imiento o trastornos del sue\u00f1o. Cuando comienzan los s\u00edntomas motores, ya hay una importante degeneraci\u00f3n en el sistema nigroestriado, siendo estos al inicio muy sutiles.<\/span><\/p>\n<p><span style=\"font-family: verdana, geneva;font-size: 12pt\">No se dispone de una prueba diagn\u00f3stica satisfactoria. Por esta raz\u00f3n, el diagn\u00f3stico en vida es cl\u00ednico, se diagnostica\u00a0 cuando ocurre una combinaci\u00f3n de acinesia con temblor o rigidez, de inicio asim\u00e9trico, con buena respuesta a la medicaci\u00f3n dopamin\u00e9rgica (con dopamina).<\/span><\/p>\n<p><span style=\"font-family: verdana, geneva;font-size: 12pt\">Cuando la medicaci\u00f3n dopamin\u00e9rgica no proporciona un control motor adecuado, la enfermedad entra en fase avanzada. En la actualidad, tratamientos como la infusi\u00f3n continua de medicaci\u00f3n dopamin\u00e9rgica o la cirug\u00eda, mejoran notablemente la calidad de vida de los pacientes en esta etapa de la enfermedad.<\/span><\/p>\n<p><span style=\"font-family: verdana, geneva;font-size: 12pt\"><strong><a title=\"Tratamientos\" href=\"http:\/\/blogs.sld.cu\/parkinson\/tratamientos\/\">Tratamientos<\/a><\/strong><\/span><\/p>\n","protected":false},"excerpt":{"rendered":"<p>En la actualidad no se dispone de una prueba diagn\u00f3stica satisfactoria. El diagn\u00f3stico definitivo es despu\u00e9s del fallecimiento de la persona, en la necropsia. Por esta raz\u00f3n, el diagn\u00f3stico en vida es cl\u00ednico y se sustenta en criterios cl\u00ednicos. \u00bfC\u00f3mo se diagnostica? La enfermedad de Parkinson es una enfermedad degenerativa de m\u00faltiples sistemas neuronales que [&hellip;]<\/p>\n","protected":false},"author":208,"featured_media":0,"parent":0,"menu_order":0,"comment_status":"closed","ping_status":"closed","template":"","meta":[],"_links":{"self":[{"href":"https:\/\/blogs.sld.cu\/parkinson\/wp-json\/wp\/v2\/pages\/17"}],"collection":[{"href":"https:\/\/blogs.sld.cu\/parkinson\/wp-json\/wp\/v2\/pages"}],"about":[{"href":"https:\/\/blogs.sld.cu\/parkinson\/wp-json\/wp\/v2\/types\/page"}],"author":[{"embeddable":true,"href":"https:\/\/blogs.sld.cu\/parkinson\/wp-json\/wp\/v2\/users\/208"}],"replies":[{"embeddable":true,"href":"https:\/\/blogs.sld.cu\/parkinson\/wp-json\/wp\/v2\/comments?post=17"}],"version-history":[{"count":10,"href":"https:\/\/blogs.sld.cu\/parkinson\/wp-json\/wp\/v2\/pages\/17\/revisions"}],"predecessor-version":[{"id":265,"href":"https:\/\/blogs.sld.cu\/parkinson\/wp-json\/wp\/v2\/pages\/17\/revisions\/265"}],"wp:attachment":[{"href":"https:\/\/blogs.sld.cu\/parkinson\/wp-json\/wp\/v2\/media?parent=17"}],"curies":[{"name":"wp","href":"https:\/\/api.w.org\/{rel}","templated":true}]}}