{"id":177,"date":"2021-01-07T08:51:02","date_gmt":"2021-01-07T08:51:02","guid":{"rendered":"http:\/\/blogs.sld.cu\/parkinson\/?page_id=177"},"modified":"2021-03-06T05:45:22","modified_gmt":"2021-03-06T05:45:22","slug":"consejos-a-los-familiares","status":"publish","type":"page","link":"https:\/\/blogs.sld.cu\/parkinson\/consejos-a-los-familiares\/","title":{"rendered":"Consejos a los cuidadores y familiares"},"content":{"rendered":"<h3><span style=\"font-size: 12pt;font-family: verdana, geneva\"><strong>Consejos a los cuidadores\u00a0 y familiares de los pacientes dependientes<\/strong><\/span><\/h3>\n<p><a href=\"http:\/\/blogs.sld.cu\/parkinson\/files\/2021\/01\/cuidador.jpg\"><img loading=\"lazy\" class=\"  wp-image-210 aligncenter\" src=\"http:\/\/blogs.sld.cu\/parkinson\/files\/2021\/01\/cuidador.jpg\" alt=\"cuidador\" width=\"481\" height=\"258\" srcset=\"https:\/\/blogs.sld.cu\/parkinson\/files\/2021\/01\/cuidador.jpg 706w, https:\/\/blogs.sld.cu\/parkinson\/files\/2021\/01\/cuidador-300x161.jpg 300w, https:\/\/blogs.sld.cu\/parkinson\/files\/2021\/01\/cuidador-250x134.jpg 250w\" sizes=\"(max-width: 481px) 100vw, 481px\" \/><\/a><\/p>\n<p><span style=\"font-family: verdana, geneva;font-size: 12pt\">Se habla mucho acerca de los pacientes, y nos olvidamos de los cuidadores. Este espacio est\u00e1 dedicado a ellos, ya que la calidad de vida de los pacientes, aumenta gracias a la constante atenci\u00f3n de los buenos cuidadores.<\/span><\/p>\n<p><span style=\"font-family: verdana, geneva;font-size: 12pt\">La mayor parte de las veces es una hija o hijo, o un familiar cercano, los que asumen este papel, y la familia no comprende la tensi\u00f3n a la que est\u00e1 sometida esta persona, carg\u00e1ndola en muchos casos con tantas tareas que pueden resultar agobiantes.<\/span><\/p>\n<p><span style=\"font-family: verdana, geneva;font-size: 12pt\">La familia en su totalidad debe contribuir en el cuidado de la persona con Parkinson, de una u otra forma, desde sustituir por un rato a la cuidadora para que descanse de la actividad, evitando de esa forma el S\u00edndrome de Burnout o del cuidador quemado.<\/span><\/p>\n<p><span style=\"font-family: verdana, geneva;font-size: 12pt\">O\u00edr m\u00fasica con ellos o leerle un rato a la abuela o abuelo enfermo, mostrarle fotograf\u00edas, es una tarea que puede asumir cualquier miembro de la familia (incluso los j\u00f3venes), lo que ayuda al enfermo y al cuidador. Incluso la m\u00fasica es una excelente terapia contra el estr\u00e9s y beneficia a ambos.<\/span><\/p>\n<p><span style=\"font-family: verdana, geneva;font-size: 12pt\">Traemos una serie de consejos a los cuidadores, con el objetivo de ayudarlos en ese camino que a veces puedes ser dif\u00edcil. Es importante primero que los cuidadores se cuiden a s\u00ed mismos. Dormir lo suficiente y alimentarse de manera adecuada, \u00a0le permitir\u00e1 mantenerse con energ\u00eda y en buen estado de salud. Asimismo, expresar c\u00f3mo se siente a lo largo de la enfermedad y hablar de sus preocupaciones le ayudar\u00e1 a reducir la carga emocional que supone ser cuidador.<\/span><\/p>\n<p><span style=\"font-family: verdana, geneva;font-size: 12pt\">Mant\u00e9nganse al tanto de su salud. Es importante tener alg\u00fan espacio al d\u00eda libre, coordinando con otra persona que pueda cuidar al paciente por un d\u00eda o al menos unas horas. Es importante invertir tiempo en actividades que distraigan.<\/span><\/p>\n<p><span style=\"font-family: verdana, geneva;font-size: 12pt\">Mantenerse al d\u00eda con la enfermedad: puede preguntarle al m\u00e9dico del paciente acerca de nuevas opciones de tratamiento que est\u00e9n disponibles.<\/span><\/p>\n<p><span style=\"font-family: verdana, geneva;font-size: 12pt\">Cambios en la relaci\u00f3n: Al convertirse alguien en un cuidador de un paciente, la relaci\u00f3n entre esas dos personas cambian, sobre todo si son madre o padre e hija\/hijo. La asesor\u00eda de un experto puede ser muy \u00fatil en caso de encontrar problemas en esto.<\/span><\/p>\n<p><span style=\"font-family: verdana, geneva;font-size: 12pt\">Observar s\u00edntomas y reportar cambios: Es muy importante mantener al m\u00e9dico enterado de cualquier cambio que ocurra y quienes lo pueden ver mejor son el cuidador y la familia.<\/span><\/p>\n<p><span style=\"font-family: verdana, geneva;font-size: 12pt\">Fomentar la independencia del paciente. Cuidar no significa hacer todo por alguien.El paciente debe sentirse capaz de manejarse a s\u00ed mismo lo m\u00e1s que pueda y que aprenda a solicitar ayuda cuando sea necesaria.<\/span><\/p>\n<p><span style=\"font-family: verdana, geneva;font-size: 12pt\">Conservar la comunicaci\u00f3n, con el enfermo.<\/span><\/p>\n<p><span style=\"font-family: verdana, geneva;font-size: 12pt\">Y muy importante, no olvidar el trato amable y cari\u00f1oso de toda la familia, hacia la persona que est\u00e1 padeciendo la enfermedad. El trato a que sea sometida esa persona, influye mucho en la respuesta que la misma d\u00e9 ante determinadas situaciones.<\/span><\/p>\n<p><span style=\"font-family: verdana, geneva;font-size: 12pt\">Dibujo tomado del Manual de habilidades de Cuidadores- familiares. Sociedad\u00a0 espa\u00f1ola de Geriatr\u00eda y Gerontolog\u00eda.<\/span><\/p>\n<p><span style=\"font-family: verdana, geneva;font-size: 12pt\"><a title=\"Otros aspectos a tener en cuenta por pacientes y cuidadores\" href=\"http:\/\/blogs.sld.cu\/parkinson\/otros-aspectos-a-tener-en-cuenta-por-pacientes-y-cuidadores\/\"><strong>Otros aspectos a tener en cuenta por pacientes y cuidadores<\/strong><\/a><\/span><\/p>\n<p>&nbsp;<\/p>\n<p>&nbsp;<\/p>\n","protected":false},"excerpt":{"rendered":"<p>Consejos a los cuidadores\u00a0 y familiares de los pacientes dependientes Se habla mucho acerca de los pacientes, y nos olvidamos de los cuidadores. Este espacio est\u00e1 dedicado a ellos, ya que la calidad de vida de los pacientes, aumenta gracias a la constante atenci\u00f3n de los buenos cuidadores. La mayor parte de las veces es [&hellip;]<\/p>\n","protected":false},"author":208,"featured_media":0,"parent":0,"menu_order":0,"comment_status":"closed","ping_status":"closed","template":"","meta":[],"_links":{"self":[{"href":"https:\/\/blogs.sld.cu\/parkinson\/wp-json\/wp\/v2\/pages\/177"}],"collection":[{"href":"https:\/\/blogs.sld.cu\/parkinson\/wp-json\/wp\/v2\/pages"}],"about":[{"href":"https:\/\/blogs.sld.cu\/parkinson\/wp-json\/wp\/v2\/types\/page"}],"author":[{"embeddable":true,"href":"https:\/\/blogs.sld.cu\/parkinson\/wp-json\/wp\/v2\/users\/208"}],"replies":[{"embeddable":true,"href":"https:\/\/blogs.sld.cu\/parkinson\/wp-json\/wp\/v2\/comments?post=177"}],"version-history":[{"count":15,"href":"https:\/\/blogs.sld.cu\/parkinson\/wp-json\/wp\/v2\/pages\/177\/revisions"}],"predecessor-version":[{"id":264,"href":"https:\/\/blogs.sld.cu\/parkinson\/wp-json\/wp\/v2\/pages\/177\/revisions\/264"}],"wp:attachment":[{"href":"https:\/\/blogs.sld.cu\/parkinson\/wp-json\/wp\/v2\/media?parent=177"}],"curies":[{"name":"wp","href":"https:\/\/api.w.org\/{rel}","templated":true}]}}