{"id":12,"date":"2021-01-28T05:04:08","date_gmt":"2021-01-28T05:04:08","guid":{"rendered":"http:\/\/blogs.sld.cu\/piediabetico\/?page_id=12"},"modified":"2021-12-29T16:24:06","modified_gmt":"2021-12-29T16:24:06","slug":"acerca-de","status":"publish","type":"page","link":"https:\/\/blogs.sld.cu\/piediabetico\/acerca-de\/","title":{"rendered":"Acerca de"},"content":{"rendered":"<p>&nbsp;<\/p>\n<p>El <strong>sitio de pie diab\u00e9tico<\/strong> del <strong>Portal de Enfermedades<\/strong> de Infomed, La Red de Salud de Cuba. Este sitio est\u00e1 concebido para la poblaci\u00f3n en general y para las personas con diabetes, para que, mediante el conocimiento de las causas que conducen al pie diab\u00e9tico, complicaci\u00f3n de esta enfermedad, prevenirlo y as\u00ed evitar\u00a0 da\u00f1os mayores que pueden terminar en la p\u00e9rdida de la extremidad. En nuestro sitio encontrar\u00e1s espacios dedicados a los s\u00edntomas, diagn\u00f3stico, tratamiento y sobre todo medidas preventivas de tipo educativas. Los niveles altos y mantenidos de\u00a0 glucosa en sangre provocan da\u00f1o en los vasos y nervios, constituyendo las llamadas vasculopat\u00eda y neuropat\u00eda diab\u00e9tica, que predisponen a esta complicaci\u00f3n. El cuidado de los pies es fundamental para evitarla.<\/p>\n","protected":false},"excerpt":{"rendered":"<p>&nbsp; El sitio de pie diab\u00e9tico del Portal de Enfermedades de Infomed, La Red de Salud de Cuba. Este sitio est\u00e1 concebido para la poblaci\u00f3n en general y para las personas con diabetes, para que, mediante el conocimiento de las causas que conducen al pie diab\u00e9tico, complicaci\u00f3n de esta enfermedad, prevenirlo y as\u00ed evitar\u00a0 da\u00f1os [&hellip;]<\/p>\n","protected":false},"author":208,"featured_media":0,"parent":0,"menu_order":0,"comment_status":"closed","ping_status":"closed","template":"","meta":[],"_links":{"self":[{"href":"https:\/\/blogs.sld.cu\/piediabetico\/wp-json\/wp\/v2\/pages\/12"}],"collection":[{"href":"https:\/\/blogs.sld.cu\/piediabetico\/wp-json\/wp\/v2\/pages"}],"about":[{"href":"https:\/\/blogs.sld.cu\/piediabetico\/wp-json\/wp\/v2\/types\/page"}],"author":[{"embeddable":true,"href":"https:\/\/blogs.sld.cu\/piediabetico\/wp-json\/wp\/v2\/users\/208"}],"replies":[{"embeddable":true,"href":"https:\/\/blogs.sld.cu\/piediabetico\/wp-json\/wp\/v2\/comments?post=12"}],"version-history":[{"count":17,"href":"https:\/\/blogs.sld.cu\/piediabetico\/wp-json\/wp\/v2\/pages\/12\/revisions"}],"predecessor-version":[{"id":135,"href":"https:\/\/blogs.sld.cu\/piediabetico\/wp-json\/wp\/v2\/pages\/12\/revisions\/135"}],"wp:attachment":[{"href":"https:\/\/blogs.sld.cu\/piediabetico\/wp-json\/wp\/v2\/media?parent=12"}],"curies":[{"name":"wp","href":"https:\/\/api.w.org\/{rel}","templated":true}]}}