{"id":16,"date":"2021-01-28T05:05:45","date_gmt":"2021-01-28T05:05:45","guid":{"rendered":"http:\/\/blogs.sld.cu\/piediabetico\/?page_id=16"},"modified":"2021-12-28T18:30:42","modified_gmt":"2021-12-28T18:30:42","slug":"sintomas","status":"publish","type":"page","link":"https:\/\/blogs.sld.cu\/piediabetico\/sintomas\/","title":{"rendered":"Causas\/S\u00edntomas"},"content":{"rendered":"<h2>Causas<\/h2>\n<p>Los altos niveles mantenidos de az\u00facar en la sangre, causan da\u00f1o en los vasos sangu\u00edneos y nervios, lo que se denomina, vasculopat\u00eda y neuropat\u00eda<strong>, <\/strong>adem\u00e1s de alteraciones en la piel.<\/p>\n<p>En concreto la entidad conocida como \u201cpie diab\u00e9tico\u201d, es el resultado del efecto combinado de la angiopat\u00eda, la neuropat\u00eda y el mayor riesgo de infecciones, junto con el efecto de las presiones intr\u00ednsecas y extr\u00ednsecas secundarias a malformaciones \u00f3seas en los pies.<\/p>\n<h2>Signos y S\u00edntomas<\/h2>\n<ul>\n<li style=\"text-align: left\">Hormigueos y calambres.<\/li>\n<li style=\"text-align: left\">Ausencia de sensibilidad.<\/li>\n<li style=\"text-align: left\">Frialdad en el pie y la pierna<\/li>\n<li style=\"text-align: left\">Sequedad en la piel.<\/li>\n<li style=\"text-align: left\">Aparici\u00f3n de \u00falceras en la piel del pie.<\/li>\n<\/ul>\n<p style=\"text-align: left\">Dos de los riesgos de las\u00a0 personas con diabetes son la disminuci\u00f3n de la sensibilidad y la mala circulaci\u00f3n sangu\u00ednea\u00a0 del pie, que adem\u00e1s de la sequedad de la piel,\u00a0 pueden contribuir en la formaci\u00f3n de grietas y de \u00falceras, algunas veces graves, y que cuando no son bien tratadas, es la principal causa de una posible amputaci\u00f3n.<\/p>\n<p style=\"text-align: left\">La mayor\u00eda de las heridas son causadas por disminuci\u00f3n de la sensibilidad del pie y surgen en en la planta del pie,\u00a0 o en las zonas cercanas al hueso,\u00a0 tobillos y tambi\u00e9n en la parte anterior de la pierna,\u00a0 en\u00a0 los nudillos de los dedos y otras zonas donde existe poca masa muscular y no hay tejido adiposo.<\/p>\n<p style=\"text-align: left\">En el caso de que un paciente observe una \u00falcera, deber\u00e1 acudir lo antes posible al especialista. No \u00fanicamente para curarla, sino para diagnosticarla y decidir el tratamiento m\u00e1s adecuado.<\/p>\n<p style=\"text-align: left\">Es por eso que es tan importante el cuidado de los pies en estas personas. De ah\u00ed, la revisi\u00f3n diaria, el uso de cremas hidratantes en la planta de los pies (no entre los dedos), y el evitar caminar descalzos.<\/p>\n<p>&nbsp;<\/p>\n","protected":false},"excerpt":{"rendered":"<p>Causas Los altos niveles mantenidos de az\u00facar en la sangre, causan da\u00f1o en los vasos sangu\u00edneos y nervios, lo que se denomina, vasculopat\u00eda y neuropat\u00eda, adem\u00e1s de alteraciones en la piel. En concreto la entidad conocida como \u201cpie diab\u00e9tico\u201d, es el resultado del efecto combinado de la angiopat\u00eda, la neuropat\u00eda y el mayor riesgo de [&hellip;]<\/p>\n","protected":false},"author":208,"featured_media":0,"parent":0,"menu_order":0,"comment_status":"closed","ping_status":"closed","template":"","meta":[],"_links":{"self":[{"href":"https:\/\/blogs.sld.cu\/piediabetico\/wp-json\/wp\/v2\/pages\/16"}],"collection":[{"href":"https:\/\/blogs.sld.cu\/piediabetico\/wp-json\/wp\/v2\/pages"}],"about":[{"href":"https:\/\/blogs.sld.cu\/piediabetico\/wp-json\/wp\/v2\/types\/page"}],"author":[{"embeddable":true,"href":"https:\/\/blogs.sld.cu\/piediabetico\/wp-json\/wp\/v2\/users\/208"}],"replies":[{"embeddable":true,"href":"https:\/\/blogs.sld.cu\/piediabetico\/wp-json\/wp\/v2\/comments?post=16"}],"version-history":[{"count":16,"href":"https:\/\/blogs.sld.cu\/piediabetico\/wp-json\/wp\/v2\/pages\/16\/revisions"}],"predecessor-version":[{"id":137,"href":"https:\/\/blogs.sld.cu\/piediabetico\/wp-json\/wp\/v2\/pages\/16\/revisions\/137"}],"wp:attachment":[{"href":"https:\/\/blogs.sld.cu\/piediabetico\/wp-json\/wp\/v2\/media?parent=16"}],"curies":[{"name":"wp","href":"https:\/\/api.w.org\/{rel}","templated":true}]}}