{"id":18,"date":"2021-01-28T05:06:33","date_gmt":"2021-01-28T05:06:33","guid":{"rendered":"http:\/\/blogs.sld.cu\/piediabetico\/?page_id=18"},"modified":"2021-12-13T15:02:27","modified_gmt":"2021-12-13T15:02:27","slug":"pie-diabetico","status":"publish","type":"page","link":"https:\/\/blogs.sld.cu\/piediabetico\/pie-diabetico\/","title":{"rendered":"Pie diab\u00e9tico"},"content":{"rendered":"<p><strong> pie diab\u00e9tico<\/strong> es una de las complicaciones de la diabetes, asociada con otra complicaci\u00f3n, que es la<strong> neuropat\u00eda perif\u00e9rica, <\/strong>que aparecen cuando existen niveles inadecuados de glucosa en sangre y otros factores que concurren con frecuencia en personas con diabetes (hipertensi\u00f3n arterial, hipercolesterolemia,&#8230;) que provocan\u00a0 da\u00f1o en los vasos sangu\u00edneos y nervios que pueden producir complicaciones a mediano ylargo plazo.<\/p>\n<p>&nbsp;<\/p>\n","protected":false},"excerpt":{"rendered":"<p>pie diab\u00e9tico es una de las complicaciones de la diabetes, asociada con otra complicaci\u00f3n, que es la neuropat\u00eda perif\u00e9rica, que aparecen cuando existen niveles inadecuados de glucosa en sangre y otros factores que concurren con frecuencia en personas con diabetes (hipertensi\u00f3n arterial, hipercolesterolemia,&#8230;) que provocan\u00a0 da\u00f1o en los vasos sangu\u00edneos y nervios que pueden producir [&hellip;]<\/p>\n","protected":false},"author":208,"featured_media":0,"parent":0,"menu_order":0,"comment_status":"closed","ping_status":"closed","template":"","meta":[],"_links":{"self":[{"href":"https:\/\/blogs.sld.cu\/piediabetico\/wp-json\/wp\/v2\/pages\/18"}],"collection":[{"href":"https:\/\/blogs.sld.cu\/piediabetico\/wp-json\/wp\/v2\/pages"}],"about":[{"href":"https:\/\/blogs.sld.cu\/piediabetico\/wp-json\/wp\/v2\/types\/page"}],"author":[{"embeddable":true,"href":"https:\/\/blogs.sld.cu\/piediabetico\/wp-json\/wp\/v2\/users\/208"}],"replies":[{"embeddable":true,"href":"https:\/\/blogs.sld.cu\/piediabetico\/wp-json\/wp\/v2\/comments?post=18"}],"version-history":[{"count":4,"href":"https:\/\/blogs.sld.cu\/piediabetico\/wp-json\/wp\/v2\/pages\/18\/revisions"}],"predecessor-version":[{"id":76,"href":"https:\/\/blogs.sld.cu\/piediabetico\/wp-json\/wp\/v2\/pages\/18\/revisions\/76"}],"wp:attachment":[{"href":"https:\/\/blogs.sld.cu\/piediabetico\/wp-json\/wp\/v2\/media?parent=18"}],"curies":[{"name":"wp","href":"https:\/\/api.w.org\/{rel}","templated":true}]}}