{"id":24,"date":"2021-01-28T05:09:37","date_gmt":"2021-01-28T05:09:37","guid":{"rendered":"http:\/\/blogs.sld.cu\/piediabetico\/?page_id=24"},"modified":"2022-02-09T18:44:49","modified_gmt":"2022-02-09T18:44:49","slug":"prevencion","status":"publish","type":"page","link":"https:\/\/blogs.sld.cu\/piediabetico\/prevencion\/","title":{"rendered":"Prevenci\u00f3n"},"content":{"rendered":"<pre><a href=\"http:\/\/blogs.sld.cu\/piediabetico\/files\/2021\/12\/cuidado-del-pie.jpg\"><img loading=\"lazy\" class=\"alignnone wp-image-86 size-full\" src=\"http:\/\/blogs.sld.cu\/piediabetico\/files\/2021\/12\/cuidado-del-pie.jpg\" alt=\"El cuidado frecuente del pie, evita problemas mayores\" width=\"275\" height=\"183\" srcset=\"https:\/\/blogs.sld.cu\/piediabetico\/files\/2021\/12\/cuidado-del-pie.jpg 275w, https:\/\/blogs.sld.cu\/piediabetico\/files\/2021\/12\/cuidado-del-pie-250x166.jpg 250w\" sizes=\"(max-width: 275px) 100vw, 275px\" \/><\/a>\r\nEl <strong>pie diab\u00e9tico<\/strong> aparece cuando existen niveles altos mantenidos \r\n de glucosa en sangre.\r\n\r\nEl cuidado de los pies es fundamental en el diab\u00e9tico y debe ser un\r\n h\u00e1bito  que se realice a diario y m\u00e1s profundamente una vez a la semana.<\/pre>\n<h2 style=\"text-align: left\">Medidas que pueden tomar las personas con diabetes para prevenir el pie diab\u00e9tico:<\/h2>\n<p style=\"text-align: left\"><strong>Control riguroso de la glicemia<\/strong>.<\/p>\n<p><strong>Uso diario de un calzado c\u00f3modo, flexible, ancho<\/strong>, y\u00a0 preferiblemente cerrado o de cordones<\/p>\n<p>Evitar las puntas finas, utilizar puntas redondas.<\/p>\n<p style=\"text-align: left\"><strong>Realizar ejercicios f\u00edsicos<\/strong> para mantener la circulaci\u00f3n sangu\u00ednea adecuada enlas piernas y los pies.<\/p>\n<p style=\"text-align: left\"><strong>No fumar.<\/strong><\/p>\n<p>S<strong>i trabajas sentado<\/strong>, cambia de posici\u00f3n, mueve las piernas y p\u00e1rate cada una hora<\/p>\n<p><strong>No caminar descalzo<\/strong><\/p>\n<p style=\"text-align: left\">Revisi\u00f3n diaria de los <strong>pies.<\/strong><\/p>\n<p style=\"text-align: left\"><strong>Lavado y secado frecuente de los pies<\/strong>, (secado entre los dedos)<\/p>\n<p style=\"text-align: left\"><strong>Hidrataci\u00f3n diaria<\/strong> con cremas nutritivas e hidratantes, como de aloe-vera \u00a0\u00a0\u00a0<strong> Cortar o limar las u\u00f1as en l\u00ednea recta.<\/strong><\/p>\n<p><strong>Visitar al pod\u00f3logo<\/strong> cada dos meses.<\/p>\n<p><a href=\"https:\/\/blogs.sld.cu\/piediabetico\/articulos-para-revisar\/\" target=\"_blank\" rel=\"noopener\">Art\u00edculos para revisar<\/a><\/p>\n","protected":false},"excerpt":{"rendered":"<p>El pie diab\u00e9tico aparece cuando existen niveles altos mantenidos de glucosa en sangre. El cuidado de los pies es fundamental en el diab\u00e9tico y debe ser un h\u00e1bito que se realice a diario y m\u00e1s profundamente una vez a la semana. Medidas que pueden tomar las personas con diabetes para prevenir el pie diab\u00e9tico: Control [&hellip;]<\/p>\n","protected":false},"author":208,"featured_media":0,"parent":0,"menu_order":0,"comment_status":"closed","ping_status":"closed","template":"","meta":[],"_links":{"self":[{"href":"https:\/\/blogs.sld.cu\/piediabetico\/wp-json\/wp\/v2\/pages\/24"}],"collection":[{"href":"https:\/\/blogs.sld.cu\/piediabetico\/wp-json\/wp\/v2\/pages"}],"about":[{"href":"https:\/\/blogs.sld.cu\/piediabetico\/wp-json\/wp\/v2\/types\/page"}],"author":[{"embeddable":true,"href":"https:\/\/blogs.sld.cu\/piediabetico\/wp-json\/wp\/v2\/users\/208"}],"replies":[{"embeddable":true,"href":"https:\/\/blogs.sld.cu\/piediabetico\/wp-json\/wp\/v2\/comments?post=24"}],"version-history":[{"count":15,"href":"https:\/\/blogs.sld.cu\/piediabetico\/wp-json\/wp\/v2\/pages\/24\/revisions"}],"predecessor-version":[{"id":163,"href":"https:\/\/blogs.sld.cu\/piediabetico\/wp-json\/wp\/v2\/pages\/24\/revisions\/163"}],"wp:attachment":[{"href":"https:\/\/blogs.sld.cu\/piediabetico\/wp-json\/wp\/v2\/media?parent=24"}],"curies":[{"name":"wp","href":"https:\/\/api.w.org\/{rel}","templated":true}]}}