{"id":26,"date":"2021-01-28T05:10:33","date_gmt":"2021-01-28T05:10:33","guid":{"rendered":"http:\/\/blogs.sld.cu\/piediabetico\/?page_id=26"},"modified":"2021-12-15T15:53:22","modified_gmt":"2021-12-15T15:53:22","slug":"recursos","status":"publish","type":"page","link":"https:\/\/blogs.sld.cu\/piediabetico\/recursos\/","title":{"rendered":"Recursos"},"content":{"rendered":"<p>&nbsp;<\/p>\n<p><strong><u><a href=\"https:\/\/www.cun.es\/enfermedades-tratamientos\/enfermedades\/pie-diabetico\">Pie diab\u00e9tico &#8211; Cl\u00ednica Universidad de Navarra<\/a><\/u><\/strong><\/p>\n<p><em><u><a href=\"https:\/\/www.cun.es\/enfermedades-tratamientos\/enfermedades\/pie-diabetico\">tps:\/\/www.cun.es \u203a enfermedades \u203a pie-diabetico<\/a><\/u><\/em><\/p>\n<div class=\"iOWvff P58Kof\">\n<div class=\"kp-blk c2xzTb\">\n<div class=\"xpdopen\">\n<div class=\"ifM9O\">\n<div>\n<div class=\"yp1CPe wDYxhc NFQFxe viOShc LKPcQc\" lang=\"es-419\" data-md=\"471\">\n<div>\n<div class=\"V3FYCf\">\n<div class=\"g\">\n<div data-hveid=\"CAMQAA\" data-ved=\"2ahUKEwis68j0jeb0AhXisDEKHWJVDm8QFSgAegQIAxAA\">\n<div class=\"tF2Cxc\">\n<div class=\"yuRUbf\"><a href=\"https:\/\/www.cun.es\/enfermedades-tratamientos\/enfermedades\/pie-diabetico\" data-jsarwt=\"1\" data-usg=\"AOvVaw3CjzncqOScf5bI0A9rfhZp\" data-ved=\"2ahUKEwis68j0jeb0AhXisDEKHWJVDm8QFnoECAMQAw\"><br \/>\n<\/a><\/p>\n<h3 class=\"LC20lb MBeuO DKV0Md\">Pie diab\u00e9tico: S\u00edntomas, diagn\u00f3stico y tratamiento. Cl\u00ednica &#8230;<\/h3>\n<div class=\"TbwUpd NJjxre\"><cite class=\"iUh30 qLRx3b tjvcx\" role=\"text\">https:\/\/www.cun.es<span class=\"dyjrff qzEoUe\" role=\"text\"> \u203a enfermedades \u203a pie-diabetico<\/span><\/cite><\/div>\n<div class=\"B6fmyf\">\n<div class=\"TbwUpd\"><\/div>\n<div class=\"eFM0qc\"><\/div>\n<\/div>\n<\/div>\n<\/div>\n<\/div>\n<\/div>\n<\/div>\n<\/div>\n<\/div>\n<\/div>\n<\/div>\n<\/div>\n<\/div>\n<div class=\"tF2Cxc\">\n<div class=\"yuRUbf\">\n<p><strong><a href=\"https:\/\/medlineplus.gov\/spanish\/diabeticfoot.html\">Pie diab\u00e9tico: eMdlinePlus<\/a><\/strong> en espa\u00f1ol<\/p>\n<div class=\"TbwUpd NJjxre\"><cite class=\"iUh30 qLRx3b tjvcx\" role=\"text\">https:\/\/medlineplus.gov<span class=\"dyjrff qzEoUe\" role=\"text\"> \u203a &#8230; \u203a Temas de salud<\/span><\/cite><\/div>\n<div class=\"B6fmyf\">\n<div class=\"TbwUpd\"><\/div>\n<div class=\"eFM0qc\"><\/div>\n<\/div>\n<\/div>\n<\/div>\n<div class=\"g\">\n<div data-hveid=\"CDAQAA\" data-ved=\"2ahUKEwis68j0jeb0AhXisDEKHWJVDm8QFSgAegQIMBAA\">\n<div class=\"tF2Cxc\">\n<div class=\"IsZvec\">\n<div class=\"jYOxx\">\n<div class=\"yuRUbf\">\n<p>ntPie diab\u00e9tico: qu\u00e9 es, s\u00edntomas y tratamieo<a href=\"https:\/\/www.topdoctors.es \u203a Diccionario m\u00e9dico\">https:\/\/www.topdoctors.es \u203a Diccionario m\u00e9dico<\/a> | Top Doctors<\/p>\n<div class=\"TbwUpd NJjxre\"><\/div>\n<\/div>\n<\/div>\n<\/div>\n<\/div>\n<\/div>\n<\/div>\n<div class=\"g\">\n<div data-hveid=\"CC8QAA\" data-ved=\"2ahUKEwis68j0jeb0AhXisDEKHWJVDm8QFSgAegQILxAA\">\n<div class=\"tF2Cxc\">\n<div class=\"yuRUbf\"><a href=\"http:\/\/scielo.sld.cu\/scielo.php?script=sci_arttext&amp;pid=S1561-29532001000300008\" data-jsarwt=\"1\" data-usg=\"AOvVaw0mvG1147u1XsbfV44vK7_9\" data-ved=\"2ahUKEwis68j0jeb0AhXisDEKHWJVDm8QFnoECCQQAQ\"><strong>Gu\u00eda pr\u00e1ctica para el diagn\u00f3stico y el tratamiento del &#8230;<\/strong><\/a><\/div>\n<\/div>\n<\/div>\n<\/div>\n<div class=\"g\">\n<div data-hveid=\"CC8QAA\" data-ved=\"2ahUKEwis68j0jeb0AhXisDEKHWJVDm8QFSgAegQILxAA\">\n<div class=\"tF2Cxc\">\n<div class=\"IsZvec\">\n<div id=\"eob_44\" data-ved=\"2ahUKEwis68j0jeb0AhXisDEKHWJVDm8Q2Z0BegQILxAC\"><\/div>\n<\/div>\n<\/div>\n<\/div>\n<\/div>\n<div class=\"g\">\n<div data-hveid=\"CCkQAA\" data-ved=\"2ahUKEwis68j0jeb0AhXisDEKHWJVDm8QFSgAegQIKRAA\">\n<div class=\"tF2Cxc\">\n<div class=\"yuRUbf\"><a href=\"https:\/\/www.elsevier.es\/es-revista-medicina-integral-63-articulo-el-pie-diabetico-13044043\" data-jsarwt=\"1\" data-usg=\"AOvVaw1wV9q6PkC88PJydhwuyZe9\" data-ved=\"2ahUKEwis68j0jeb0AhXisDEKHWJVDm8QFnoECCIQAQ\"><br \/>\n<\/a><\/p>\n<h3 class=\"LC20lb MBeuO DKV0Md\">el pie diab\u00e9tico | Medicina Integral &#8211; Elsevier<\/h3>\n<div class=\"TbwUpd NJjxre\"><cite class=\"iUh30 qLRx3b tjvcx\" role=\"text\">https:\/\/www.elsevier.es<span class=\"dyjrff qzEoUe\" role=\"text\"> \u203a es-revista-medicina-integral-63-a&#8230;<\/span><\/cite><\/div>\n<div class=\"VwiC3b yXK7lf MUxGbd yDYNvb lyLwlc lEBKkf\">\n<div class=\"TbwUpd\"><\/div>\n<p>llamado \u00ab<em>pie diab\u00e9tico<\/em>\u00bb es el resultado de la coexistencia de neuropat\u00eda y vasculopat\u00eda (que favorecen la aparici\u00f3n de lesiones h\u00edsticas) e infecci\u00f3n, &#8230;<\/div>\n<\/div>\n<\/div>\n<\/div>\n<\/div>\n<div class=\"g\">\n<div data-hveid=\"CBMQAA\" data-ved=\"2ahUKEwis68j0jeb0AhXisDEKHWJVDm8QFSgAegQIExAA\">\n<div class=\"tF2Cxc\">\n<div class=\"yuRUbf\"><\/div>\n<\/div>\n<\/div>\n<\/div>\n<div class=\"g\">\n<div data-hveid=\"CBYQAA\" data-ved=\"2ahUKEwis68j0jeb0AhXisDEKHWJVDm8QFSgAegQIFhAA\">\n<div class=\"tF2Cxc\">\n<div class=\"yuRUbf\">\n<div class=\"TbwUpd NJjxre\"><cite class=\"iUh30 qLRx3b tjvcx\" role=\"text\"><span class=\"dyjrff qzEoUe\" role=\"text\">\u00a0<\/span><\/cite><\/div>\n<div class=\"B6fmyf\">\n<div class=\"TbwUpd\"><\/div>\n<div class=\"eFM0qc\"><\/div>\n<\/div>\n<\/div>\n<\/div>\n<\/div>\n<\/div>\n<div class=\"g\">\n<div data-hveid=\"CBYQAA\" data-ved=\"2ahUKEwis68j0jeb0AhXisDEKHWJVDm8QFSgAegQIFhAA\">\n<div class=\"tF2Cxc\">\n<div class=\"yuRUbf\">\n<div class=\"B6fmyf\">\n<div class=\"eFM0qc\"><span class=\"ZGwO7 C0kchf NaCKVc yUTMj VDgVie\">PDF<\/span><\/div>\n<\/div>\n<\/div>\n<div class=\"IsZvec\">\n<div class=\"VwiC3b yXK7lf MUxGbd yDYNvb lyLwlc lEBKkf\">\u201c\u2026.. La importancia mundial de la enfermedad del <em>Pie Diab\u00e9tico<\/em>\u2026. est\u00e1 muy descuidada, pero es potencialmente devastadora y sus complicaciones est\u00e1n alcanzando\u00a0&#8230;<\/div>\n<div id=\"eob_32\" data-ved=\"2ahUKEwis68j0jeb0AhXisDEKHWJVDm8Q2Z0BegQIFhAC\"><\/div>\n<\/div>\n<\/div>\n<\/div>\n<\/div>\n<div class=\"g\">\n<div data-hveid=\"CBUQAA\" data-ved=\"2ahUKEwis68j0jeb0AhXisDEKHWJVDm8QFSgAegQIFRAA\">\n<div class=\"tF2Cxc\">\n<div class=\"yuRUbf\"><a href=\"https:\/\/www.ulceras.net\/monografico\/97\/83\/pie-diabetico-tratamiento.html\" data-jsarwt=\"1\" data-usg=\"AOvVaw1HMFc-34R99jMLcqtloQnR\" data-ved=\"2ahUKEwis68j0jeb0AhXisDEKHWJVDm8QFnoECAsQAQ\"><br \/>\n<\/a><\/p>\n<h3 class=\"LC20lb MBeuO DKV0Md\">Pie Diab\u00e9tico: Tratamiento | \u00dalceras.net<\/h3>\n<div class=\"TbwUpd NJjxre\"><cite class=\"iUh30 qLRx3b tjvcx\" role=\"text\">https:\/\/www.ulceras.net<span class=\"dyjrff qzEoUe\" role=\"text\"> \u203a pie-diabetico-tratamiento<\/span><\/cite><\/div>\n<div class=\"B6fmyf\">\n<div class=\"TbwUpd\"><\/div>\n<div class=\"eFM0qc\"><\/div>\n<\/div>\n<\/div>\n<\/div>\n<\/div>\n<\/div>\n<div class=\"g\">\n<div data-hveid=\"CBUQAA\" data-ved=\"2ahUKEwis68j0jeb0AhXisDEKHWJVDm8QFSgAegQIFRAA\">\n<div class=\"tF2Cxc\">\n<div class=\"IsZvec\">\n<div class=\"VwiC3b yXK7lf MUxGbd yDYNvb lyLwlc lEBKkf\">ABORDAJE DEL <em>PIE DIABETICO<\/em>. <em>Pie diabetico<\/em> La diabetes puede dar lugar a la aparici\u00f3n de lesiones cut\u00e1neas y ulceras en el 25% de los pacientes. Esto se\u00a0&#8230;<\/div>\n<div id=\"eob_30\" data-ved=\"2ahUKEwis68j0jeb0AhXisDEKHWJVDm8Q2Z0BegQIFRAC\"><\/div>\n<\/div>\n<\/div>\n<\/div>\n<\/div>\n<div class=\"g\">\n<div data-hveid=\"CBQQAA\" data-ved=\"2ahUKEwis68j0jeb0AhXisDEKHWJVDm8QFSgAegQIFBAA\">\n<div class=\"tF2Cxc\">\n<div class=\"yuRUbf\"><a href=\"https:\/\/www.podoactiva.com\/es\/blog\/pie-diabetico-consejos-y-tratamientos-para-prevenir-ulceras\" data-jsarwt=\"1\" data-usg=\"AOvVaw1WbWnlCuRJLQhfGg8ivDvU\" data-ved=\"2ahUKEwis68j0jeb0AhXisDEKHWJVDm8QFnoECAoQAQ\"><br \/>\n<\/a><\/p>\n<h3 class=\"LC20lb MBeuO DKV0Md\">Pie diab\u00e9tico. Consejos y tratamientos para prevenir \u00falceras<\/h3>\n<div class=\"TbwUpd NJjxre\"><cite class=\"iUh30 qLRx3b tjvcx\" role=\"text\">https:\/\/www.podoactiva.com<span class=\"dyjrff qzEoUe\" role=\"text\"> \u203a blog \u203a pie-diabetico-con&#8230;<\/span><\/cite><\/div>\n<div class=\"B6fmyf\">\n<div class=\"TbwUpd\"><\/div>\n<div class=\"eFM0qc\"><\/div>\n<\/div>\n<\/div>\n<\/div>\n<\/div>\n<\/div>\n<div class=\"g\">\n<div data-hveid=\"CBQQAA\" data-ved=\"2ahUKEwis68j0jeb0AhXisDEKHWJVDm8QFSgAegQIFBAA\">\n<div class=\"tF2Cxc\">\n<div class=\"IsZvec\">\n<div class=\"VwiC3b yXK7lf MUxGbd yDYNvb lyLwlc lEBKkf\">El <em>pie diab\u00e9tico<\/em> es una alteraci\u00f3n cl\u00ednica que se produce por mantener unos niveles de glucosa m\u00e1s elevados de lo habitual. Se caracteriza por:.<\/div>\n<div id=\"eob_29\" data-ved=\"2ahUKEwis68j0jeb0AhXisDEKHWJVDm8Q2Z0BegQIFBAC\"><\/div>\n<\/div>\n<\/div>\n<\/div>\n<\/div>\n<div class=\"hlcw0c\">\n<div class=\"g\">\n<div data-hveid=\"CBEQAA\" data-ved=\"2ahUKEwis68j0jeb0AhXisDEKHWJVDm8QFSgAegQIERAA\">\n<div class=\"tF2Cxc\">\n<div class=\"yuRUbf\"><a href=\"https:\/\/www.sciencedirect.com\/science\/article\/pii\/S0716864016300128\" data-jsarwt=\"1\" data-usg=\"AOvVaw0GcIqAOrhBcllAx_0_31-S\" data-ved=\"2ahUKEwis68j0jeb0AhXisDEKHWJVDm8QFnoECA4QAQ\"><br \/>\n<\/a><\/p>\n<h3 class=\"LC20lb MBeuO DKV0Md\">PIE DIAB\u00c9TICO: \u00bfPODEMOS PREVENIRLO? &#8211; ScienceDirect<\/h3>\n<div class=\"TbwUpd NJjxre\"><cite class=\"iUh30 qLRx3b tjvcx\" role=\"text\">https:\/\/www.sciencedirect.com<span class=\"dyjrff qzEoUe\" role=\"text\"> \u203a science \u203a article \u203a pii<\/span><\/cite><\/div>\n<div class=\"B6fmyf\">\n<div class=\"TbwUpd\"><\/div>\n<div class=\"eFM0qc\"><\/div>\n<\/div>\n<\/div>\n<div class=\"IsZvec\">\n<div class=\"VwiC3b yXK7lf MUxGbd yDYNvb lyLwlc lEBKkf\"><span class=\"MUxGbd wuQ4Ob WZ8Tjf\">por O Paiva<span aria-hidden=\"true\"> \u00b7 <\/span>2016<span aria-hidden=\"true\"> \u00b7 <\/span>Mencionado por 63 \u2014 <\/span>El Ministerio de Salud recomienda que todo paciente <em>diab\u00e9tico<\/em> debe ser evaluado de los <em>pies<\/em> al menos 1 vez al a\u00f1o. Cuando el paciente ya presenta alg\u00fan factor\u00a0&#8230;<\/div>\n<\/div>\n<\/div>\n<\/div>\n<\/div>\n<\/div>\n<\/div>\n","protected":false},"excerpt":{"rendered":"<p>&nbsp; Pie diab\u00e9tico &#8211; Cl\u00ednica Universidad de Navarra tps:\/\/www.cun.es \u203a enfermedades \u203a pie-diabetico Pie diab\u00e9tico: S\u00edntomas, diagn\u00f3stico y tratamiento. Cl\u00ednica &#8230; https:\/\/www.cun.es \u203a enfermedades \u203a pie-diabetico Pie diab\u00e9tico: eMdlinePlus en espa\u00f1ol https:\/\/medlineplus.gov \u203a &#8230; \u203a Temas de salud ntPie diab\u00e9tico: qu\u00e9 es, s\u00edntomas y tratamieohttps:\/\/www.topdoctors.es \u203a Diccionario m\u00e9dico | Top Doctors Gu\u00eda pr\u00e1ctica para el [&hellip;]<\/p>\n","protected":false},"author":208,"featured_media":0,"parent":0,"menu_order":0,"comment_status":"closed","ping_status":"closed","template":"","meta":[],"_links":{"self":[{"href":"https:\/\/blogs.sld.cu\/piediabetico\/wp-json\/wp\/v2\/pages\/26"}],"collection":[{"href":"https:\/\/blogs.sld.cu\/piediabetico\/wp-json\/wp\/v2\/pages"}],"about":[{"href":"https:\/\/blogs.sld.cu\/piediabetico\/wp-json\/wp\/v2\/types\/page"}],"author":[{"embeddable":true,"href":"https:\/\/blogs.sld.cu\/piediabetico\/wp-json\/wp\/v2\/users\/208"}],"replies":[{"embeddable":true,"href":"https:\/\/blogs.sld.cu\/piediabetico\/wp-json\/wp\/v2\/comments?post=26"}],"version-history":[{"count":7,"href":"https:\/\/blogs.sld.cu\/piediabetico\/wp-json\/wp\/v2\/pages\/26\/revisions"}],"predecessor-version":[{"id":120,"href":"https:\/\/blogs.sld.cu\/piediabetico\/wp-json\/wp\/v2\/pages\/26\/revisions\/120"}],"wp:attachment":[{"href":"https:\/\/blogs.sld.cu\/piediabetico\/wp-json\/wp\/v2\/media?parent=26"}],"curies":[{"name":"wp","href":"https:\/\/api.w.org\/{rel}","templated":true}]}}