{"id":29,"date":"2022-03-24T16:16:38","date_gmt":"2022-03-24T16:16:38","guid":{"rendered":"https:\/\/blogs.sld.cu\/polineuropatiadiabetica\/?page_id=29"},"modified":"2022-04-22T12:40:25","modified_gmt":"2022-04-22T12:40:25","slug":"causas-sintomas","status":"publish","type":"page","link":"https:\/\/blogs.sld.cu\/polineuropatiadiabetica\/causas-sintomas\/","title":{"rendered":"Causas\/ Sintomas"},"content":{"rendered":"<h2><strong>Causas<\/strong><\/h2>\n<p><strong>La causa de la enfermedad<\/strong><\/p>\n<h2>S\u00edntomas<\/h2>\n<p>Los s\u00edntomas pueden tardar a\u00f1os en manifestarse e incluyen \u00a0sensaciones muy molestas que van desde hormigueo, entumecimiento, calambres, hasta el dolor. Esto sucede sobre todo en la noche, en el momento del descanso y se manifiesta primero en los pies y piernas y despues en brazos y manos, dando la sensacion de un guante hastael antebrazo.<\/p>\n<p>Esto determina que la persona deba levantarse y caminar sobre superficies fr\u00edas para lograr alg\u00fan grado de alivio.<\/p>\n<p>&nbsp;<\/p>\n<ul>\n<li>las manifestaciones se describen con distribuci\u00f3n en \u201ccalcetines\u201d y las molestias ascienden por los miembros inferiores en la medida que evoluciona . Tambi\u00e9n afecta a los miembros superiores con una distribuci\u00f3n \u201cen guante\u201d. dddddddddddddddddddddddel entumecimiento puede sentirse tambien, en una parte de la cara.<\/li>\n<\/ul>\n<p>S<\/p>\n","protected":false},"excerpt":{"rendered":"<p>Causas La causa de la enfermedad S\u00edntomas Los s\u00edntomas pueden tardar a\u00f1os en manifestarse e incluyen \u00a0sensaciones muy molestas que van desde hormigueo, entumecimiento, calambres, hasta el dolor. Esto sucede sobre todo en la noche, en el momento del descanso y se manifiesta primero en los pies y piernas y despues en brazos y manos, [&hellip;]<\/p>\n","protected":false},"author":208,"featured_media":0,"parent":0,"menu_order":0,"comment_status":"closed","ping_status":"closed","template":"","meta":[],"_links":{"self":[{"href":"https:\/\/blogs.sld.cu\/polineuropatiadiabetica\/wp-json\/wp\/v2\/pages\/29"}],"collection":[{"href":"https:\/\/blogs.sld.cu\/polineuropatiadiabetica\/wp-json\/wp\/v2\/pages"}],"about":[{"href":"https:\/\/blogs.sld.cu\/polineuropatiadiabetica\/wp-json\/wp\/v2\/types\/page"}],"author":[{"embeddable":true,"href":"https:\/\/blogs.sld.cu\/polineuropatiadiabetica\/wp-json\/wp\/v2\/users\/208"}],"replies":[{"embeddable":true,"href":"https:\/\/blogs.sld.cu\/polineuropatiadiabetica\/wp-json\/wp\/v2\/comments?post=29"}],"version-history":[{"count":6,"href":"https:\/\/blogs.sld.cu\/polineuropatiadiabetica\/wp-json\/wp\/v2\/pages\/29\/revisions"}],"predecessor-version":[{"id":102,"href":"https:\/\/blogs.sld.cu\/polineuropatiadiabetica\/wp-json\/wp\/v2\/pages\/29\/revisions\/102"}],"wp:attachment":[{"href":"https:\/\/blogs.sld.cu\/polineuropatiadiabetica\/wp-json\/wp\/v2\/media?parent=29"}],"curies":[{"name":"wp","href":"https:\/\/api.w.org\/{rel}","templated":true}]}}