{"id":32,"date":"2022-03-24T16:18:27","date_gmt":"2022-03-24T16:18:27","guid":{"rendered":"https:\/\/blogs.sld.cu\/polineuropatiadiabetica\/?page_id=32"},"modified":"2022-04-19T21:26:46","modified_gmt":"2022-04-19T21:26:46","slug":"diagnostico-tratamientos","status":"publish","type":"page","link":"https:\/\/blogs.sld.cu\/polineuropatiadiabetica\/diagnostico-tratamientos\/","title":{"rendered":"Diagn\u00f2stico\/Tratamientos"},"content":{"rendered":"<p>El Diagn\u00f2stico, requiere la inspeccion clinica del paciente y pruebas de conduccion y senstbilidad<\/p>\n<p><span class=\"ILfuVd\"><span class=\"hgKElc\">&#8220;<b>Se diagnostica<\/b> mediante la realizaci\u00f3n de una prueba de velocidad de conducci\u00f3n nerviosa&#8221;. La presencia de niveles inadecuados de glucosa en sangre y otros factores que concurren con frecuencia en personas con diabetes (hipertensi\u00f3n arterial, hipercolesterolemia&#8230;)<\/span><\/span><\/p>\n<h3><\/h3>\n<h3>Tratamientos<\/h3>\n<p><span id=\"abst0005\" class=\"elsevierStyleSection elsevierViewall\">os antidepresivos tric\u00edclicos y antiepil\u00e9pticos son los f\u00e1rmacos de elecci\u00f3n en el tratamiento pero todos deben ser indicados por el m\u00e9dico puden ser utilizados\u00a0 solos o con otros medicamentos, consilte con su m\u00e9dico que le indicara el m\u00e0s conveniente para usted.<br \/>\n<\/span><\/p>\n","protected":false},"excerpt":{"rendered":"<p>El Diagn\u00f2stico, requiere la inspeccion clinica del paciente y pruebas de conduccion y senstbilidad &#8220;Se diagnostica mediante la realizaci\u00f3n de una prueba de velocidad de conducci\u00f3n nerviosa&#8221;. La presencia de niveles inadecuados de glucosa en sangre y otros factores que concurren con frecuencia en personas con diabetes (hipertensi\u00f3n arterial, hipercolesterolemia&#8230;) Tratamientos os antidepresivos tric\u00edclicos y [&hellip;]<\/p>\n","protected":false},"author":208,"featured_media":0,"parent":0,"menu_order":0,"comment_status":"closed","ping_status":"closed","template":"","meta":[],"_links":{"self":[{"href":"https:\/\/blogs.sld.cu\/polineuropatiadiabetica\/wp-json\/wp\/v2\/pages\/32"}],"collection":[{"href":"https:\/\/blogs.sld.cu\/polineuropatiadiabetica\/wp-json\/wp\/v2\/pages"}],"about":[{"href":"https:\/\/blogs.sld.cu\/polineuropatiadiabetica\/wp-json\/wp\/v2\/types\/page"}],"author":[{"embeddable":true,"href":"https:\/\/blogs.sld.cu\/polineuropatiadiabetica\/wp-json\/wp\/v2\/users\/208"}],"replies":[{"embeddable":true,"href":"https:\/\/blogs.sld.cu\/polineuropatiadiabetica\/wp-json\/wp\/v2\/comments?post=32"}],"version-history":[{"count":6,"href":"https:\/\/blogs.sld.cu\/polineuropatiadiabetica\/wp-json\/wp\/v2\/pages\/32\/revisions"}],"predecessor-version":[{"id":93,"href":"https:\/\/blogs.sld.cu\/polineuropatiadiabetica\/wp-json\/wp\/v2\/pages\/32\/revisions\/93"}],"wp:attachment":[{"href":"https:\/\/blogs.sld.cu\/polineuropatiadiabetica\/wp-json\/wp\/v2\/media?parent=32"}],"curies":[{"name":"wp","href":"https:\/\/api.w.org\/{rel}","templated":true}]}}