{"id":34,"date":"2022-03-24T16:23:33","date_gmt":"2022-03-24T16:23:33","guid":{"rendered":"https:\/\/blogs.sld.cu\/polineuropatiadiabetica\/?page_id=34"},"modified":"2022-04-19T21:41:35","modified_gmt":"2022-04-19T21:41:35","slug":"prevencion","status":"publish","type":"page","link":"https:\/\/blogs.sld.cu\/polineuropatiadiabetica\/prevencion\/","title":{"rendered":"Prevenci\u00f3n"},"content":{"rendered":"<p>Si las personas con diabetes pudieran experimentar algunos de los s\u00edntomas de la enfermedad antes de padecerla, se cuidar\u00edan mucho de mantener las cifras de glicemia en los l\u00edmites normales, pero los s\u00edntomas pueden tardar a\u00f1os en manifestarse \u00a0\u00a0y cuando lo hacen, el da\u00f1o en los nervios, ya es un hecho. Los s\u00edntomas son muy diversos, y molestos, en dependencia del tipo de neuropat\u00eda que se padezca. La mejor forma de prevenir la enfermedades llevar una\u00a0\u00a0 dieta sana, no tener h\u00e1bitos t\u00f3xicos como el fumar o beber alcohol y realizar ejercicios f\u00edsicos de forma regular , son la mejor forma de mantener nuestro organismo sano. \u00a0La ingesti\u00f3n excesiva de grasas hace que las mismas no se metabolicen y quedan por lo tanto en los vasos sangu\u00edneos y forman con el tiempo las llamadas placas de ateroma, que tantos problemas pueden causar, ya que se acumulan en las paredes de los vasos sangu\u00edneos e impiden el flujo normal de la sangre. Lo mismo sucede con el metabolismo de los azucares, que al no poder ser procesado todos, se comienzan a acumular en los tejidos y causan los problemas en los vasos sangu\u00edneos y en los nervios, estructuras que deben tener v\u00eda libre al paso de la sangre y a los impulsos nerviosos. La prevencion eel control estricto de la glicemia.ya instaurada la polineuropatia es irreversible pero aun padeciendola el control de la glicemia y mantenerla en limites adecuados, evita que no se da\u00f1en otros nervios. Las c\u00e9lulas de tu cuerpo llevan trabajando para ti, desde que naciste, cuidalas, no las sometas a excesos. ni a sustancias nocivas.<\/p>\n","protected":false},"excerpt":{"rendered":"<p>Si las personas con diabetes pudieran experimentar algunos de los s\u00edntomas de la enfermedad antes de padecerla, se cuidar\u00edan mucho de mantener las cifras de glicemia en los l\u00edmites normales, pero los s\u00edntomas pueden tardar a\u00f1os en manifestarse \u00a0\u00a0y cuando lo hacen, el da\u00f1o en los nervios, ya es un hecho. Los s\u00edntomas son muy [&hellip;]<\/p>\n","protected":false},"author":208,"featured_media":0,"parent":0,"menu_order":0,"comment_status":"closed","ping_status":"closed","template":"","meta":[],"_links":{"self":[{"href":"https:\/\/blogs.sld.cu\/polineuropatiadiabetica\/wp-json\/wp\/v2\/pages\/34"}],"collection":[{"href":"https:\/\/blogs.sld.cu\/polineuropatiadiabetica\/wp-json\/wp\/v2\/pages"}],"about":[{"href":"https:\/\/blogs.sld.cu\/polineuropatiadiabetica\/wp-json\/wp\/v2\/types\/page"}],"author":[{"embeddable":true,"href":"https:\/\/blogs.sld.cu\/polineuropatiadiabetica\/wp-json\/wp\/v2\/users\/208"}],"replies":[{"embeddable":true,"href":"https:\/\/blogs.sld.cu\/polineuropatiadiabetica\/wp-json\/wp\/v2\/comments?post=34"}],"version-history":[{"count":8,"href":"https:\/\/blogs.sld.cu\/polineuropatiadiabetica\/wp-json\/wp\/v2\/pages\/34\/revisions"}],"predecessor-version":[{"id":96,"href":"https:\/\/blogs.sld.cu\/polineuropatiadiabetica\/wp-json\/wp\/v2\/pages\/34\/revisions\/96"}],"wp:attachment":[{"href":"https:\/\/blogs.sld.cu\/polineuropatiadiabetica\/wp-json\/wp\/v2\/media?parent=34"}],"curies":[{"name":"wp","href":"https:\/\/api.w.org\/{rel}","templated":true}]}}