{"id":44,"date":"2022-04-17T03:12:47","date_gmt":"2022-04-17T03:12:47","guid":{"rendered":"https:\/\/blogs.sld.cu\/polineuropatiadiabetica\/?page_id=44"},"modified":"2022-04-17T18:55:27","modified_gmt":"2022-04-17T18:55:27","slug":"acerca-de","status":"publish","type":"page","link":"https:\/\/blogs.sld.cu\/polineuropatiadiabetica\/acerca-de\/","title":{"rendered":"Acerca de"},"content":{"rendered":"<p><img loading=\"lazy\" class=\"alignnone wp-image-21\" src=\"https:\/\/blogs.sld.cu\/polineuropatiadiabetica\/files\/2022\/02\/nnnnnneeerrrjpg.jpg\" alt=\"\" width=\"334\" height=\"222\" srcset=\"https:\/\/blogs.sld.cu\/polineuropatiadiabetica\/files\/2022\/02\/nnnnnneeerrrjpg.jpg 275w, https:\/\/blogs.sld.cu\/polineuropatiadiabetica\/files\/2022\/02\/nnnnnneeerrrjpg-250x166.jpg 250w\" sizes=\"(max-width: 334px) 100vw, 334px\" \/><\/p>\n<p>Las neuropat\u00edas pueden ser:<\/p>\n<h3><strong>Hereditarias y no hereditarias<\/strong><\/h3>\n<h3><strong>Agudas y Cronicas<\/strong><\/h3>\n<p>&nbsp;<\/p>\n<p><strong>Perif\u00e9ricas<\/strong>:<\/p>\n<p>Las Polineuropatias pueden ser Hereditarias y no HereditariasEs la La Polineuropatia diabetica es una enfermedad No Hereditaria. Cronica y existen vmarios tipos. La mas comun\u00e1s com\u00fan y se corresponde con los s\u00edntomas descritos . Afecta las extremidades inferiores y tambi\u00e9n las superiores (brazos y manos, calambres, se afectan los nervios sensitivo-motores. Tambi\u00e9n afectan los receptores Por lo que es est\u00e1n prometidos. Los receptores de la sensibilidad general presentes en la piel gruesa de la palma de las manos y la planta de los pies. En las manos da la sensaci\u00f3n de tener puestos guantes de malla de hierro como los que usan los carniceros. En los pies entumecimiento y calambres y como se presionaran entrdos maderas.\u00a0 Receptores para el frio, el calor, el tanto el tacto fino, la presi\u00f3n. El dolor neuropatico es un dolor puntual y que comienza en la superficie y profundiza.<\/p>\n<p><strong>Auton\u00f3micas<\/strong> En este caso est\u00e1n da\u00f1ados nervios del sistema aut\u00f3nomo, que controlan \u00f3rganos internos, por lloque se pueden afectar las funciones del coraz\u00f3n, el ritmo cardiaco y la presi\u00f3n arterial\u00a0 \u00f3rganos del sistema digestivo, por lo que las digestiones iones pueden ser m\u00e1s lentas y puede haber estre\u00f1imiento o diarreas. Tambi\u00e9n se pueden afectar\u00a0 los \u00f3rganos del sistema reproductor en ambos sexos. Los ojos, el o\u00eddo, Tambi\u00e9n puede haber trastornos en\u00a0 la glicemia se pueden afectar las gl\u00e1ndulas las sudor\u00edparas y los ojos.<\/p>\n<p>&nbsp;<\/p>\n<p><strong>Focal: Es la neuropat\u00eda que afecta a un nervio individual, por ejemplo en la mano<\/strong><\/p>\n","protected":false},"excerpt":{"rendered":"<p>Las neuropat\u00edas pueden ser: Hereditarias y no hereditarias Agudas y Cronicas &nbsp; Perif\u00e9ricas: Las Polineuropatias pueden ser Hereditarias y no HereditariasEs la La Polineuropatia diabetica es una enfermedad No Hereditaria. Cronica y existen vmarios tipos. La mas comun\u00e1s com\u00fan y se corresponde con los s\u00edntomas descritos . Afecta las extremidades inferiores y tambi\u00e9n las superiores [&hellip;]<\/p>\n","protected":false},"author":208,"featured_media":0,"parent":0,"menu_order":0,"comment_status":"closed","ping_status":"closed","template":"","meta":[],"_links":{"self":[{"href":"https:\/\/blogs.sld.cu\/polineuropatiadiabetica\/wp-json\/wp\/v2\/pages\/44"}],"collection":[{"href":"https:\/\/blogs.sld.cu\/polineuropatiadiabetica\/wp-json\/wp\/v2\/pages"}],"about":[{"href":"https:\/\/blogs.sld.cu\/polineuropatiadiabetica\/wp-json\/wp\/v2\/types\/page"}],"author":[{"embeddable":true,"href":"https:\/\/blogs.sld.cu\/polineuropatiadiabetica\/wp-json\/wp\/v2\/users\/208"}],"replies":[{"embeddable":true,"href":"https:\/\/blogs.sld.cu\/polineuropatiadiabetica\/wp-json\/wp\/v2\/comments?post=44"}],"version-history":[{"count":3,"href":"https:\/\/blogs.sld.cu\/polineuropatiadiabetica\/wp-json\/wp\/v2\/pages\/44\/revisions"}],"predecessor-version":[{"id":66,"href":"https:\/\/blogs.sld.cu\/polineuropatiadiabetica\/wp-json\/wp\/v2\/pages\/44\/revisions\/66"}],"wp:attachment":[{"href":"https:\/\/blogs.sld.cu\/polineuropatiadiabetica\/wp-json\/wp\/v2\/media?parent=44"}],"curies":[{"name":"wp","href":"https:\/\/api.w.org\/{rel}","templated":true}]}}