{"id":55,"date":"2022-04-17T14:31:36","date_gmt":"2022-04-17T14:31:36","guid":{"rendered":"https:\/\/blogs.sld.cu\/polineuropatiadiabetica\/?page_id=55"},"modified":"2022-04-17T17:11:44","modified_gmt":"2022-04-17T17:11:44","slug":"goosario","status":"publish","type":"page","link":"https:\/\/blogs.sld.cu\/polineuropatiadiabetica\/goosario\/","title":{"rendered":"G\u00f2osario"},"content":{"rendered":"<h3>Relacionados con la Polineuropatia<\/h3>\n<p><strong>AFASIA<\/strong>:<\/p>\n<p>Alteraci\u00f3n del lenguaje\/comunicaci\u00f3n oral. El paciente no entiende lo que se le dice, no puede expresarse correctamente o ambas cosas. En los casos graves el paciente es incapaz por completo de comunicarse. En casos leves, puede manifestarse como una dificultad para encontrar las palabras adecuadas en cada momento y\/o comprender expresiones complejas.<\/p>\n<p><strong>ANOSOGNOSIA<\/strong>:<\/p>\n<p>Enfermedad que consiste en no tener conciencia del mal notorio que se padece.<\/p>\n<p><strong>ANTICOAGULANTE<\/strong>:<\/p>\n<p>Los anticoagulantes son medicamentos que previenen la formaci\u00f3n de co\u00e1gulos sangu\u00edneos. Tambi\u00e9n evitan que los co\u00e1gulos de sangre ya existentes se hagan m\u00e1s grandes. Disminuye el riesgo de que se repitan las embolias cerebrales.<\/p>\n<p><strong>APOPLEJ\u00cdA<\/strong>:<\/p>\n<p>Es una hemorragia dentro de un \u00f3rgano o una p\u00e9rdida de la circulaci\u00f3n sangu\u00ednea que se dirige hacia un \u00f3rgano, por un co\u00e1gulo de sangre que tapona un vaso sangu\u00edneo. Cuando la palabra \u00abapoplej\u00eda\u00bb se utiliza sola, sin especificar ning\u00fan \u00f3rgano, se refiere a una apoplej\u00eda cerebral.<\/p>\n<p><strong>ANEURISMA CEREBRAL<\/strong>:<\/p>\n<p>Enfermedad cerebrovascular en la cual una \u201cdebilidad\u201d en la pared de una arteria o vena ocasiona una dilataci\u00f3n o \u201cabalonamiento\u201d de un segmento localizado en la pared del vaso sangu\u00edneo.<\/p>\n<p><strong>APRAXIA<\/strong>:<\/p>\n<p>S\u00edndrome adquirido por da\u00f1o cerebral que se manifiesta en la incapacidad o alteraci\u00f3n para hacer un movimiento preciso intencionado.<\/p>\n<p><strong>ARTERIOESCLEROSIS<\/strong>:<\/p>\n<p>Lesi\u00f3n de la pared de las arterias, provocada por el dep\u00f3sito de l\u00edpidos (grasas) y otras sustancias (a veces calcio). Este dep\u00f3sito produce rigidez de las arterias. Da lugar a la formaci\u00f3n de \u201cplacas de ateroma\u201d. Las placas de ateroma pueden afectar a las car\u00f3tidas ya las arterias del cerebro. Estas placas pueden dar lugar a la formaci\u00f3n de peque\u00f1os trombos que son liberados al torrente sangu\u00edneo, obstruyendo la circulaci\u00f3n cerebral en puntos m\u00e1s alejados del \u00e1rbol arterial y produciendo un ataque vascular cerebral. Tambi\u00e9n pueden provocar una obstrucci\u00f3n en el mismo lugar de la placa, produciendo, as\u00ed mismo, un ataque vascular cerebral.<\/p>\n<p><strong>ATAQUE ISQU\u00c9MICO TRANSITORIO<\/strong>:<\/p>\n<p>Es aquel ataque vascular cerebral cuyos s\u00edntomas desaparecen espont\u00e1neamente en menos de 24 horas (generalmente 15 a 30 minutos).<\/p>\n<p><strong>ATAQUE VASCULAR CEREBRAL<\/strong>:<\/p>\n<p>Cuadro brusco, producido por la obstrucci\u00f3n o por la rotura de un vaso cerebral. En el caso de la obstrucci\u00f3n, se habla de un \u201cataque vascular cerebral isqu\u00e9mico\u201d. En el caso de la hemorragia se habla de un \u201cataque vascular cerebral hemorr\u00e1gico\u201d. Los s\u00edntomas aparecen de forma aguda (minutos y horas) y dependen de la zona del cerebro que se afecta. Puede consistir en afasia, hemiparesia, hemihipoestesias, incoordinaci\u00f3n, alteraci\u00f3n de la marcha, etc. (ver las definiciones correspondientes)<\/p>\n<p><strong>ATAXIA<\/strong>:<\/p>\n<p>S\u00edntoma neurol\u00f3gico que consiste en una incoordinaci\u00f3n motora. Cuando afecta a las piernas produce dificultad para caminar, el paciente camina con los pies m\u00e1s separados de lo normal. Cuando afecta a las extremidades superiores, los movimientos son imprecisos e incontrolados.<\/p>\n<p><strong>AXON<\/strong><\/p>\n<p>Prolongacion neuronal que constituyen junto con la mielina los nervvios en el sistema nervioso.conducen los estimulos alejandolosdel cuerpo neuronal.<\/p>\n<p><strong>ATENCI\u00d3N<\/strong>:<br \/>\nEstrechamente ligada a la conciencia (vigilancia), es la funci\u00f3n psicol\u00f3gica que permite seleccionar un est\u00edmulo o grupo de ellos del conjunto de una experiencia y que implica generalmente, un esfuerzo del sujeto para conseguirlo.<\/p>\n<p><strong><em>C<\/em><\/strong><\/p>\n<p><strong>C\u00c9LULA<\/strong><\/p>\n<p>Es la unidad morfol\u00f3gica y funcional de todo ser vivo.<\/p>\n<p><strong>CELULAS MADRES<\/strong>:<\/p>\n<p>Son c\u00e9lulas que se encuentran en todos los organismos pluricelulares y que tienen la capacidad de dividirse (a trav\u00e9s de la mitosis) y diferenciarse en diversos tipos de c\u00e9lulas especializadas, adem\u00e1s de autorrenovarse para producir m\u00e1s c\u00e9lulas madre.<\/p>\n<p><strong>CEREBRO<\/strong>:<\/p>\n<p>Uno de los centros nerviosos constitutivos del enc\u00e9falo, existente en todos los vertebrados y situado en la parte anterior y superior de la cavidad cranial.<\/p>\n<p><strong>CEREBELO<\/strong>:<\/p>\n<p>Parte posterior del enc\u00e9falo, constituida por una masa de tejido nervioso y que se encarga de la coordinaci\u00f3n muscular y otros movimientos no controlados por la voluntad.<br \/>\nCONTUNSION CEREBRAL<br \/>\nEs un tipo de da\u00f1o cerebral adquirido, es un trauma en el tejido cerebral<\/p>\n<p><strong>CONVULSI\u00d3N<\/strong>:<\/p>\n<p>Rigidez involuntaria, seguida o no de \u201csacudidas\u201d, que afectan a una extremidad, a la mitad del cuerpo o todo el cuerpo. Se acompa\u00f1an de p\u00e9rdida de conciencia. El paciente puede morderse la lengua, o arrojar saliva por la boca. Duran uno o varios minutos.<\/p>\n<p>Cuando cede, el paciente suele quedar inconsciente o desorientado durante un tiempo.<br \/>\nGeneralmente no recuerda lo que le ha ocurrido. Se produce por una activaci\u00f3n an\u00f3mala y excesiva de algunas neuronas del cerebro.<\/p>\n<p>&nbsp;<\/p>\n<p><strong>DA\u00d1O CEREBRAL ADQUIRIDO<\/strong><\/p>\n<p>Muerte de neuronas por una causa externa (traumatismo, da\u00f1o quir\u00fargico) o interna (ACV-ACCIDENTE CEREBRO-VASCULAR, an\u00f3xia, tumores, etc) que se produce durante la vida del paciente. Con lleva p\u00e9rdida de funciones cognitivas (cuanto m\u00e1s grave, m\u00e1s p\u00e9rdida).<\/p>\n<p><strong>DIASQUISIS<\/strong>:<\/p>\n<p>La diasquisis es un fen\u00f3meno inhibitorio y sin\u00e1ptico tras un ictus Se trata de una estrategia biol\u00f3gica de defensa, que tiende a evitar la sobrecarga de las estructuras atacadas por la lesi\u00f3n, por lo tanto aquellas \u00e1reas y estructuras que no se encuentran anat\u00f3micamente conectadas con las que se encuentran lesionadas y que sin embargo se encuentran all\u00ed funcionalmente conectadas, o con las cuales participan de forma sin\u00e9rgica dentro de algunas funciones a trav\u00e9s del continuo intercambio de informaci\u00f3n, vienen inhibidas.<\/p>\n<p><strong>DISARTRIA<\/strong>:<\/p>\n<p>Dificultad en la articulaci\u00f3n de la palabra. El paciente sabe lo que quiere decir y emite las palabras correspondientes, pero las pronuncia con dificultad. En casos extremos puede ser imposible la comprensi\u00f3n.<\/p>\n<p><strong>DISFAGIA<\/strong>:<\/p>\n<p>Dificultad para deglutir (tragar) los alimentos. El paciente se atraganta o tose al intentar deglutir o es incapaz de hacerlo. En las enfermedades neurol\u00f3gicas la dificultad suele ser mayor o limitada a la ingesta de l\u00edquidos.<\/p>\n<p><strong>DISFONIA<\/strong>:<\/p>\n<p>Cambio en el tono de la voz.<\/p>\n<p><strong><em>E<\/em><\/strong><\/p>\n<p><strong>EQUILIBRIO<\/strong><\/p>\n<p>Estado de inmovilidad de un cuerpo sometido a dos o m\u00e1s fuerzas de la misma intensidad que act\u00faan en sentido opuesto, por lo que se contrarrestan o anulan.<\/p>\n<p><strong>EMBOLISMO CEREBRAL<\/strong>:<\/p>\n<p>Es el ataque vascular cerebral isqu\u00e9mico que se produce cuando una arteria del cerebro es obstruida por un \u00e9mbolo, es decir, por un material que es vehiculizado por la sangre.<\/p>\n<p>Cuando este trombo est\u00e1 constituido por un co\u00e1gulo de sangre que viene del coraz\u00f3n se habla de CARDIOEMBOLISMO. Estos \u00e9mbolos, procedentes del coraz\u00f3n, se forman en las cavidades cardiacas en pacientes con arritmia y\/o determinadas enfermedades cardiacas.<\/p>\n<p>Otras veces el \u00e9mbolo procede de agregados plaquetarios formados sobre placas de ateroma. Muy raramente, los \u00e9mbolos est\u00e1n constituidos por sustancias extra\u00f1as que circulan por el torrente sangu\u00edneo (por ejemplo en pacientes que utilizan drogas por v\u00eda endovenosa).<\/p>\n<p><strong>ENC\u00c9FALO<\/strong>:<\/p>\n<p>Parte central del sistema nervioso de los vertebrados, encerrada y protegida en la cavidad craneal y formada por el cerebro, el cerebelo y el bulbo raqu\u00eddeo.<\/p>\n<p><strong>ESPASTISIDAD<\/strong>:<\/p>\n<p>Hiperton\u00eda muscular de origen cerebral que se manifiesta por espasmos.<\/p>\n<p><strong>EPILEPSIA<\/strong>:<\/p>\n<p>Enfermedad caracterizada por la repetici\u00f3n de crisis epil\u00e9pticas. Las crisis epil\u00e9pticas (convulsiones y\/u otros tipos de crisis epil\u00e9ptica) pueden ser la \u00fanica manifestaci\u00f3n de la enfermedad o ser causadas por otras enfermedades cerebrales y\/o asociarse a otros s\u00edntomas neurol\u00f3gicos.<\/p>\n<p><strong><em>F<\/em><\/strong><\/p>\n<p><strong>FISIOTERAPEUTA<\/strong>:<\/p>\n<p>Profesional sanitario encargado de la Fisioterapia.<\/p>\n<p><strong>FISIOTERAPIA<\/strong>:<\/p>\n<p>Tratamiento basado en m\u00e9todos curativos naturales como el aire, el agua, la luz, etc., o mec\u00e1nicos, como el masaje, la gimnasia, etc. Es aplicada por el fisioterapeuta. En el caso de los pacientes que han sufrido un ictus, suele iniciarse con la movilizaci\u00f3n pasiva (por parte del fisioterapeuta) de las extremidades (tanto sanas como las paralizadas) del enfermo.<\/p>\n<p>&nbsp;<\/p>\n<p><strong>HEMATOMA CEREBRAL INTRAPARENQUIMATOSO<\/strong>:<\/p>\n<p>Ac\u00famulo de sangre dentro del tejido cerebral. Se manifiesta como ictus agudo.<\/p>\n<p><strong>HEMATOMA EPIDURAL<\/strong>:<\/p>\n<p>Ac\u00famulo de sangre entre los huesos del cr\u00e1neo y la duramadre (cubierta membranosa que recubre el cerebro). Suele ser causado por traumatismos.<\/p>\n<p><strong>HEMATOMA INTRACRANEAL<\/strong>:<\/p>\n<p>Ac\u00famulo de s\u00e1ngre en el interior del cr\u00e1neo. Se manifiesta cl\u00ednicamente como un ictus. Se sospecha por los s\u00edntomas presentados por el paciente y los hallazgos en la exploraci\u00f3n. Se confirma el diagn\u00f3stico por t\u00e9cnicas de neuroimagen (tomograf\u00eda computadorizada o resonancia magn\u00e9tica).<\/p>\n<p><strong>HEMATOMA SUBDURAL<\/strong>:<\/p>\n<p>Ac\u00famulo de sangre entre la duramadre y la aracnoides (dos de las cubiertas que recubren el cerebro)<\/p>\n<p><strong>HEMIPARESIA<\/strong>:<\/p>\n<p>Dificultad para mover el brazo y la pierna del mismo lado del cuerpo.<\/p>\n<p><strong>HEMIPLEJIA<\/strong>:<\/p>\n<p>Imposibilidad o dificultad para mover el brazo y la pierna del mismo lado del cuerpo.<\/p>\n<p><strong>HEMIPLEJIA IZQUIERDA<\/strong>:<\/p>\n<p>Imposibilidad o dificultad para mover el brazo y la pierna izquierda tras un ictus.<\/p>\n<p><strong>HEMIPLEJIA DERECHA<\/strong>:<\/p>\n<p>Imposibilidad o dificultad para mover el brazo y la pierna derecha tras un ictus.<\/p>\n<p><strong>HEMORRAGIA<\/strong>:<\/p>\n<p>Rotura de un vaso sangu\u00edneo. Esto hace que la sangre se derrame faltando sangre y por tanto ox\u00edgeno, provocando muerte neuronal e invasi\u00f3n de otras cavidades, pudiendo provocar tambi\u00e9n presi\u00f3n sobre las estructuras cerebrales y da\u00f1arlas.<\/p>\n<p><strong>HEMORRAGIA CEREBRAL<\/strong>:<\/p>\n<p>Ac\u00famulo de sangre en el interior del cerebro. Es un t\u00e9rmino gen\u00e9rico que no especifica el lugar exacto en el que se localiza la sangre. Se manifiesta cl\u00ednicamente como un ictus y el diagn\u00f3stico se confirma mediante t\u00e9cnicas de neuroimagen.<\/p>\n<p><strong>HEMORRAGIA CEREBRAL INTRAPARENQUIMATOSA<\/strong>:<\/p>\n<p>Ac\u00famulo de sangre en el interior del tejido cerebral. Se manifiesta cl\u00ednicamente como un ictus. El diagn\u00f3stico se confirma con t\u00e9cnicas de neuroimagen.<\/p>\n<p><strong>HEMORRAGIA CEREBRAL INTRAVENTRICULAR<\/strong>:<\/p>\n<p>Ac\u00famulo de sangre en el interior de los ventr\u00edculos cerebrales (cavidades llenas de l\u00edquido cefalorraqu\u00eddeo que se encuentran en el interior del cerebro).<\/p>\n<p><strong>HEMORRAGIA SUBARACNOIDEA<\/strong>:<\/p>\n<p>Sangrado intracraneal en el que la sangre se localiza entre la aracnoides (una de las membranas que recubre el cerebro) y la superficie cerebral. Se suele manifestar como una cefalea aguda muy intensa y\/o p\u00e9rdida de conciencia brusca y\/o s\u00edntomas de alteraci\u00f3n neurol\u00f3gica focal.<\/p>\n<p><strong>HIPERTENSI\u00d3N ARTERIAL<\/strong>:<\/p>\n<p>Proceso caracterizado por la presencia mantenida, en ausencia de tratamiento, de una tensi\u00f3n arterial sist\u00f3lica mayor de 140 mmHg y\/o diast\u00f3lica superior a 90 mmHg.<\/p>\n<p><strong><em>I<\/em><\/strong><\/p>\n<p><strong>ICTUS<\/strong>:<\/p>\n<p>Sin\u00f3nimo de ATAQUE VASCULAR CEREBRAL. Cuadro brusco, producido por la obstrucci\u00f3n o por la rotura de un vaso cerebral. En el caso de la obstrucci\u00f3n, se habla de un \u201cictus isqu\u00e9mico\u201d. En el caso de la hemorragia se habla de un \u201cictus hemorr\u00e1gico\u201d. Los s\u00edntomas aparecen de forma aguda (minutos y horas) y dependen de la zona del cerebro que se afecta. Puede consistir en afasia, hemiparesia, hemihipoestesias, incoordinaci\u00f3n, alteraci\u00f3n de la marcha, etc. (ver las definiciones correspondientes)<\/p>\n<p><strong>ICTUS ATEROTROMB\u00d3TICO<\/strong>:<\/p>\n<p>Ictus isqu\u00e9mico producido por lesiones arterioescler\u00f3ticas que afectan a las car\u00f3tidas o a las arterias del interior de la cabeza. Pueden producir una obstrucci\u00f3n local, en el lugar de le lesi\u00f3n arteriorescler\u00f3tica (trombosis) o por la obstrucci\u00f3n por \u00e9mbolos constituidos por agregados de plaquetas que se forman sobre las lesiones arterioscler\u00f3ticas, que se desprenden y pasan al torrente sangu\u00edneo y obstruyen vasos de menor tama\u00f1o.<\/p>\n<p><strong>ICTUS CARDIOEMB\u00d3LICO<\/strong>:<\/p>\n<p>Ictus isqu\u00e9mico que se produce cuando un vaso intracraneal se obstruye por un \u00e9mbolo (co\u00e1gulo) procedente del coraz\u00f3n.<\/p>\n<p><strong>ICTUS HEMORR\u00c1GICO<\/strong>:<\/p>\n<p>Sin\u00f3nimo de hemorragia cerebral.<\/p>\n<p><strong>ICTUS ISQU\u00c9MICO<\/strong>:<\/p>\n<p>Ictus secundario a la obstrucci\u00f3n de un vaso cerebral<\/p>\n<p><strong>ICTUS CEREBELOSO<\/strong>:<\/p>\n<p>Ictus que afecta la parte posterior del enc\u00e9falo, constituida por una masa de tejido nervioso y que se encarga de la coordinaci\u00f3n muscular y otros movimientos no controlados por la voluntad. Este puede causar hipoton\u00eda postural y el deterioro de algunas reacciones de los m\u00fasculos hipot\u00f3nicos. Grados leves de debilidad y fatiga de los m\u00fasculos. Anomal\u00edas en el ritmo, la regularidad y la fuerza de los movimientos voluntarios. Alteraci\u00f3n de algunos movimientos asociados.<\/p>\n<p><strong>ISQUEMIA<\/strong>:<\/p>\n<p>Bloqueo en un vaso sangu\u00edneo del cerebro. Tipos: co\u00e1gulo pegado a la pared de \u00e9ste (trombo) o co\u00e1gulo que ha circulado hasta llegar al cerebro y se ha bloqueado en un vaso m\u00e1s peque\u00f1o (embolia).<\/p>\n<p><strong>INFARTO CEREBRAL<\/strong>:<\/p>\n<p>Lesi\u00f3n del tejido cerebral secundaria a la obstrucci\u00f3n de un vaso cerebral. El tejido dependiente de dicho vaso se necrosa, muere, siendo ese tejido muerto lo que se denomina infarto cerebral. Se manifiesta cl\u00ednicamente como un ictus isqu\u00e9mico.<\/p>\n<p><strong>INFARTO CEREBRAL ATEROTROMB\u00d3TICO<\/strong>:<\/p>\n<p>Es el infarto cerebral producido por lesiones arterioescler\u00f3ticas. V\u00e9ase ictus aterotromb\u00f3tico.<\/p>\n<p><strong>INFARTO CEREBRAL CARDIOEMB\u00d3LICO<\/strong>:<\/p>\n<p>Al ACV Isqu\u00e9mico de origen Cardioemb\u00f3lico se le ha definido \u201ccomo la presencia de una fuente potencial de cardioembolia en ausencia de enfermedad cerebrovascular, en un paciente con accidente isqu\u00e9mico.<\/p>\n<p><strong>INFARTO CEREBRAL EMB\u00d3LICO<\/strong>:<\/p>\n<p>Infarto cerebral producido por un embolismo cerebral.<\/p>\n<p><strong><em>M<\/em><\/strong><\/p>\n<p><strong>MOTRICIDAD<\/strong><\/p>\n<p>Capacidad del sistema nervioso central de producir la contracci\u00f3n de un m\u00fasculo.<\/p>\n<p><strong><em>N<\/em><\/strong><\/p>\n<p><strong>NEGLECT<\/strong><\/p>\n<p>Es una anomal\u00eda estrechamente relacionada a la dificultad de explorar el espacio visual izquierdo, no es una deficiencia visual, sino m\u00e1s bien la dificultad de considerar y dirigir la atenci\u00f3n hacia el lado izquierdo de su entorno, incluyendo su propio cuerpo.<\/p>\n<p><strong>NEURONAS<\/strong>:<br \/>\nSon un tipo de c\u00e9lulas del sistema nervioso cuya principal funci\u00f3n es la excitabilidad el\u00e9ctrica de su membrana plasm\u00e1tica; est\u00e1n especializadas en la recepci\u00f3n de est\u00edmulos y conducci\u00f3n del impulso nervioso la mayor\u00eda de las neuronas no se dividen una vez alcanzada su madurez; no obstante, una minor\u00eda s\u00ed lo hace.<\/p>\n<p><strong>NEUROG\u00c9NESIS<\/strong>:<\/p>\n<p>Es el proceso por el cual se generan nuevas neuronas a partir de c\u00e9lulas madre y c\u00e9lulas progenitoras.<\/p>\n<p><strong>NEUR\u00d3LOGO<\/strong>:<\/p>\n<p>Profesional de la medicina especializado en el tratamiento de las enfermedades del sistema nervioso central y perif\u00e9rico.<\/p>\n<p><strong>NEUROPROTECCI\u00d3N<\/strong>:<\/p>\n<p>Tratamiento que se instaura en la fase aguda de un ictus, con el objetivo de evitar la muerte de las c\u00e9lulas nerviosas parcialmente afectadas por la isquemia. Hasta el momento ninguno de los f\u00e1rmacos investigados ha demostrado su eficacia.<\/p>\n<p><strong><em>P<\/em><\/strong><\/p>\n<p><strong>PACIENTE<\/strong>:<\/p>\n<p>Persona que encuentra bajo atenci\u00f3n m\u00e9dica.<\/p>\n<p><strong>PAYPAL<\/strong>:<\/p>\n<p>Sistema de pago en linea que soporta transferencias de dinero entre usuarios y sirve como una alternativa electr\u00f3nica a los m\u00e9todos de pago tradicionales como cheques y giros postales.<\/p>\n<p><strong>PERCEPCI\u00d3N<\/strong>:<\/p>\n<p>Sensaci\u00f3n interior que resulta de una impresi\u00f3n material hecha en nuestros sentidos.<\/p>\n<p><strong>PIE EQUINO<\/strong>:<\/p>\n<p>Es una deformidad del pie en la que este se encuentra permanentemente en una posici\u00f3n de flexi\u00f3n plantar, con el calc\u00e1neo invertido por lo que el paciente afectado cuando camina apoya la regi\u00f3n anterior del pie (marcha de puntillas) y el tal\u00f3n no entra en contacto con el suelo. La persona con pie equino tiene limitada la flexibilidad para levantar la parte superior del pie hacia la zona anterior de la pierna. Puede estar afectado \u00fanicamente un pie o ambos. Puede ser una secuela de accidente cerebrovascular.<\/p>\n<p><strong>PLASTICIDAD CEREBRAL<\/strong>:<\/p>\n<p>Se refiere a la capacidad adaptativa del sistema nervioso central para modificar su propia estructura tras una lesi\u00f3n. La importancia de esta capacidad ha venido a ser apreciada s\u00f3lo recientemente. La plasticidad incluye tambi\u00e9n cambios en la estructura, distribuci\u00f3n y n\u00famero de sinapsis en el cerebro.<\/p>\n<p><strong><em>R<\/em><\/strong><\/p>\n<p><strong>REHABILITACI\u00d3N<\/strong>:<\/p>\n<p>Es el conjunto de m\u00e9todos que tiene por finalidad la recuperaci\u00f3n de una actividad o funci\u00f3n perdida o disminuida por traumatismo o enfermedad. En el caso del ictus incluye todos aquellos procedimientos que tratan de recuperar la funci\u00f3n de las extremidades que han quedado paralizadas, la recuperaci\u00f3n de la capacidad de andar, de autocuidarse, etc. Existen multiples m\u00e9todos de rehabilitaci\u00f3n, siendo la rehabilitaci\u00f3n neurocognitiva una t\u00e9cnica enfocada a la recuperaci\u00f3n de las funciones cognitivas.<\/p>\n<p><strong>REHABILITACI\u00d3N NEUROCOGNITIVA<\/strong><\/p>\n<p>La rehabilitaci\u00f3n neurocognitiva, tambi\u00e9n llamada rehabilitaci\u00f3n de las funciones cerebrales superiores, o conocida como m\u00e9todo perfetti, es una t\u00e9cnica terap\u00e9utica destinada a mejorar los d\u00e9ficits neurocognitivos producidos por procesos que afectan el normal funcionamiento del cerebro tras un ictus. Este metodo centra su esfuerzo en destinar ejercicios cerebrales dirigidos a recuperar capacidades como la atenci\u00f3n, percepcion, memoria, lenguaje, y la resolucion de problemas.<\/p>\n<p><strong>REHABILITADOR<\/strong>:<\/p>\n<p>Profesional de la medicina especializado en la rehabilitaci\u00f3n.<\/p>\n<p><strong>S<\/strong><\/p>\n<p><strong>SISTEMA NERVIOSO CENTRAL<\/strong><\/p>\n<p>Est\u00e1 constituido por el enc\u00e9falo y la m\u00e9dula espinal. Se encuentra protegido por tres membranas: duramadre (membrana externa), aracnoides (intermedia), piamadre (membrana interna), denominadas gen\u00e9ricamente meninges.<\/p>\n<p>Adem\u00e1s, el enc\u00e9falo y la m\u00e9dula espinal est\u00e1n protegidos por envolturas \u00f3seas, que son el cr\u00e1neo y la columna vertebral respectivamente. Se trata de un sistema muy complejo, ya que se encarga de percibir est\u00edmulos procedentes del mundo exterior, procesar la informaci\u00f3n y transmitir impulsos a nervios y m\u00fasculos.<\/p>\n<p><strong>T<\/strong><\/p>\n<p><strong>TERAPIA<\/strong>:<\/p>\n<p>Tratamiento de una enfermedad o de cualquier otra disfunci\u00f3n.<\/p>\n<p><strong>TELEREHABILITACI\u00d3N<\/strong>:<\/p>\n<p>Metodo de rehabilitacion que revoluciona el mundo de la fisioterapia a distancia. Esta actividad es realizada a trav\u00e9s de las herramientas tecnol\u00f3gicas de informaci\u00f3n y comunicacion (TIC) que permiten a un especialista, guiar a los miembros de una familia en el proceso de rehabilitacion de su familiar.<\/p>\n<ul>\n<li><\/li>\n<\/ul>\n<p><strong>WooCommerce Currency Switcher<\/strong><\/p>\n<p>&nbsp;<\/p>\n","protected":false},"excerpt":{"rendered":"<p>Relacionados con la Polineuropatia AFASIA: Alteraci\u00f3n del lenguaje\/comunicaci\u00f3n oral. El paciente no entiende lo que se le dice, no puede expresarse correctamente o ambas cosas. En los casos graves el paciente es incapaz por completo de comunicarse. En casos leves, puede manifestarse como una dificultad para encontrar las palabras adecuadas en cada momento y\/o comprender [&hellip;]<\/p>\n","protected":false},"author":208,"featured_media":0,"parent":0,"menu_order":0,"comment_status":"closed","ping_status":"closed","template":"","meta":[],"_links":{"self":[{"href":"https:\/\/blogs.sld.cu\/polineuropatiadiabetica\/wp-json\/wp\/v2\/pages\/55"}],"collection":[{"href":"https:\/\/blogs.sld.cu\/polineuropatiadiabetica\/wp-json\/wp\/v2\/pages"}],"about":[{"href":"https:\/\/blogs.sld.cu\/polineuropatiadiabetica\/wp-json\/wp\/v2\/types\/page"}],"author":[{"embeddable":true,"href":"https:\/\/blogs.sld.cu\/polineuropatiadiabetica\/wp-json\/wp\/v2\/users\/208"}],"replies":[{"embeddable":true,"href":"https:\/\/blogs.sld.cu\/polineuropatiadiabetica\/wp-json\/wp\/v2\/comments?post=55"}],"version-history":[{"count":3,"href":"https:\/\/blogs.sld.cu\/polineuropatiadiabetica\/wp-json\/wp\/v2\/pages\/55\/revisions"}],"predecessor-version":[{"id":63,"href":"https:\/\/blogs.sld.cu\/polineuropatiadiabetica\/wp-json\/wp\/v2\/pages\/55\/revisions\/63"}],"wp:attachment":[{"href":"https:\/\/blogs.sld.cu\/polineuropatiadiabetica\/wp-json\/wp\/v2\/media?parent=55"}],"curies":[{"name":"wp","href":"https:\/\/api.w.org\/{rel}","templated":true}]}}