{"id":67,"date":"2022-04-17T18:57:04","date_gmt":"2022-04-17T18:57:04","guid":{"rendered":"https:\/\/blogs.sld.cu\/polineuropatiadiabetica\/?page_id=67"},"modified":"2022-04-20T02:43:29","modified_gmt":"2022-04-20T02:43:29","slug":"definiciones-importantes","status":"publish","type":"page","link":"https:\/\/blogs.sld.cu\/polineuropatiadiabetica\/definiciones-importantes\/","title":{"rendered":"Definiciones importantes"},"content":{"rendered":"<h3>Para entender las Neuropatias y<\/h3>\n<h3>aprender a cuidar las c\u00e9lulas\u00a0 del cuerpo<\/h3>\n<h3><\/h3>\n<p>Hay dos grandes sistemas de control de las actividades corporales: el <strong>Sistema nervioso<\/strong> y el <strong>Sistema endocrino<\/strong>, pero el nervioso es el gran controlador, ya que controla incluso al endocrino.<\/p>\n<p>Neurona de cuerpo estrellado del que parten varias dendritas y El ax\u00f2n que es \u00f9nico rodeado de mielina, que forma la fibra nerviosa. Varias fibras con tejido conjuntivo forman los nervios perifericos periferuicos<img loading=\"lazy\" class=\"wp-image-72 size-medium\" src=\"https:\/\/blogs.sld.cu\/polineuropatiadiabetica\/files\/2022\/04\/neuronagcon-axoni-300x169.jpg\" alt=\"\" width=\"300\" height=\"169\" srcset=\"https:\/\/blogs.sld.cu\/polineuropatiadiabetica\/files\/2022\/04\/neuronagcon-axoni-300x169.jpg 300w, https:\/\/blogs.sld.cu\/polineuropatiadiabetica\/files\/2022\/04\/neuronagcon-axoni-250x141.jpg 250w, https:\/\/blogs.sld.cu\/polineuropatiadiabetica\/files\/2022\/04\/neuronagcon-axoni.jpg 375w\" sizes=\"(max-width: 300px) 100vw, 300px\" \/><\/p>\n<p>El sistema nervioso transmite se\u00f1ales provenientes del medio exterior, al cerebro y al resto del cuerpo, incluidos los \u00f3rganos internos y de esa forma mantiene un flujo de informaci\u00f3n interna y externa\u00a0 entre el cuerpo y lo que sucede \u00a0a su alrededor y \u00a0en el interior del mismo, y sus partes. De esta manera, la actividad del sistema nervioso controla todas las actividades que realiza la persona \u00a0moverse, respirar, ver, pensar, etc. \u00a0La unidad b\u00e1sica del sistema nervioso es la c\u00e9lula nerviosa, o neurona. La funci\u00f3n de captar est\u00edmulos y conducirlos se ve muy bien reflejada en la estructura de la c\u00e9lula, ya que tienen un \u00e1rea muy grande de membrana. Hay varios tipos de neuronas, pero la m\u00e1s t\u00edpica \u00a0tiene un cuerpo de forma estrellada del que parten dos tipos de\u00a0 prolongaciones, el <strong>ax\u00f3n o cilindroeje<\/strong> , que forma junto a la mielina nervios \u00a0\u00a0que conduce los impulsos nerviosos \u00a0\u00a0\u00a0y<strong> las dendritas<\/strong> \u00a0\u00a0que captan los est\u00edmulos internos y externos y que son la base estructural de <strong>los receptores<\/strong>. Los cuerpos neuronales \u00a0y las prolongaciones neuronales est\u00e1n \u00a0localizados en<\/p>\n<p>&nbsp;<\/p>\n<p>&nbsp;<\/p>\n<p>&nbsp;<\/p>\n<p>&nbsp;<\/p>\n<p>El t ejido nervioso adem\u00e1s tiene otras c\u00e9lulas denominadas <strong>neuroglias , <\/strong>que le sirven de intermediarias con los vasos sangu\u00edneo<strong>s, <\/strong>que tienen funciones de defensa \u00a0y de aporte de mielina. Todas funciones muy importantes.<\/p>\n<p>diferentes partes del sistema. Hay axones tan largos que pueden tener hasta un metro o m\u00e1s de longitud, y piensa que una persona puede medir\u00a0 1 metro 40, 1 metro 80 cms, en dependencia de su altura. Los nervios son como cables de una central electrica\u00a0 o telef\u00f3nica.<\/p>\n<p>&nbsp;<\/p>\n<p>Los receptores captan los est\u00edmulos y los convierten en corriente el\u00e9ctrica\u00a0 que se traslada por el ax\u00f3n hacia el cuerpo neuronal que integra la informaci\u00f3n y env\u00eda una respuesta que viaja por otro nervio, hacia un efector, que puede ser una celula muscular o una gl\u00e1ndulay el efecto es la contracci\u00f3n de un musculo, la secreci\u00f3n de una gl\u00e1ndula, por ejemplo.<\/p>\n<p>El tejido nervioso es \u00a0el que forma el sistema nervioso, constituido por el enc\u00e9falo (cerebro y cerebelo) y la medula espinal y tiene una parte central y otra perif\u00e9rica .En la parte central se integran y coordinan todas las actividades que realiza el individuo y se localizan en diferentes \u00e1reas del cerebro y \u00a0en esos \u00f3rganos centrales est\u00e1n los cuerpos de las neuronas. Por eso cuando mueren algunas neuronas se ven afectadas o suprimidas algunas funciones como por ejemplo el movimiento, Funci\u00f3n motora), la visi\u00f3n, el habla, etc.Ya que en los \u00f3rganos del sistema nervioso central se procesan, se integran, coordinan y se env\u00eda una respuesta, para todas las funciones. Por ejemplo, una persona se pincha el dedo gordo \u00a0del pie con un clavo y la respuesta es retirar el pie, es un movimiento instant\u00e1neo, pero para hacer el movimiento, tienen que suceder varias cosas, primero a nivel del dedo, hay un receptor que detecta el est\u00edmulo doloroso \u00a0y se traslada esa informaci\u00f3n a trav\u00e9s de un nervio viajando r\u00e1pidamente y llega al cerebro, que integra la informaci\u00f3n y la respuesta es retirar el pie, incluso sentarse . lo que implica que se contraigan varios musculof- En este ejemplo se involucraron receptores en la piel gruesa de la planta del pie, los nervios que condujeron el estimulo, y se elaboro la respuesta que fue la contraccion de los musculos para retirar elpie, incluso sentarse odecir algunas palabras.<\/p>\n<p>Hay axones tan largos que pueden tener hasta un metro o m\u00e1s de longitud, y piensa que una persona puede medir\u00a0 1 metro 40, 1 metro 80 cms, en dependencia de su altura. Los nervios son como cables de una central electrica\u00a0 o telef\u00f3nica.<\/p>\n<p>&nbsp;<\/p>\n<p>Los receptores captan los est\u00edmulos y los convierten en corriente el\u00e9ctrica\u00a0 que se traslada por el ax\u00f3n hacia el cuerpo neuronal que integra la informaci\u00f3n y env\u00eda una respuesta que puede ser la contracci\u00f3n de un musculo, la secreci\u00f3n de una gl\u00e1ndula, por ejemplo.<\/p>\n<p>Los nervios est\u00e1n constituidos por muchas fibras nerviosas que pueden ser amielinicas o amielinicas. Una c\u00e9lula de la gl\u00eda aporta la mielina en el sistema nervioso central que es la oligodendroglia. esa c\u00e9lula tiene muchas prolongaciones y y una misma c\u00e9lula \u00a0puede rodear el ax\u00f3n en varios puntos y empezar a dar vueltas en un punto envolviendo varias veces el ax\u00f3n, de la misma forma que se envuelven los cables el\u00e9ctricos con tape. En el sistema nervioso perif\u00e9rico es otra c\u00e9lula la que forma mielina y son varias las c\u00e9lulas de Schawn que rodean al ax\u00f3n poni\u00e9ndose una al lado de la otra y dando vueltas a su membrana formando la mielina .El impulso nervioso se propaga por la membrana del ax\u00f3n, pero los axones que tienen mielina el impulso se propaga m\u00e1s r\u00e1pido pues lo hace solo donde no hay mielina lo hace a saltos y por eso es m\u00e1s r\u00e1pido. La mielina es un aislante.<\/p>\n<p>El<\/p>\n","protected":false},"excerpt":{"rendered":"<p>Para entender las Neuropatias y aprender a cuidar las c\u00e9lulas\u00a0 del cuerpo Hay dos grandes sistemas de control de las actividades corporales: el Sistema nervioso y el Sistema endocrino, pero el nervioso es el gran controlador, ya que controla incluso al endocrino. Neurona de cuerpo estrellado del que parten varias dendritas y El ax\u00f2n que [&hellip;]<\/p>\n","protected":false},"author":208,"featured_media":0,"parent":0,"menu_order":0,"comment_status":"closed","ping_status":"closed","template":"","meta":[],"_links":{"self":[{"href":"https:\/\/blogs.sld.cu\/polineuropatiadiabetica\/wp-json\/wp\/v2\/pages\/67"}],"collection":[{"href":"https:\/\/blogs.sld.cu\/polineuropatiadiabetica\/wp-json\/wp\/v2\/pages"}],"about":[{"href":"https:\/\/blogs.sld.cu\/polineuropatiadiabetica\/wp-json\/wp\/v2\/types\/page"}],"author":[{"embeddable":true,"href":"https:\/\/blogs.sld.cu\/polineuropatiadiabetica\/wp-json\/wp\/v2\/users\/208"}],"replies":[{"embeddable":true,"href":"https:\/\/blogs.sld.cu\/polineuropatiadiabetica\/wp-json\/wp\/v2\/comments?post=67"}],"version-history":[{"count":8,"href":"https:\/\/blogs.sld.cu\/polineuropatiadiabetica\/wp-json\/wp\/v2\/pages\/67\/revisions"}],"predecessor-version":[{"id":99,"href":"https:\/\/blogs.sld.cu\/polineuropatiadiabetica\/wp-json\/wp\/v2\/pages\/67\/revisions\/99"}],"wp:attachment":[{"href":"https:\/\/blogs.sld.cu\/polineuropatiadiabetica\/wp-json\/wp\/v2\/media?parent=67"}],"curies":[{"name":"wp","href":"https:\/\/api.w.org\/{rel}","templated":true}]}}