{"id":176,"date":"2016-02-24T17:30:51","date_gmt":"2016-02-24T17:30:51","guid":{"rendered":"http:\/\/blogs.sld.cu\/proyectolasmariposa\/?page_id=176"},"modified":"2025-08-21T15:56:42","modified_gmt":"2025-08-21T15:56:42","slug":"proyecto-la-aguja-contenta","status":"publish","type":"page","link":"https:\/\/blogs.sld.cu\/proyectolasmariposa\/proyectos\/proyecto-la-aguja-contenta\/","title":{"rendered":"La aguja contenta"},"content":{"rendered":"<p>Este proyecto se realiza en el comedor de Infomed con una periodicidad de una vez a la semana, en el intervienen tanto adultas mayores, como los hombres de nuestro proyecto, pues no solo de coser se trata, aunque su nombre haga referencia a la aguja. Algunos de los objetos creados como mu\u00f1ecos de trapos, han sido regalados a los ni\u00f1os del Jard\u00edn Rayitos de Sol, de nuestra comunidad, tambi\u00e9n se confeccionan postales, etc.<br \/>\nAlgunas adultas mayores como Armidia Borges y Elia Nodal, han llegado a presentar exposiciones de parches y mu\u00f1equer\u00eda.<\/p>\n<p>Los objetivos del proyecto son:<br \/>\n1.-Desarrollar la concentraci\u00f3n y disminuir el estr\u00e9s, buena forma de olvidarse de preocupaciones y prisas.<br \/>\n2.- Desarrollar la destreza manual, la creatividad y la perseverancia.<br \/>\n3.- Realizar ejercicios f\u00edsicos y mentales.<br \/>\n4.-Ayudar a reforzar la concentraci\u00f3n y permitir el poder relacionarse con otras personas, con otro entorno y sobretodo aprender a hacer algo personal.<br \/>\n5. Servir como terapia en personas que no acaban o no saben c\u00f3mo integrarse<br \/>\n6.- Obtener del reconocimiento familiar y del colectivo, elevando la autoestima.<br \/>\n7.-Perfilar el gusto est\u00e9tico.<\/p>\n<p>En fin, el cuerpo y la mente van unidos, las manualidades exigen mover, las manos, la atenci\u00f3n est\u00e1 en cada detalle. Si se logra la concentraci\u00f3n en lo que se hace, la memoria de trabajo est\u00e1 ocupada as\u00ed que no queda tiempo para otros pensamientos como las preocupaciones.<\/p>\n<table>\n<tbody>\n<tr>\n<td><a href=\"http:\/\/blogs.sld.cu\/proyectolasmariposa\/files\/2016\/02\/1-A-300x225.jpg\" target=\"_blank\" rel=\"noopener\"><img loading=\"lazy\" class=\"aligncenter wp-image-525\" title=\"Ampliar imagen\" src=\"http:\/\/blogs.sld.cu\/proyectolasmariposa\/files\/2016\/02\/1-A-300x225-300x225.jpg\" alt=\"1-A--300x225\" width=\"143\" height=\"107\" \/><\/a><\/td>\n<td><a href=\"http:\/\/blogs.sld.cu\/proyectolasmariposa\/files\/2016\/02\/2-A2-300x225.jpg\" target=\"_blank\" rel=\"noopener\"><img loading=\"lazy\" class=\"aligncenter wp-image-527\" title=\"Ampliar imagen\" src=\"http:\/\/blogs.sld.cu\/proyectolasmariposa\/files\/2016\/02\/2-A2-300x225-300x225.jpg\" alt=\"2-A2-300x225\" width=\"143\" height=\"107\" \/><\/a><\/td>\n<td><a href=\"http:\/\/blogs.sld.cu\/proyectolasmariposa\/files\/2016\/02\/3-A2-300x225.jpg\" target=\"_blank\" rel=\"noopener\"><img loading=\"lazy\" class=\"aligncenter wp-image-528\" src=\"http:\/\/blogs.sld.cu\/proyectolasmariposa\/files\/2016\/02\/3-A2-300x225-300x225.jpg\" alt=\"3-A2-300x225\" width=\"143\" height=\"107\" \/><\/a><\/td>\n<\/tr>\n<tr>\n<td><a href=\"http:\/\/blogs.sld.cu\/proyectolasmariposa\/files\/2016\/02\/4-A3.jpg\" target=\"_blank\" rel=\"noopener\"><img loading=\"lazy\" class=\"aligncenter wp-image-529\" title=\"Ampliar imagen\" src=\"http:\/\/blogs.sld.cu\/proyectolasmariposa\/files\/2016\/02\/4-A3.jpg\" alt=\"4-A3\" width=\"143\" height=\"191\" \/><\/a><\/td>\n<td><a href=\"http:\/\/blogs.sld.cu\/proyectolasmariposa\/files\/2016\/02\/5-A3-225x300.jpg\" target=\"_blank\" rel=\"noopener\"><img loading=\"lazy\" class=\"aligncenter wp-image-530\" title=\"Ampliar imagen\" src=\"http:\/\/blogs.sld.cu\/proyectolasmariposa\/files\/2016\/02\/5-A3-225x300-225x300.jpg\" alt=\"5-A3-225x300\" width=\"143\" height=\"191\" \/><\/a><\/td>\n<td><a href=\"http:\/\/blogs.sld.cu\/proyectolasmariposa\/files\/2016\/02\/6-A-300x225.jpg\" target=\"_blank\" rel=\"noopener\"><img loading=\"lazy\" class=\"aligncenter wp-image-531\" title=\"Ampliar imagen\" src=\"http:\/\/blogs.sld.cu\/proyectolasmariposa\/files\/2016\/02\/6-A-300x225-300x225.jpg\" alt=\"6-A-300x225\" width=\"143\" height=\"107\" \/><\/a><\/td>\n<\/tr>\n<\/tbody>\n<\/table>\n<p>&nbsp;<\/p>\n","protected":false},"excerpt":{"rendered":"<p>Este proyecto se realiza en el comedor de Infomed con una periodicidad de una vez a la semana, en el intervienen tanto adultas mayores, como los hombres de nuestro proyecto, pues no solo de coser se trata, aunque su nombre haga referencia a la aguja. Algunos de los objetos creados como mu\u00f1ecos de trapos, han [&hellip;]<\/p>\n","protected":false},"author":187,"featured_media":0,"parent":22,"menu_order":0,"comment_status":"closed","ping_status":"closed","template":"","meta":[],"_links":{"self":[{"href":"https:\/\/blogs.sld.cu\/proyectolasmariposa\/wp-json\/wp\/v2\/pages\/176"}],"collection":[{"href":"https:\/\/blogs.sld.cu\/proyectolasmariposa\/wp-json\/wp\/v2\/pages"}],"about":[{"href":"https:\/\/blogs.sld.cu\/proyectolasmariposa\/wp-json\/wp\/v2\/types\/page"}],"author":[{"embeddable":true,"href":"https:\/\/blogs.sld.cu\/proyectolasmariposa\/wp-json\/wp\/v2\/users\/187"}],"replies":[{"embeddable":true,"href":"https:\/\/blogs.sld.cu\/proyectolasmariposa\/wp-json\/wp\/v2\/comments?post=176"}],"version-history":[{"count":5,"href":"https:\/\/blogs.sld.cu\/proyectolasmariposa\/wp-json\/wp\/v2\/pages\/176\/revisions"}],"predecessor-version":[{"id":881,"href":"https:\/\/blogs.sld.cu\/proyectolasmariposa\/wp-json\/wp\/v2\/pages\/176\/revisions\/881"}],"up":[{"embeddable":true,"href":"https:\/\/blogs.sld.cu\/proyectolasmariposa\/wp-json\/wp\/v2\/pages\/22"}],"wp:attachment":[{"href":"https:\/\/blogs.sld.cu\/proyectolasmariposa\/wp-json\/wp\/v2\/media?parent=176"}],"curies":[{"name":"wp","href":"https:\/\/api.w.org\/{rel}","templated":true}]}}