{"id":187,"date":"2016-02-24T19:22:32","date_gmt":"2016-02-24T19:22:32","guid":{"rendered":"http:\/\/blogs.sld.cu\/proyectolasmariposa\/?page_id=187"},"modified":"2025-08-21T15:57:07","modified_gmt":"2025-08-21T15:57:07","slug":"proyecto-amor-y-vida","status":"publish","type":"page","link":"https:\/\/blogs.sld.cu\/proyectolasmariposa\/proyectos\/proyecto-amor-y-vida\/","title":{"rendered":"Amor y Vida"},"content":{"rendered":"<p style=\"text-align: justify\">Insertado en el proyecto comunitario \u201cLas Mariposas\u201d de INFOMED, se cre\u00f3 el proyecto \u201cAmor y Vida\u201d. Con este proyecto apoyamos culturalmente los planes de la comunidad a ra\u00edz del llamado de nuestro Cmte. en Jefe de masificar la cultura. As\u00ed fue que comenz\u00f3 en septiembre del 2002 la organizaci\u00f3n de un coro, el que realiz\u00f3 sus primeras actividades en Octubre del mismo a\u00f1o. Se pretende conformar un repertorio con canciones antol\u00f3gicas del cancionero cubano y universal y canciones de contenido social.<\/p>\n<p style=\"text-align: justify\">Queremos tambi\u00e9n con este proyecto darle un espacio a los festejos de los cumplea\u00f1os de los participantes, as\u00ed como los d\u00edas del educador , de las madres y los padres y todas aquellas fechas que por su significaci\u00f3n ameriten ser celebradas , sin olvidar por supuesto los aniversarios de nuestro proyecto y cualquier otra manifestaci\u00f3n cultural que seamos capaces de desarrollar.<\/p>\n<p>Los objetivos del proyecto son:<br \/>\n1.-Cooperar por medio de la cultura con los planes de rehabilitaci\u00f3n de los adultos mayores incentivando su mundo espiritual.<\/p>\n<p>2.-Ofrecerles otra opci\u00f3n a los participantes para llenar su tiempo y sus espacios con las nuevas expectativas de vida, para lograr con ello un mejor estilo y calidad de vida.<\/p>\n<p>3.-Amenizar todo tipo de actividad donde participen no solo estas personas sino tambi\u00e9n la comunidad y los trabajadores del CNICM.<\/p>\n<p>4.- Adquirir conocimientos que propicien cultura para mejorar la calidad de vida.<\/p>\n<p>5.-Homenajear a las personas que cumplen a\u00f1os, festejar los d\u00edas de las madres, padres, maestros, etc. y festejar los aniversarios del proyecto.<\/p>\n<p>&nbsp;<\/p>\n<table>\n<tbody>\n<tr>\n<td><a href=\"http:\/\/blogs.sld.cu\/proyectolasmariposa\/files\/2016\/02\/1-A3-300x225.jpg\" target=\"_blank\" rel=\"noopener\"><img loading=\"lazy\" class=\"aligncenter wp-image-516\" title=\"Ampliar imagen\" src=\"http:\/\/blogs.sld.cu\/proyectolasmariposa\/files\/2016\/02\/1-A3-300x225-300x225.jpg\" alt=\"1-A3-300x225\" width=\"143\" height=\"107\" \/><\/a><\/td>\n<td><a href=\"http:\/\/blogs.sld.cu\/proyectolasmariposa\/files\/2016\/02\/2-A3-300x225.jpg\" target=\"_blank\" rel=\"noopener\"><img loading=\"lazy\" class=\"aligncenter wp-image-518\" title=\"Ampliar imagen\" src=\"http:\/\/blogs.sld.cu\/proyectolasmariposa\/files\/2016\/02\/2-A3-300x225-300x225.jpg\" alt=\"2-A3-300x225\" width=\"143\" height=\"107\" \/><\/a><\/td>\n<td><a href=\"http:\/\/blogs.sld.cu\/proyectolasmariposa\/files\/2016\/02\/3-A3-300x225.jpg\" target=\"_blank\" rel=\"noopener\"><img loading=\"lazy\" class=\"aligncenter wp-image-519\" title=\"Ampliar imagen\" src=\"http:\/\/blogs.sld.cu\/proyectolasmariposa\/files\/2016\/02\/3-A3-300x225-300x225.jpg\" alt=\"3-A3-300x225\" width=\"143\" height=\"107\" \/><\/a><\/td>\n<\/tr>\n<tr>\n<td><a href=\"http:\/\/blogs.sld.cu\/proyectolasmariposa\/files\/2016\/02\/4-A4-300x225.jpg\" target=\"_blank\" rel=\"noopener\"><img loading=\"lazy\" class=\"aligncenter wp-image-520\" title=\"Ampliar imagen\" src=\"http:\/\/blogs.sld.cu\/proyectolasmariposa\/files\/2016\/02\/4-A4-300x225-300x225.jpg\" alt=\"4-A4-300x225\" width=\"143\" height=\"107\" \/><\/a><\/td>\n<td><a href=\"http:\/\/blogs.sld.cu\/proyectolasmariposa\/files\/2016\/02\/5-A4-300x225.jpg\" target=\"_blank\" rel=\"noopener\"><img loading=\"lazy\" class=\"aligncenter wp-image-521\" title=\"Ampliar imagen\" src=\"http:\/\/blogs.sld.cu\/proyectolasmariposa\/files\/2016\/02\/5-A4-300x225-300x225.jpg\" alt=\"5-A4-300x225\" width=\"143\" height=\"107\" \/><\/a><\/td>\n<td><a href=\"http:\/\/blogs.sld.cu\/proyectolasmariposa\/files\/2016\/02\/6-A1-300x225.jpg\" target=\"_blank\" rel=\"noopener\"><img loading=\"lazy\" class=\"aligncenter wp-image-522\" title=\"Ampliar imagen\" src=\"http:\/\/blogs.sld.cu\/proyectolasmariposa\/files\/2016\/02\/6-A1-300x225-300x225.jpg\" alt=\"6-A1-300x225\" width=\"143\" height=\"107\" \/><\/a><\/td>\n<\/tr>\n<\/tbody>\n<\/table>\n<p>&nbsp;<\/p>\n","protected":false},"excerpt":{"rendered":"<p>Insertado en el proyecto comunitario \u201cLas Mariposas\u201d de INFOMED, se cre\u00f3 el proyecto \u201cAmor y Vida\u201d. Con este proyecto apoyamos culturalmente los planes de la comunidad a ra\u00edz del llamado de nuestro Cmte. en Jefe de masificar la cultura. As\u00ed fue que comenz\u00f3 en septiembre del 2002 la organizaci\u00f3n de un coro, el que realiz\u00f3 [&hellip;]<\/p>\n","protected":false},"author":187,"featured_media":0,"parent":22,"menu_order":0,"comment_status":"closed","ping_status":"closed","template":"","meta":[],"_links":{"self":[{"href":"https:\/\/blogs.sld.cu\/proyectolasmariposa\/wp-json\/wp\/v2\/pages\/187"}],"collection":[{"href":"https:\/\/blogs.sld.cu\/proyectolasmariposa\/wp-json\/wp\/v2\/pages"}],"about":[{"href":"https:\/\/blogs.sld.cu\/proyectolasmariposa\/wp-json\/wp\/v2\/types\/page"}],"author":[{"embeddable":true,"href":"https:\/\/blogs.sld.cu\/proyectolasmariposa\/wp-json\/wp\/v2\/users\/187"}],"replies":[{"embeddable":true,"href":"https:\/\/blogs.sld.cu\/proyectolasmariposa\/wp-json\/wp\/v2\/comments?post=187"}],"version-history":[{"count":8,"href":"https:\/\/blogs.sld.cu\/proyectolasmariposa\/wp-json\/wp\/v2\/pages\/187\/revisions"}],"predecessor-version":[{"id":882,"href":"https:\/\/blogs.sld.cu\/proyectolasmariposa\/wp-json\/wp\/v2\/pages\/187\/revisions\/882"}],"up":[{"embeddable":true,"href":"https:\/\/blogs.sld.cu\/proyectolasmariposa\/wp-json\/wp\/v2\/pages\/22"}],"wp:attachment":[{"href":"https:\/\/blogs.sld.cu\/proyectolasmariposa\/wp-json\/wp\/v2\/media?parent=187"}],"curies":[{"name":"wp","href":"https:\/\/api.w.org\/{rel}","templated":true}]}}