{"id":331,"date":"2016-04-04T15:32:05","date_gmt":"2016-04-04T15:32:05","guid":{"rendered":"http:\/\/blogs.sld.cu\/proyectolasmariposa\/?page_id=331"},"modified":"2025-08-21T15:58:55","modified_gmt":"2025-08-21T15:58:55","slug":"proyecto-para-un-principe-enano-2","status":"publish","type":"page","link":"https:\/\/blogs.sld.cu\/proyectolasmariposa\/proyectos\/proyecto-para-un-principe-enano-2\/","title":{"rendered":"Para un principe enano"},"content":{"rendered":"<p>La vida actual, hace muchos a\u00f1os es r\u00e1pida, creando por varios motivos dentro de su modernidad, un distanciamiento entre las distintas generaciones, sobre todo entre las m\u00e1s peque\u00f1as y las mayores. En ocasiones \u00a0las abuelas y los abuelos son invisibles en el \u00e1mbito familiar y solo son escuchados o mirados cuando se les necesita.<\/p>\n<p>Este proyecto se cre\u00f3 pensando en acortar ese distanciamiento. Escogimos el Jard\u00edn Rayitos de Sol que se encuentra en 27 y K, muy cercano a nuestra sede para realizar este trabajo. All\u00ed acudimos los d\u00edas 28 de Enero para celebrar junto a los ni\u00f1os el natalicio de Jos\u00e9 Mart\u00ed. Vamos los 10 de abril para el festejo de la creaci\u00f3n de los c\u00edrculos infantiles y hacemos una \u00faltima visita en el a\u00f1o, el d\u00eda 22 de diciembre para homenajear junto a los ni\u00f1os, a las maestras que les imparten los conocimientos. Casi siempre contribuimos con materiales escolares y libros de cuentos que llevamos de nuestras casas, adem\u00e1s como tema fundamental les hablamos de Mart\u00ed, de porqu\u00e9 se crearon los c\u00edrculos y lo que representan los maestros. Junto a ellos en esas visitas nos incorporamos a sus juegos y cantos. Con los a\u00f1os, cada grupo que ha pasado por ese jard\u00edn reconoce dentro de la comunidad a los adultos y adultas mayores de \u201cLas Mariposas\u201d<\/p>\n<p><span style=\"color: #000000\">Los objetivos del proyecto son:<\/span><\/p>\n<p>1.-Atender desde temprana edad las relaciones con los adultos mayores<\/p>\n<p>2.-Dialogar con los m\u00e1s peque\u00f1os y conocer sus inquietudes.<\/p>\n<p>3.-Transmitir valores c\u00edvicos y patri\u00f3ticos.<\/p>\n<p>Si hay un importante proyecto en nuestro trabajo comunitario\u00a0 es \u00e9ste porque nos relaciona con los m\u00e1s peque\u00f1os, con los que ser\u00e1n los hombres y mujeres del ma\u00f1ana, a los que hay que acercarse mucho para conocer sus inquietudes, comprender el medio nuevo en que se est\u00e1n desenvolviendo, transmitirle valores \u00e9ticos y patri\u00f3ticos, por aquellas personas que lucharon para que hoy vivieran en una sociedad como la nuestra, que hay que cuidar y mejorar entre todos. Buscamos el dialogo sincero y el reconocimiento respetuoso de ambos grupos generacionales.<\/p>\n<p>&nbsp;<\/p>\n<table>\n<tbody>\n<tr>\n<td><a href=\"http:\/\/blogs.sld.cu\/proyectolasmariposa\/files\/2016\/04\/2-A1-300x2251.jpg\" target=\"_blank\" rel=\"noopener\"><img loading=\"lazy\" class=\"aligncenter wp-image-502\" title=\"Apliar iamgen\" src=\"http:\/\/blogs.sld.cu\/proyectolasmariposa\/files\/2016\/04\/2-A1-300x2251-300x225.jpg\" alt=\"2-A1-300x225\" width=\"143\" height=\"107\" \/><\/a><\/td>\n<td><a href=\"http:\/\/blogs.sld.cu\/proyectolasmariposa\/files\/2016\/04\/4-A.jpg\" target=\"_blank\" rel=\"noopener\"><img loading=\"lazy\" class=\"aligncenter wp-image-503\" title=\"Ampliar imagen\" src=\"http:\/\/blogs.sld.cu\/proyectolasmariposa\/files\/2016\/04\/4-A.jpg\" alt=\"4-A\" width=\"143\" height=\"107\" \/><\/a><\/td>\n<td><a href=\"http:\/\/blogs.sld.cu\/proyectolasmariposa\/files\/2016\/04\/5-A-300x225.jpg\" target=\"_blank\" rel=\"noopener\"><img loading=\"lazy\" class=\"aligncenter wp-image-504\" title=\"Ampliar imagen\" src=\"http:\/\/blogs.sld.cu\/proyectolasmariposa\/files\/2016\/04\/5-A-300x225-300x225.jpg\" alt=\"5-A-300x225\" width=\"143\" height=\"107\" \/><\/a><\/td>\n<\/tr>\n<tr>\n<td><a href=\"http:\/\/blogs.sld.cu\/proyectolasmariposa\/files\/2016\/04\/6-A-300x225.jpg\" target=\"_blank\" rel=\"noopener\"><img loading=\"lazy\" class=\"aligncenter wp-image-505\" title=\"Ampliar imagen\" src=\"http:\/\/blogs.sld.cu\/proyectolasmariposa\/files\/2016\/04\/6-A-300x225-300x225.jpg\" alt=\"6-A-300x225\" width=\"143\" height=\"107\" \/><\/a><\/td>\n<td><a href=\"http:\/\/blogs.sld.cu\/proyectolasmariposa\/files\/2016\/04\/7-A-300x225.jpg\" target=\"_blank\" rel=\"noopener\"><img loading=\"lazy\" class=\"aligncenter wp-image-506\" title=\"Ampliar iamgen\" src=\"http:\/\/blogs.sld.cu\/proyectolasmariposa\/files\/2016\/04\/7-A-300x225-300x225.jpg\" alt=\"7-A-300x225\" width=\"143\" height=\"107\" \/><\/a><\/td>\n<td><a href=\"http:\/\/blogs.sld.cu\/proyectolasmariposa\/files\/2016\/04\/8-A-300x225.jpg\" target=\"_blank\" rel=\"noopener\"><img loading=\"lazy\" class=\"aligncenter wp-image-507\" title=\"Ampliar iamgen\" src=\"http:\/\/blogs.sld.cu\/proyectolasmariposa\/files\/2016\/04\/8-A-300x225-300x225.jpg\" alt=\"8-A-300x225\" width=\"143\" height=\"107\" \/><\/a><\/td>\n<\/tr>\n<tr>\n<td><a href=\"http:\/\/blogs.sld.cu\/proyectolasmariposa\/files\/2016\/04\/9-A-300x225.jpg\" target=\"_blank\" rel=\"noopener\"><img loading=\"lazy\" class=\"aligncenter wp-image-508\" title=\"Ampliar imagen\" src=\"http:\/\/blogs.sld.cu\/proyectolasmariposa\/files\/2016\/04\/9-A-300x225-300x225.jpg\" alt=\"9-A-300x225\" width=\"143\" height=\"107\" \/><\/a><\/td>\n<td><\/td>\n<td><\/td>\n<\/tr>\n<\/tbody>\n<\/table>\n<p>&nbsp;<\/p>\n","protected":false},"excerpt":{"rendered":"<p>La vida actual, hace muchos a\u00f1os es r\u00e1pida, creando por varios motivos dentro de su modernidad, un distanciamiento entre las distintas generaciones, sobre todo entre las m\u00e1s peque\u00f1as y las mayores. En ocasiones \u00a0las abuelas y los abuelos son invisibles en el \u00e1mbito familiar y solo son escuchados o mirados cuando se les necesita. Este [&hellip;]<\/p>\n","protected":false},"author":187,"featured_media":0,"parent":22,"menu_order":0,"comment_status":"closed","ping_status":"closed","template":"","meta":[],"_links":{"self":[{"href":"https:\/\/blogs.sld.cu\/proyectolasmariposa\/wp-json\/wp\/v2\/pages\/331"}],"collection":[{"href":"https:\/\/blogs.sld.cu\/proyectolasmariposa\/wp-json\/wp\/v2\/pages"}],"about":[{"href":"https:\/\/blogs.sld.cu\/proyectolasmariposa\/wp-json\/wp\/v2\/types\/page"}],"author":[{"embeddable":true,"href":"https:\/\/blogs.sld.cu\/proyectolasmariposa\/wp-json\/wp\/v2\/users\/187"}],"replies":[{"embeddable":true,"href":"https:\/\/blogs.sld.cu\/proyectolasmariposa\/wp-json\/wp\/v2\/comments?post=331"}],"version-history":[{"count":5,"href":"https:\/\/blogs.sld.cu\/proyectolasmariposa\/wp-json\/wp\/v2\/pages\/331\/revisions"}],"predecessor-version":[{"id":885,"href":"https:\/\/blogs.sld.cu\/proyectolasmariposa\/wp-json\/wp\/v2\/pages\/331\/revisions\/885"}],"up":[{"embeddable":true,"href":"https:\/\/blogs.sld.cu\/proyectolasmariposa\/wp-json\/wp\/v2\/pages\/22"}],"wp:attachment":[{"href":"https:\/\/blogs.sld.cu\/proyectolasmariposa\/wp-json\/wp\/v2\/media?parent=331"}],"curies":[{"name":"wp","href":"https:\/\/api.w.org\/{rel}","templated":true}]}}