{"id":360,"date":"2016-04-04T16:09:36","date_gmt":"2016-04-04T16:09:36","guid":{"rendered":"http:\/\/blogs.sld.cu\/proyectolasmariposa\/?page_id=360"},"modified":"2025-08-21T15:59:42","modified_gmt":"2025-08-21T15:59:42","slug":"proyecto-de-lo-urbano-a-lo-rural","status":"publish","type":"page","link":"https:\/\/blogs.sld.cu\/proyectolasmariposa\/proyectos\/proyecto-de-lo-urbano-a-lo-rural\/","title":{"rendered":"De lo urbano a lo rural"},"content":{"rendered":"<p>Como toda Cuba conoce, el complejo Las Terrazas que es Reserva de la Biosfera de la Sierra del Rosario en la Cordillera de Guaniguanico, es un lugar de una belleza incalculable, sus habitantes, entre los que se encuentran adultas y adultos mayores tienen caracter\u00edsticas diferentes por vivir en la parte rural de nuestro pa\u00eds, por ello ideamos este proyecto de lo urbano a lo rural.<\/p>\n<p><span style=\"color: #000000\">Los objetivos del proyecto son:<\/span><\/p>\n<p>1.- Construir relaciones sociales con adultas y adultos mayores de la parte\u00a0 rural.<\/p>\n<p>2.-Intercambiar experiencias de vida, que se desarrollan en escenarios diferentes.<\/p>\n<p>3.- Conocer y disfrutar de\u00a0 un lugar tur\u00edstico espectacular.<\/p>\n<p>4.- Compartir actividades recreativas y cumplea\u00f1os colectivos.<\/p>\n<p>Hace m\u00e1s de 12 a\u00f1os que visitamos ese lugar, y hemos llegado a constituir una gran familia entre las adultas y adultos mayores nuestros y los de las Terrazas, donde llego a crearse la Casa de la Memoria en ese lugar privilegiado por la naturaleza. En nuestras visitas llevamos un ramo de flores y vamos a la casa de Polo Monta\u00f1\u00e9s\u00a0 a rendirle \u00a0homenaje, a ese \u00a0guajiro natural tan querido por todo el pueblo cubano. Tambi\u00e9n festejamos el cumplea\u00f1os colectivo del \u00faltimo trimestre del a\u00f1o junto a ellos, realizando actividades art\u00edstico \u2013culturales.<\/p>\n<p>&nbsp;<\/p>\n<table>\n<tbody>\n<tr>\n<td><a href=\"http:\/\/blogs.sld.cu\/proyectolasmariposa\/files\/2016\/04\/2-A1-300x225.jpg\" target=\"_blank\" rel=\"noopener\"><img loading=\"lazy\" class=\"aligncenter wp-image-497\" title=\"Ampliar iamgen\" src=\"http:\/\/blogs.sld.cu\/proyectolasmariposa\/files\/2016\/04\/2-A1-300x225-300x225.jpg\" alt=\"2-A1-300x225\" width=\"143\" height=\"107\" \/><\/a><\/td>\n<td><a href=\"http:\/\/blogs.sld.cu\/proyectolasmariposa\/files\/2016\/04\/3-A1.jpg\" target=\"_blank\" rel=\"noopener\"><img loading=\"lazy\" class=\"aligncenter wp-image-498\" title=\"Ampliar imagen\" src=\"http:\/\/blogs.sld.cu\/proyectolasmariposa\/files\/2016\/04\/3-A1.jpg\" alt=\"3-A1\" width=\"143\" height=\"107\" \/><\/a><\/td>\n<td><a href=\"http:\/\/blogs.sld.cu\/proyectolasmariposa\/files\/2016\/04\/4-A1.jpg\" target=\"_blank\" rel=\"noopener\"><img loading=\"lazy\" class=\"aligncenter wp-image-499\" title=\"Ampliar imagen\" src=\"http:\/\/blogs.sld.cu\/proyectolasmariposa\/files\/2016\/04\/4-A1.jpg\" alt=\"4-A1\" width=\"143\" height=\"95\" \/><\/a><\/td>\n<\/tr>\n<tr>\n<td><a href=\"http:\/\/blogs.sld.cu\/proyectolasmariposa\/files\/2016\/04\/6-A1-300x225.jpg\" target=\"_blank\" rel=\"noopener\"><img loading=\"lazy\" class=\"aligncenter wp-image-500\" title=\"Ampliar imagen\" src=\"http:\/\/blogs.sld.cu\/proyectolasmariposa\/files\/2016\/04\/6-A1-300x225-300x225.jpg\" alt=\"6-A1-300x225\" width=\"143\" height=\"107\" \/><\/a><\/td>\n<td><\/td>\n<td><\/td>\n<\/tr>\n<\/tbody>\n<\/table>\n<p>&nbsp;<\/p>\n","protected":false},"excerpt":{"rendered":"<p>Como toda Cuba conoce, el complejo Las Terrazas que es Reserva de la Biosfera de la Sierra del Rosario en la Cordillera de Guaniguanico, es un lugar de una belleza incalculable, sus habitantes, entre los que se encuentran adultas y adultos mayores tienen caracter\u00edsticas diferentes por vivir en la parte rural de nuestro pa\u00eds, por [&hellip;]<\/p>\n","protected":false},"author":187,"featured_media":0,"parent":22,"menu_order":0,"comment_status":"closed","ping_status":"closed","template":"","meta":[],"_links":{"self":[{"href":"https:\/\/blogs.sld.cu\/proyectolasmariposa\/wp-json\/wp\/v2\/pages\/360"}],"collection":[{"href":"https:\/\/blogs.sld.cu\/proyectolasmariposa\/wp-json\/wp\/v2\/pages"}],"about":[{"href":"https:\/\/blogs.sld.cu\/proyectolasmariposa\/wp-json\/wp\/v2\/types\/page"}],"author":[{"embeddable":true,"href":"https:\/\/blogs.sld.cu\/proyectolasmariposa\/wp-json\/wp\/v2\/users\/187"}],"replies":[{"embeddable":true,"href":"https:\/\/blogs.sld.cu\/proyectolasmariposa\/wp-json\/wp\/v2\/comments?post=360"}],"version-history":[{"count":4,"href":"https:\/\/blogs.sld.cu\/proyectolasmariposa\/wp-json\/wp\/v2\/pages\/360\/revisions"}],"predecessor-version":[{"id":886,"href":"https:\/\/blogs.sld.cu\/proyectolasmariposa\/wp-json\/wp\/v2\/pages\/360\/revisions\/886"}],"up":[{"embeddable":true,"href":"https:\/\/blogs.sld.cu\/proyectolasmariposa\/wp-json\/wp\/v2\/pages\/22"}],"wp:attachment":[{"href":"https:\/\/blogs.sld.cu\/proyectolasmariposa\/wp-json\/wp\/v2\/media?parent=360"}],"curies":[{"name":"wp","href":"https:\/\/api.w.org\/{rel}","templated":true}]}}