{"id":400,"date":"2016-04-07T20:40:00","date_gmt":"2016-04-07T20:40:00","guid":{"rendered":"http:\/\/blogs.sld.cu\/proyectolasmariposa\/?page_id=400"},"modified":"2025-08-21T16:00:41","modified_gmt":"2025-08-21T16:00:41","slug":"andar-la-habana","status":"publish","type":"page","link":"https:\/\/blogs.sld.cu\/proyectolasmariposa\/proyectos\/andar-la-habana\/","title":{"rendered":"Andar la Habana"},"content":{"rendered":"<p>En coordinaci\u00f3n con \u00a0el trabajo \u00a0que realiza la oficina del historiador del \u00a0Centro hist\u00f3rico de la Ciudad \u00a0en cuanto a las visitas dirigidas a los museos que se les brinda a las adultas y adultos mayores, el proyecto Las Mariposas, fiel asistente a las mismas cre\u00f3 un proyecto que llamamos\u00a0 Andar La Habana, el que nos proporciona\u00a0\u00a0 \u00a0un disfrute con conocimiento y cultura.<\/p>\n<p><strong>Los objetivos del proyecto son:<\/strong><\/p>\n<p>1.-Conocer los distintos museos de La Habana<\/p>\n<p>2.- Adquirir conocimiento\u00a0 de la historia de nuestra ciudad<\/p>\n<p>3.-Tener un disfrute espiritual con una actividad de sano esparcimiento.<\/p>\n<p>4.- Transmitir en el seno familiar los beneficios de estas visitas para incentivar el h\u00e1bito de asistir a los museos entre los ni\u00f1os y j\u00f3venes.<\/p>\n<p>Aunque el paso de los a\u00f1os, nos va haciendo m\u00e1s dif\u00edcil el encuentro con ese tesoro cultural que se encierra en La Habana, pues por problemas de transportaci\u00f3n, ya algunas de las personas asiduas a estas vistas no la pueden hacer, continuamos con este proyecto, por la importancia y los beneficios que nos deparan con la explicaci\u00f3n y la respetuosa y profesional atenci\u00f3n que nos brindan todos los especialistas que nos atienden en cada museo. En cada visita tambi\u00e9n se les ofrece a los visitantes un desayuno como parte de las actividades. Casi siempre, nuestro proyecto despu\u00e9s de realizada la visita, visitamos el Restaurante La Luz , que como parte del trabajo de la oficina del historiador de la ciudad, tiene para adultas y adultos mayores, precios diferenciados.<\/p>\n<p>Hemos visitado los museos de:<\/p>\n<p>1.-Biblioteca\u00a0 Rub\u00e9n Mart\u00ednez Villena<\/p>\n<p>2.-Cas de Juan Gualberto G\u00f3mez<\/p>\n<p>3.- Casa\u00a0 de Alejandro de Humboldt<\/p>\n<p>4.-Casa de Jos\u00e9 Mart\u00ed<\/p>\n<p>5.-Casa de Asia<\/p>\n<p>6.- Casa de \u00c1frica<\/p>\n<p>7.-Casa de V\u00edctor Hugo<\/p>\n<p>8.-Casa Guayasamin<\/p>\n<p>8.- Casa Sim\u00f3n Bol\u00edvar<\/p>\n<p>9.-Museo de Arte Colonial<\/p>\n<p>10.- Museo de Naipes<\/p>\n<p>11.- Museo de la Cer\u00e1mica<\/p>\n<p>12.- La Casa de la Obrapia y sus exposiciones<\/p>\n<p>13.- Museo Numism\u00e1tico<\/p>\n<p>14.- Museo del Tabaco<\/p>\n<p>15.-Museo Farmacia Habana<\/p>\n<p>16.- Museo de Orfebrer\u00eda<\/p>\n<p>17.- Museo del Ron<\/p>\n<p>18.- Museo de la Revoluci\u00f3n<\/p>\n<p>19.- La casa de Che en la Caba\u00f1a, junto al Cristo de La Habana<\/p>\n<p>Estos son algunos de los lugares y museos visitados, que en a\u00f1os futuros seguro ser\u00e1n muchos m\u00e1s, pues nuestra querida Habana crece y aparece cada d\u00eda m\u00e1s joven y reluciente.<\/p>\n<table>\n<tbody>\n<tr>\n<td><a href=\"http:\/\/blogs.sld.cu\/proyectolasmariposa\/files\/2016\/04\/2-A3.jpg\" target=\"_blank\" rel=\"noopener\"><img loading=\"lazy\" class=\"aligncenter wp-image-401\" title=\"Apliar imagen\" src=\"http:\/\/blogs.sld.cu\/proyectolasmariposa\/files\/2016\/04\/2-A3.jpg\" alt=\"2-A\" width=\"143\" height=\"107\" \/><\/a><\/td>\n<td><\/td>\n<td><\/td>\n<\/tr>\n<tr>\n<td><\/td>\n<td><\/td>\n<td><\/td>\n<\/tr>\n<tr>\n<td><\/td>\n<td><\/td>\n<td><\/td>\n<\/tr>\n<tr>\n<td><\/td>\n<td><\/td>\n<td><\/td>\n<\/tr>\n<tr>\n<td><\/td>\n<td><\/td>\n<td><\/td>\n<\/tr>\n<\/tbody>\n<\/table>\n<p>&nbsp;<\/p>\n","protected":false},"excerpt":{"rendered":"<p>En coordinaci\u00f3n con \u00a0el trabajo \u00a0que realiza la oficina del historiador del \u00a0Centro hist\u00f3rico de la Ciudad \u00a0en cuanto a las visitas dirigidas a los museos que se les brinda a las adultas y adultos mayores, el proyecto Las Mariposas, fiel asistente a las mismas cre\u00f3 un proyecto que llamamos\u00a0 Andar La Habana, el que [&hellip;]<\/p>\n","protected":false},"author":187,"featured_media":0,"parent":22,"menu_order":0,"comment_status":"closed","ping_status":"closed","template":"","meta":[],"_links":{"self":[{"href":"https:\/\/blogs.sld.cu\/proyectolasmariposa\/wp-json\/wp\/v2\/pages\/400"}],"collection":[{"href":"https:\/\/blogs.sld.cu\/proyectolasmariposa\/wp-json\/wp\/v2\/pages"}],"about":[{"href":"https:\/\/blogs.sld.cu\/proyectolasmariposa\/wp-json\/wp\/v2\/types\/page"}],"author":[{"embeddable":true,"href":"https:\/\/blogs.sld.cu\/proyectolasmariposa\/wp-json\/wp\/v2\/users\/187"}],"replies":[{"embeddable":true,"href":"https:\/\/blogs.sld.cu\/proyectolasmariposa\/wp-json\/wp\/v2\/comments?post=400"}],"version-history":[{"count":1,"href":"https:\/\/blogs.sld.cu\/proyectolasmariposa\/wp-json\/wp\/v2\/pages\/400\/revisions"}],"predecessor-version":[{"id":883,"href":"https:\/\/blogs.sld.cu\/proyectolasmariposa\/wp-json\/wp\/v2\/pages\/400\/revisions\/883"}],"up":[{"embeddable":true,"href":"https:\/\/blogs.sld.cu\/proyectolasmariposa\/wp-json\/wp\/v2\/pages\/22"}],"wp:attachment":[{"href":"https:\/\/blogs.sld.cu\/proyectolasmariposa\/wp-json\/wp\/v2\/media?parent=400"}],"curies":[{"name":"wp","href":"https:\/\/api.w.org\/{rel}","templated":true}]}}