{"id":414,"date":"2016-04-11T17:12:48","date_gmt":"2016-04-11T17:12:48","guid":{"rendered":"http:\/\/blogs.sld.cu\/proyectolasmariposa\/?page_id=414"},"modified":"2025-08-21T15:55:38","modified_gmt":"2025-08-21T15:55:38","slug":"proyecto-cuba-si","status":"publish","type":"page","link":"https:\/\/blogs.sld.cu\/proyectolasmariposa\/proyectos\/proyecto-cuba-si\/","title":{"rendered":"Cuba, S\u00ed"},"content":{"rendered":"<p>Sabiendo el efecto positivo que tiene la distracci\u00f3n\u00a0 en el adulto mayor , nos propusimos , crear un proyecto que nos llevara mas all\u00e1 de la provincia de La Habana,\u00a0 aun, conscientes \u00a0de la gran dificultad de transporte que tenemos, \u00a0sin embargo hemos cumplido sue\u00f1os ,grandes sue\u00f1os, como aquel primero, de visitar el Mausoleo al\u00a0 Che , en Santa Clara.<\/p>\n<p>Este proyecto que lleva por nombre Cuba SI, nos ha dado muchas satisfacciones, pues por medio de \u00e9l hemos conocido lugares hist\u00f3ricos y tur\u00edsticos, nunca antes imaginado, que han contribuido a unir mas a todos los asistentes al proyecto, ya \u00a0que nos\u00a0 ha hecho convivir juntos por varios d\u00edas en los distintos lugares visitados.<\/p>\n<p><strong>Los objetivos de este proyecto son:<\/strong><\/p>\n<p>1.- Conocer lugares hist\u00f3ricos y tur\u00edsticos.<\/p>\n<p>2.-Amplir nuestro conocimiento de la historia de Cuba.<\/p>\n<p>3.- Emplear parte de nuestro tiempo libre.<\/p>\n<p>4.- Compartir con nuestros familiares, trabajadores y jubilados\u00a0 del Centro Nacional de Ciencias Medicas \u2013Infomed.<\/p>\n<p>Con este proyecto hemos visitado lugares como:<\/p>\n<p>1.- Playa de Varadero (Matanzas)<\/p>\n<p>2.- Campismo Dos Hermanas (Pinar del R\u00edo)<\/p>\n<p>3.-El Cobre, el Moncada, Granjita Siboney, Cementerio Santa Ifigenia\u00a0 (Santiago de Cuba)<\/p>\n<p>4.-Cayo los Cocos<\/p>\n<p>5.-Cayo Santa Mar\u00eda<\/p>\n<p>6.- Escalera de Jaruco<\/p>\n<p>7.- Playa Gir\u00f3n<\/p>\n<p>8.-Hotel Pasa Caballo (Cienfuegos)<\/p>\n<p>9.- Campismo de la Playa Bibijagua (Isla de la Juventud)<\/p>\n<p>10.-Trinidad.<\/p>\n<p>11.-Balneario de \u00a0Ciego Montero,(Cienfuegos),etc.<\/p>\n<p>S\u00f3lo la carencia de transporte adecuado, nos limita en conocer m\u00e1s lugares, \u00a0pero cada viaje que logramos hacer contribuye mucho a mejorar nuestra calidad de vida.<\/p>\n<table>\n<tbody>\n<tr>\n<td><a href=\"http:\/\/blogs.sld.cu\/proyectolasmariposa\/files\/2016\/04\/2-A4-300x225.jpg\" target=\"_blank\" rel=\"noopener\"><img loading=\"lazy\" class=\"aligncenter wp-image-551\" title=\"Ampliar imagen\" src=\"http:\/\/blogs.sld.cu\/proyectolasmariposa\/files\/2016\/04\/2-A4-300x225-300x225.jpg\" alt=\"2-A4-300x225\" width=\"143\" height=\"107\" \/><\/a><\/td>\n<td><a href=\"http:\/\/blogs.sld.cu\/proyectolasmariposa\/files\/2016\/04\/3A-300x225.jpg\" target=\"_blank\" rel=\"noopener\"><img loading=\"lazy\" class=\"aligncenter wp-image-552\" title=\"Ampliar imagen\" src=\"http:\/\/blogs.sld.cu\/proyectolasmariposa\/files\/2016\/04\/3A-300x225-300x225.jpg\" alt=\"3A-300x225\" width=\"143\" height=\"107\" \/><\/a><\/td>\n<td><a href=\"http:\/\/blogs.sld.cu\/proyectolasmariposa\/files\/2016\/04\/4-A3-200x300.jpg\" target=\"_blank\" rel=\"noopener\"><img loading=\"lazy\" class=\"aligncenter wp-image-553\" title=\"Ampliar imagen\" src=\"http:\/\/blogs.sld.cu\/proyectolasmariposa\/files\/2016\/04\/4-A3-200x300-200x300.jpg\" alt=\"4-A3-200x300\" width=\"143\" height=\"215\" \/><\/a><\/td>\n<\/tr>\n<tr>\n<td><a href=\"http:\/\/blogs.sld.cu\/proyectolasmariposa\/files\/2016\/04\/5-A3-300x225.jpg\" target=\"_blank\" rel=\"noopener\"><img loading=\"lazy\" class=\"aligncenter wp-image-554\" title=\"Ampliar imagen\" src=\"http:\/\/blogs.sld.cu\/proyectolasmariposa\/files\/2016\/04\/5-A3-300x225-300x225.jpg\" alt=\"5-A3-300x225\" width=\"143\" height=\"107\" \/><\/a><\/td>\n<td><a href=\"http:\/\/blogs.sld.cu\/proyectolasmariposa\/files\/2016\/04\/6-A3-300x225.jpg\" target=\"_blank\" rel=\"noopener\"><img loading=\"lazy\" class=\"aligncenter wp-image-555\" title=\"Ampliar imagen\" src=\"http:\/\/blogs.sld.cu\/proyectolasmariposa\/files\/2016\/04\/6-A3-300x225-300x225.jpg\" alt=\"6-A3-300x225\" width=\"143\" height=\"107\" \/><\/a><\/td>\n<td><a href=\"http:\/\/blogs.sld.cu\/proyectolasmariposa\/files\/2016\/04\/7-A2-300x225.jpg\" target=\"_blank\" rel=\"noopener\"><img loading=\"lazy\" class=\"aligncenter wp-image-556\" title=\"Ampliar imagen\" src=\"http:\/\/blogs.sld.cu\/proyectolasmariposa\/files\/2016\/04\/7-A2-300x225-300x225.jpg\" alt=\"7-A2-300x225\" width=\"143\" height=\"107\" \/><\/a><\/td>\n<\/tr>\n<tr>\n<td><a href=\"http:\/\/blogs.sld.cu\/proyectolasmariposa\/files\/2016\/04\/8-A2-300x225.jpg\" target=\"_blank\" rel=\"noopener\"><img loading=\"lazy\" class=\"aligncenter wp-image-557\" title=\"Ampliar imagen\" src=\"http:\/\/blogs.sld.cu\/proyectolasmariposa\/files\/2016\/04\/8-A2-300x225-300x225.jpg\" alt=\"8-A2-300x225\" width=\"143\" height=\"107\" \/><\/a><\/td>\n<td><a href=\"http:\/\/blogs.sld.cu\/proyectolasmariposa\/files\/2016\/04\/9-A2-300x225.jpg\" target=\"_blank\" rel=\"noopener\"><img loading=\"lazy\" class=\"aligncenter wp-image-558\" title=\"Ampliar imagen\" src=\"http:\/\/blogs.sld.cu\/proyectolasmariposa\/files\/2016\/04\/9-A2-300x225-300x225.jpg\" alt=\"9-A2-300x225\" width=\"143\" height=\"107\" \/><\/a><\/td>\n<td><a href=\"http:\/\/blogs.sld.cu\/proyectolasmariposa\/files\/2016\/04\/10-A1-300x225.jpg\" target=\"_blank\" rel=\"noopener\"><img loading=\"lazy\" class=\"aligncenter wp-image-559\" title=\"Ampliar imagen\" src=\"http:\/\/blogs.sld.cu\/proyectolasmariposa\/files\/2016\/04\/10-A1-300x225-300x225.jpg\" alt=\"10-A1-300x225\" width=\"143\" height=\"107\" \/><\/a><\/td>\n<\/tr>\n<tr>\n<td><a href=\"http:\/\/blogs.sld.cu\/proyectolasmariposa\/files\/2016\/04\/11-A1-300x2251.jpg\" target=\"_blank\" rel=\"noopener\"><img loading=\"lazy\" class=\"aligncenter wp-image-563\" title=\"Ampliar imagen\" src=\"http:\/\/blogs.sld.cu\/proyectolasmariposa\/files\/2016\/04\/11-A1-300x2251-300x225.jpg\" alt=\"11-A1-300x225\" width=\"143\" height=\"107\" \/><\/a><\/td>\n<td><a href=\"http:\/\/blogs.sld.cu\/proyectolasmariposa\/files\/2016\/04\/13-A-300x2251.jpg\" target=\"_blank\" rel=\"noopener\"><img loading=\"lazy\" class=\"aligncenter wp-image-562\" title=\"Ampliar imagen\" src=\"http:\/\/blogs.sld.cu\/proyectolasmariposa\/files\/2016\/04\/13-A-300x2251-300x225.jpg\" alt=\"13-A-300x225\" width=\"143\" height=\"107\" \/><\/a><\/td>\n<td><a href=\"http:\/\/blogs.sld.cu\/proyectolasmariposa\/files\/2016\/04\/14-A-300x225.jpg\" target=\"_blank\" rel=\"noopener\"><img loading=\"lazy\" class=\"aligncenter wp-image-564\" title=\"Ampliar imagen\" src=\"http:\/\/blogs.sld.cu\/proyectolasmariposa\/files\/2016\/04\/14-A-300x225-300x225.jpg\" alt=\"14-A-300x225\" width=\"143\" height=\"107\" \/><\/a><\/td>\n<\/tr>\n<tr>\n<td><a href=\"http:\/\/blogs.sld.cu\/proyectolasmariposa\/files\/2016\/04\/15-A-225x300.jpg\" target=\"_blank\" rel=\"noopener\"><img loading=\"lazy\" class=\"aligncenter wp-image-565\" title=\"Ampliar imagen\" src=\"http:\/\/blogs.sld.cu\/proyectolasmariposa\/files\/2016\/04\/15-A-225x300-225x300.jpg\" alt=\"15-A-225x300\" width=\"143\" height=\"191\" \/><\/a><\/td>\n<td><\/td>\n<td><\/td>\n<\/tr>\n<\/tbody>\n<\/table>\n<p>&nbsp;<\/p>\n","protected":false},"excerpt":{"rendered":"<p>Sabiendo el efecto positivo que tiene la distracci\u00f3n\u00a0 en el adulto mayor , nos propusimos , crear un proyecto que nos llevara mas all\u00e1 de la provincia de La Habana,\u00a0 aun, conscientes \u00a0de la gran dificultad de transporte que tenemos, \u00a0sin embargo hemos cumplido sue\u00f1os ,grandes sue\u00f1os, como aquel primero, de visitar el Mausoleo al\u00a0 [&hellip;]<\/p>\n","protected":false},"author":187,"featured_media":0,"parent":22,"menu_order":0,"comment_status":"closed","ping_status":"closed","template":"","meta":[],"_links":{"self":[{"href":"https:\/\/blogs.sld.cu\/proyectolasmariposa\/wp-json\/wp\/v2\/pages\/414"}],"collection":[{"href":"https:\/\/blogs.sld.cu\/proyectolasmariposa\/wp-json\/wp\/v2\/pages"}],"about":[{"href":"https:\/\/blogs.sld.cu\/proyectolasmariposa\/wp-json\/wp\/v2\/types\/page"}],"author":[{"embeddable":true,"href":"https:\/\/blogs.sld.cu\/proyectolasmariposa\/wp-json\/wp\/v2\/users\/187"}],"replies":[{"embeddable":true,"href":"https:\/\/blogs.sld.cu\/proyectolasmariposa\/wp-json\/wp\/v2\/comments?post=414"}],"version-history":[{"count":4,"href":"https:\/\/blogs.sld.cu\/proyectolasmariposa\/wp-json\/wp\/v2\/pages\/414\/revisions"}],"predecessor-version":[{"id":879,"href":"https:\/\/blogs.sld.cu\/proyectolasmariposa\/wp-json\/wp\/v2\/pages\/414\/revisions\/879"}],"up":[{"embeddable":true,"href":"https:\/\/blogs.sld.cu\/proyectolasmariposa\/wp-json\/wp\/v2\/pages\/22"}],"wp:attachment":[{"href":"https:\/\/blogs.sld.cu\/proyectolasmariposa\/wp-json\/wp\/v2\/media?parent=414"}],"curies":[{"name":"wp","href":"https:\/\/api.w.org\/{rel}","templated":true}]}}