{"id":430,"date":"2016-04-11T17:11:12","date_gmt":"2016-04-11T17:11:12","guid":{"rendered":"http:\/\/blogs.sld.cu\/proyectolasmariposa\/?page_id=430"},"modified":"2025-08-21T15:56:13","modified_gmt":"2025-08-21T15:56:13","slug":"proyecto-en-casa-de-napoleon","status":"publish","type":"page","link":"https:\/\/blogs.sld.cu\/proyectolasmariposa\/proyectos\/proyecto-en-casa-de-napoleon\/","title":{"rendered":"En casa de Napole\u00f3n"},"content":{"rendered":"<p>Aunque Napole\u00f3n nunca estuvo en Cuba, hemos querido darle este nombre a nuestro proyecto, porque la casa donde se encuentra el Museo Napole\u00f3nico, hace cerca de 2 a\u00f1os, nos recibe todos los \u00faltimos jueves de cada mes.\u00a0 All\u00ed, nos acogen con mucho cari\u00f1o y respeto, a la vez que nos dan mucha cultura y conocimientos, que no solo han sido del propio museo, o de la historia de la casa, hemos tratado temas de envejecimiento, de conservaci\u00f3n, varios temas de elaboraci\u00f3n de alimentos, y otros \u00a0tan diversos como la arquitectura de la Ciudad de La Habana y su fundaci\u00f3n, etc.<\/p>\n<p><strong>Los objetivos del proyecto son:<\/strong><\/p>\n<p>1.-Recibir conocimientos tanto de arte culinario, como lo relacionado con la historia de Francia, as\u00ed como diversos temas sociales y culturales.<\/p>\n<p>2.- Ocupar parte del tiempo libre en las visitas programadas.<\/p>\n<p>3.- Que el Museo Napole\u00f3nico, sea un lugar de uni\u00f3n con los adultos y adulas mayores del proyecto del Divino con el que nuestro proyecto mantiene relaciones.<\/p>\n<p>4.- Hacer que este Museo Napole\u00f3nico, sea para el proyecto \u00a0Las Mariposas nuestra casa cultural\u00a0 en la comunidad y poder transmitir este sentimiento a nuestros familiares y sobre todo los m\u00e1s peque\u00f1os.<\/p>\n<p>Es bueno resaltar, que el museo Napole\u00f3nico nos ha acogido con mucho cari\u00f1o y cada \u00faltimo jueves de mes, prepara actividades para nuestro proyecto, la atenci\u00f3n y el esmero en el trato \u00a0que nos profesan, se hace reciproco por parte de todos los participantes del Proyecto Las Mariposas.<\/p>\n<p>All\u00ed nuestros adultos mayores, conocedores de la historia del Vedado, por haber vivido mucho tiempo en este municipio, siempre encuentran curiosidades y aspectos hist\u00f3ricos no sabidos, por lo que nuestro agradecimiento se hace infinito para este colectivo de trabajadores.<\/p>\n<p>Cuando visitamos el jard\u00edn \u00a0Rayitos de Sol, como parte del proyecto Para un Pr\u00edncipe Enano, le hablamos a los ni\u00f1os y ni\u00f1as de esta majestuosa casa\u00a0 que por suerte para todos se encuentra dentro de nuestra comunidad, para incentivar la curiosidad de ellos y que lo visiten.<\/p>\n<p>&nbsp;<\/p>\n<table>\n<tbody>\n<tr>\n<td><a href=\"http:\/\/blogs.sld.cu\/proyectolasmariposa\/files\/2016\/04\/2-A5-300x225.jpg\" target=\"_blank\" rel=\"noopener\"><img loading=\"lazy\" class=\"aligncenter wp-image-534\" title=\"Ampliar imagen\" src=\"http:\/\/blogs.sld.cu\/proyectolasmariposa\/files\/2016\/04\/2-A5-300x225-300x225.jpg\" alt=\"2-A5-300x225\" width=\"143\" height=\"107\" \/><\/a><\/td>\n<td><a href=\"http:\/\/blogs.sld.cu\/proyectolasmariposa\/files\/2016\/04\/3-A3-300x225.jpg\" target=\"_blank\" rel=\"noopener\"><img loading=\"lazy\" class=\"aligncenter wp-image-535\" title=\"Ampliar imagen\" src=\"http:\/\/blogs.sld.cu\/proyectolasmariposa\/files\/2016\/04\/3-A3-300x225-300x225.jpg\" alt=\"3-A3-300x225\" width=\"143\" height=\"107\" \/><\/a><\/td>\n<td><a href=\"http:\/\/blogs.sld.cu\/proyectolasmariposa\/files\/2016\/04\/4-A4-300x225.jpg\" target=\"_blank\" rel=\"noopener\"><img loading=\"lazy\" class=\"aligncenter wp-image-536\" title=\"Ampliar imagen\" src=\"http:\/\/blogs.sld.cu\/proyectolasmariposa\/files\/2016\/04\/4-A4-300x225-300x225.jpg\" alt=\"4-A4-300x225\" width=\"143\" height=\"107\" \/><\/a><\/td>\n<\/tr>\n<tr>\n<td><a href=\"http:\/\/blogs.sld.cu\/proyectolasmariposa\/files\/2016\/04\/5aA-300x225.jpg\" target=\"_blank\" rel=\"noopener\"><img loading=\"lazy\" class=\"aligncenter wp-image-537\" title=\"Ampliar imagen\" src=\"http:\/\/blogs.sld.cu\/proyectolasmariposa\/files\/2016\/04\/5aA-300x225-300x225.jpg\" alt=\"5aA-300x225\" width=\"143\" height=\"107\" \/><\/a><\/td>\n<td><a href=\"http:\/\/blogs.sld.cu\/proyectolasmariposa\/files\/2016\/04\/7-a1-300x225.jpg\" target=\"_blank\" rel=\"noopener\"><img loading=\"lazy\" class=\"aligncenter wp-image-539\" title=\"Ampliar imagen\" src=\"http:\/\/blogs.sld.cu\/proyectolasmariposa\/files\/2016\/04\/7-a1-300x225-300x225.jpg\" alt=\"7-a1-300x225\" width=\"143\" height=\"107\" \/><\/a><\/td>\n<td><a href=\"http:\/\/blogs.sld.cu\/proyectolasmariposa\/files\/2016\/04\/8-a1-300x225.jpg\" target=\"_blank\" rel=\"noopener\"><img loading=\"lazy\" class=\"aligncenter wp-image-540\" title=\"Ampliar imagen\" src=\"http:\/\/blogs.sld.cu\/proyectolasmariposa\/files\/2016\/04\/8-a1-300x225-300x225.jpg\" alt=\"8-a1-300x225\" width=\"143\" height=\"107\" \/><\/a><\/td>\n<\/tr>\n<tr>\n<td><a href=\"http:\/\/blogs.sld.cu\/proyectolasmariposa\/files\/2016\/04\/9-a1-300x225.jpg\" target=\"_blank\" rel=\"noopener\"><img loading=\"lazy\" class=\"aligncenter wp-image-541\" title=\"Ampliar imagen\" src=\"http:\/\/blogs.sld.cu\/proyectolasmariposa\/files\/2016\/04\/9-a1-300x225-300x225.jpg\" alt=\"9-a1-300x225\" width=\"143\" height=\"107\" \/><\/a><\/td>\n<td><a href=\"http:\/\/blogs.sld.cu\/proyectolasmariposa\/files\/2016\/04\/10-a1-300x225.jpg\" target=\"_blank\" rel=\"noopener\"><img loading=\"lazy\" class=\"aligncenter wp-image-543\" title=\"Ampliar imagen\" src=\"http:\/\/blogs.sld.cu\/proyectolasmariposa\/files\/2016\/04\/10-a1-300x225-300x225.jpg\" alt=\"10-a1-300x225\" width=\"143\" height=\"107\" \/><\/a><\/td>\n<td><a href=\"http:\/\/blogs.sld.cu\/proyectolasmariposa\/files\/2016\/04\/11-a.pjg_-300x225.jpg\" target=\"_blank\" rel=\"noopener\"><img loading=\"lazy\" class=\"aligncenter wp-image-544\" title=\"Ampliar imagen\" src=\"http:\/\/blogs.sld.cu\/proyectolasmariposa\/files\/2016\/04\/11-a.pjg_-300x225-300x225.jpg\" alt=\"11-a.pjg_-300x225\" width=\"143\" height=\"107\" \/><\/a><\/td>\n<\/tr>\n<tr>\n<td><a href=\"http:\/\/blogs.sld.cu\/proyectolasmariposa\/files\/2016\/04\/12-a1-225x300.jpg\" target=\"_blank\" rel=\"noopener\"><img loading=\"lazy\" class=\"aligncenter wp-image-545\" title=\"Ampliar imagen\" src=\"http:\/\/blogs.sld.cu\/proyectolasmariposa\/files\/2016\/04\/12-a1-225x300-225x300.jpg\" alt=\"12-a1-225x300\" width=\"143\" height=\"191\" \/><\/a><\/td>\n<td><a href=\"http:\/\/blogs.sld.cu\/proyectolasmariposa\/files\/2016\/04\/13-a1-300x225.jpg\" target=\"_blank\" rel=\"noopener\"><img loading=\"lazy\" class=\"aligncenter wp-image-546\" title=\"Ampliar imagen\" src=\"http:\/\/blogs.sld.cu\/proyectolasmariposa\/files\/2016\/04\/13-a1-300x225-300x225.jpg\" alt=\"13-a1-300x225\" width=\"143\" height=\"107\" \/><\/a><\/td>\n<td><a href=\"http:\/\/blogs.sld.cu\/proyectolasmariposa\/files\/2016\/04\/14-a1-300x225.jpg\" target=\"_blank\" rel=\"noopener\"><img loading=\"lazy\" class=\"aligncenter wp-image-547\" title=\"Ampliar imagen\" src=\"http:\/\/blogs.sld.cu\/proyectolasmariposa\/files\/2016\/04\/14-a1-300x225-300x225.jpg\" alt=\"14-a1-300x225\" width=\"143\" height=\"107\" \/><\/a><\/td>\n<\/tr>\n<tr>\n<td><a href=\"http:\/\/blogs.sld.cu\/proyectolasmariposa\/files\/2016\/04\/15-a1-300x225.jpg\" target=\"_blank\" rel=\"noopener\"><img loading=\"lazy\" class=\"aligncenter wp-image-548\" title=\"Amliar imagen\" src=\"http:\/\/blogs.sld.cu\/proyectolasmariposa\/files\/2016\/04\/15-a1-300x225-300x225.jpg\" alt=\"15-a1-300x225\" width=\"143\" height=\"107\" \/><\/a><\/td>\n<td><\/td>\n<td><\/td>\n<\/tr>\n<\/tbody>\n<\/table>\n<p>&nbsp;<\/p>\n","protected":false},"excerpt":{"rendered":"<p>Aunque Napole\u00f3n nunca estuvo en Cuba, hemos querido darle este nombre a nuestro proyecto, porque la casa donde se encuentra el Museo Napole\u00f3nico, hace cerca de 2 a\u00f1os, nos recibe todos los \u00faltimos jueves de cada mes.\u00a0 All\u00ed, nos acogen con mucho cari\u00f1o y respeto, a la vez que nos dan mucha cultura y conocimientos, [&hellip;]<\/p>\n","protected":false},"author":187,"featured_media":0,"parent":22,"menu_order":0,"comment_status":"closed","ping_status":"closed","template":"","meta":[],"_links":{"self":[{"href":"https:\/\/blogs.sld.cu\/proyectolasmariposa\/wp-json\/wp\/v2\/pages\/430"}],"collection":[{"href":"https:\/\/blogs.sld.cu\/proyectolasmariposa\/wp-json\/wp\/v2\/pages"}],"about":[{"href":"https:\/\/blogs.sld.cu\/proyectolasmariposa\/wp-json\/wp\/v2\/types\/page"}],"author":[{"embeddable":true,"href":"https:\/\/blogs.sld.cu\/proyectolasmariposa\/wp-json\/wp\/v2\/users\/187"}],"replies":[{"embeddable":true,"href":"https:\/\/blogs.sld.cu\/proyectolasmariposa\/wp-json\/wp\/v2\/comments?post=430"}],"version-history":[{"count":4,"href":"https:\/\/blogs.sld.cu\/proyectolasmariposa\/wp-json\/wp\/v2\/pages\/430\/revisions"}],"predecessor-version":[{"id":880,"href":"https:\/\/blogs.sld.cu\/proyectolasmariposa\/wp-json\/wp\/v2\/pages\/430\/revisions\/880"}],"up":[{"embeddable":true,"href":"https:\/\/blogs.sld.cu\/proyectolasmariposa\/wp-json\/wp\/v2\/pages\/22"}],"wp:attachment":[{"href":"https:\/\/blogs.sld.cu\/proyectolasmariposa\/wp-json\/wp\/v2\/media?parent=430"}],"curies":[{"name":"wp","href":"https:\/\/api.w.org\/{rel}","templated":true}]}}