{"id":8,"date":"2016-01-21T20:16:00","date_gmt":"2016-01-21T20:16:00","guid":{"rendered":"http:\/\/blogs.sld.cu\/proyectolasmariposa\/?page_id=8"},"modified":"2025-08-21T15:46:31","modified_gmt":"2025-08-21T15:46:31","slug":"historia","status":"publish","type":"page","link":"https:\/\/blogs.sld.cu\/proyectolasmariposa\/historia\/","title":{"rendered":"Historia"},"content":{"rendered":"<p>Corr\u00eda el a\u00f1o 2001 y ya se hablaba que en Cuba para el 2010 su poblaci\u00f3n mayor de 60 a\u00f1os, podr\u00eda llegar del 16,5 %; cinco a\u00f1os m\u00e1s tarde en el 2015, tendr\u00edamos el 18,4 %.\u00a0 Se anunciaba en ese entonces, que Barbados y Cuba eran los pa\u00edses m\u00e1s envejecidos del \u00e1rea y que en el 2025, nuestro pa\u00eds ser\u00eda el m\u00e1s envejecido de Am\u00e9rica Latina. \u00a0Con estas alarmantes cifras y al ser el CNICM una instituci\u00f3n de salud con la necesidad de relacionarnos con la comunidad, nos llev\u00f3 a considerar la creaci\u00f3n de un proyecto, que a la vez de mantenernos en contacto con las personas que viven m\u00e1s cerca de la instituci\u00f3n, sirviera a su vez para atender de alguna manera a esa poblaci\u00f3n envejecida desarrollando actividades para aumentar su calidad de vida.<\/p>\n<p>El CNICM-Infomed se encuentra en la calle 27 #110 \/ M y N municipio Plaza de la Revoluci\u00f3n. \u00a0\u00a0Su circunscripci\u00f3n es la 102 y el CDR #9 \u201cOsvaldo L\u00f3pez\u201d. En el 2001 esta circunscripci\u00f3n ten\u00eda una poblaci\u00f3n de 1697 personas, de ellas:<\/p>\n<p>De 61 a 69 a\u00f1os _____193<\/p>\n<p>De 70 a 79 a\u00f1os_____ 196<\/p>\n<p>M\u00e1s de 80 a\u00f1os _____110<\/p>\n<p>O sea, que 499 personas eran adultas mayores que representaban casi el 30 % del total de la poblaci\u00f3n en ese entonces, con los cuales pod\u00edamos trabajar. Despu\u00e9s de haber visitado infructuosamente a los m\u00e9dicos de familia de la circunscripci\u00f3n explic\u00e1ndoles nuestras intenciones, convocamos a una reuni\u00f3n a las adultas y adultos mayores de la cuadra a trav\u00e9s del CDR y la FMC y acudieron a la misma 28 personas.<\/p>\n<p>Fue as\u00ed como se crea el 27 de febrero del 2002 el c\u00edrculo de abuelos \u201cLas Mariposas\u201d que con el pasar del tiempo se llam\u00f3 PROYECTO DE ADULTAS Y ADULTOS MAYORES \u201cLAS MARIPOSAS\u201d, para que no quedaran excluidas las personas que no ten\u00edan nietos. O sea, asisten a este proyecto personas de 60 a\u00f1os y m\u00e1s ya jubiladas y amas de casa, pertenecientes a los consultorios #10, 11 y 43.<\/p>\n<p>Con el tiempo ingresaron al proyecto incluso personas del municipio Centro Habana y algunas que viven fuera de la circunscripci\u00f3n. Se nos da dado el caso de algunas personas que se mudaron para otro municipio como 10 de Octubre y Playa y contin\u00faan asistiendo a las actividades.<\/p>\n<p>A continuaci\u00f3n, ofrecemos el listado de los fundadores del proyecto y las edades con las que se iniciaron en el mismo :<\/p>\n<p>1.-Josefina Ung Senoguera \u00a0\u00a064 a\u00f1os<\/p>\n<p>2.-Hilda Suarez Fern\u00e1ndez \u00a0\u00a080 a\u00f1os<\/p>\n<p>3.-Jos\u00e9 Manuel Perera Gonz\u00e1lez 65 a\u00f1os<\/p>\n<p>4.-Justo Armesto Pons \u00a0\u00a068 a\u00f1os<\/p>\n<p>6.-Luisa de la Concepci\u00f3n del Toro Prieto\u00a0 \u00a082 a\u00f1os<\/p>\n<p>7.-Estrella Marina Bre\u00f1a D\u00edaz \u00a0\u00a082 a\u00f1os<\/p>\n<p>9.- Evangelina Quintana Ortiz 82 a\u00f1os<\/p>\n<p>10.- Elia Rosa Nodal Rodr\u00edguez 56 a\u00f1os<\/p>\n<p>11.-Beatriz Castillo Rodr\u00edguez\u00a0 \u00a071 a\u00f1os<\/p>\n<p>12.- Leonor Araujo Ramos 64 a\u00f1os<\/p>\n<p>13.-Margarita Tapia Bauza\u00a0 \u00a070 a\u00f1os<\/p>\n<p>14.-Aida Luis Goitizolo \u00a0\u00a0\u00a089 a\u00f1os<\/p>\n<p>15.- Ma. Julia Rivera Murgu\u00eda 60 a\u00f1os<\/p>\n<p>16.- Carmen Cuervo Barreda\u00a0 \u00a0\u00a086 a\u00f1os<\/p>\n<p>17.-Ana Ma. Molleda Vives 64 a\u00f1os<\/p>\n<p>18.- Berta Carnota Leal 72 a\u00f1os<\/p>\n<p>19.- Josefa V\u00e1zquez Garc\u00eda\u00a0\u00a0 \u00a074 a\u00f1os<\/p>\n<p>20.- Evangelina M\u00f3nica Rodr\u00edguez Rivera 85 a\u00f1os<\/p>\n<p>21.-Blanca Goitizolo Barcel\u00f3 78 a\u00f1os<\/p>\n<p>22.- Alicia Br\u00edgida Jim\u00e9nez Rojas 77 a\u00f1os<\/p>\n<p>23.-Irene Balb\u00edn Molinet 79 a\u00f1os<\/p>\n<p>24.-Clara Ben\u00edtez Buduen m\u00e1s de 60 a\u00f1os<\/p>\n<p>25.-Ma. Caridad Hern\u00e1ndez Cabezas 61 a\u00f1os<\/p>\n<p>26.-Vicenta Andino m\u00e1s de 60 a\u00f1os<\/p>\n<p>27.-Silvia Ceballos m\u00e1s de 60 a\u00f1os<\/p>\n<p>28.-Eva Rodr\u00edguez m\u00e1s de 60 a\u00f1os<\/p>\n<p>Otro tanto ocurri\u00f3 con algunos profesionales que se unieron para dar vida a una obra que ha trascendido en a\u00f1os. No muy tarde en el tiempo nacer\u00edan otros proyectos dentro del proyecto principal de Las Mariposas.<\/p>\n<p>As\u00ed llegaron a Infomed con ideas y deseos de hacer, la Licenciada en Cultura F\u00edsica Marta Iznaola, que se har\u00eda cargo de los ejercicios f\u00edsicos programados para las ma\u00f1anas tempranas en el portal de la instituci\u00f3n; a este proyecto de realizar ejercicios f\u00edsicos y de memoria lo llamamos: \u201cGanando Juventud\u201d.<\/p>\n<p>Unos amigos del c\u00edrculo El Quijote, que radicaba en la calle 23 y J, que ten\u00edan ya 15 a\u00f1os de experiencia, nos orientaron para dar nuestros primeros pasos en este sue\u00f1o y entonces creamos el proyecto \u201cPara un Amigo Sincero\u201d. Ellos no ten\u00edan locales para hacer sus actividades y los invitamos a compartir las nuestras.\u00a0 D\u00edas m\u00e1s tarde se cre\u00f3 el proyecto \u201cLa Aguja Contenta \u201c, que guiado por la Licenciada Estrella Ma. Rodr\u00edguez Guevara, especialista en textiles y miscel\u00e1nea, pretend\u00eda incorporar a las personas a la terapia ocupacional, mediante la aguja, los hilos y la creaci\u00f3n. Por el mes de octubre del mismo 2002, se crea el proyecto \u201cAmor y Vida\u201d, liderado por la actriz de primer nivel de la radio y la televisi\u00f3n Kenia Ortiz Osorio, para incentivar el mundo espiritual de los asistentes.<\/p>\n<p>A finales del mes de octubre del 2002, contamos con la colaboraci\u00f3n de la Lic. Xiomara Hern\u00e1ndez Carrazana, especialista en psicolog\u00eda cl\u00ednica, la que, con su trabajo, nos permiti\u00f3 conocer los aspectos socio-psicol\u00f3gicos y las motivaciones de las adultas y adultos mayores, para poder encaminar las inquietudes y necesidades de estas personas y as\u00ed influir mediante otros proyectos en la calidad de vida de los asistentes.<\/p>\n<p>El trabajo diario, las vivencias compartidas con las personas incorporadas a Las Mariposas nos hizo ver la necesidad de incentivar otras actividades, siempre en la b\u00fasqueda de mayor calidad de vida y una comunicaci\u00f3n abierta con todos los sectores de la comunidad.<\/p>\n<p>As\u00ed naci\u00f3 el proyecto \u201cPara un Pr\u00edncipe Enano\u201d, que nos facilitar\u00eda la inter relaci\u00f3n generacional con los m\u00e1s peque\u00f1os de la comunidad; el proyecto \u201cAndar la Habana\u201d con la que el grupo de adultos y adultas mayores ha conocido casi la totalidad de los museos del Centro Hist\u00f3rico de la ciudad. Meses despu\u00e9s creamos el proyecto \u201cDe lo Urbano a lo Rural\u201d, que nos puso en contacto con los pobladores de Las Terrazas y su bello entorno. Nuestro trabajo fue algo m\u00e1s all\u00e1 de la provincia de La Habana y se cre\u00f3 el proyecto \u201cCuba S\u00ed \u201cque ha permitido conocer parte de los lugares hist\u00f3ricos y tur\u00edsticos de nuestro archipi\u00e9lago.<\/p>\n<p>A trav\u00e9s del tiempo hemos sido un grupo que ha gestionado conferencias, talleres, que hemos asistido a actividades culturales, todo como parte del crecimiento cultural y espiritual de sus integrantes, por ello unimos todas estas actividades en un proyecto al cual llamamos \u201cLa Cultura no tiene Momento Fijo\u201d.<\/p>\n<p>Hemos querido en los \u00faltimos a\u00f1os incorporar a nuestros participantes a la din\u00e1mica de las redes sociales, el uso de la telefon\u00eda m\u00f3vil, y el manejo efectivo de todo lo que puede aportar a la vida cotidiana, como el Portal de Salud de Cuba, por lo que creamos el proyecto \u201cYo s\u00ed puedo\u201d.<\/p>\n<p>Tratamos en todo momento de relacionarnos con las instituciones cercanas a nuestro entorno y creamos el proyecto \u201cEn Casa de Napole\u00f3n\u201d; aunque sabemos que Napole\u00f3n nunca estuvo en Cuba, fue el nombre escogido para acercarnos al museo Napole\u00f3nico el cual atesora todo lo referente a su vida y lo relacionado con la cultura francesa.<\/p>\n<p>Pretendemos con este espacio, dar a conocer todo lo que ha acontecido durante estos a\u00f1os con el trabajo que ha realizado el CNICM Infomed y su proyecto \u201cLas Mariposas\u201d. Hoy con 67 adultas y adultos mayores que diariamente acuden a nuestro centro a realizar actividades, nuestro proyecto se ha convertido en una gran familia, no solo entre las adultas y adultos mayores y sus familiares, sino que a \u00e9l se han sumado tambi\u00e9n jubiladas y jubilados del Centro, trabajadores que han participado en excursiones, conferencias y actividades en general.<\/p>\n<p>Hoy aquellos mayores de 60 a\u00f1os, que un d\u00eda comenzaron a hacer ejercicios en el portal de nuestro Infomed, se sienten parte del centro y orgullosos de pertenecer a una instituci\u00f3n de salud que apost\u00f3 hace a\u00f1os por mejorar la calidad de vida de los adultos y adultas mayores de la comunidad.<\/p>\n<p>Esta es la historia de la creaci\u00f3n del Proyecto \u201cLas Mariposas\u201d.<\/p>\n<p>Cercanos a cumplir 24 a\u00f1os de creado, han pasado 192 personas por este proyecto y a 2 de ellos les celebramos sus 100 a\u00f1os de vida.<\/p>\n<p>Mostraremos en fotos la vida y el desarrollo de las actividades realizadas, veremos los fundadores y los nuevos integrantes y expondremos los cambios que de seguro se realizar\u00e1n con el tiempo siempre con la finalidad de dar mayor calidad de vida a sus integrantes.<\/p>\n<p>Y como decimos al comenzar nuestros ejercicios matutinos:<\/p>\n<p>\u201cGANANDO JUVENTUD EN INFOMED CON SALUD\u201d.<\/p>\n","protected":false},"excerpt":{"rendered":"<p>Corr\u00eda el a\u00f1o 2001 y ya se hablaba que en Cuba para el 2010 su poblaci\u00f3n mayor de 60 a\u00f1os, podr\u00eda llegar del 16,5 %; cinco a\u00f1os m\u00e1s tarde en el 2015, tendr\u00edamos el 18,4 %.\u00a0 Se anunciaba en ese entonces, que Barbados y Cuba eran los pa\u00edses m\u00e1s envejecidos del \u00e1rea y que en [&hellip;]<\/p>\n","protected":false},"author":1,"featured_media":0,"parent":0,"menu_order":0,"comment_status":"closed","ping_status":"closed","template":"monocolumn.php","meta":[],"_links":{"self":[{"href":"https:\/\/blogs.sld.cu\/proyectolasmariposa\/wp-json\/wp\/v2\/pages\/8"}],"collection":[{"href":"https:\/\/blogs.sld.cu\/proyectolasmariposa\/wp-json\/wp\/v2\/pages"}],"about":[{"href":"https:\/\/blogs.sld.cu\/proyectolasmariposa\/wp-json\/wp\/v2\/types\/page"}],"author":[{"embeddable":true,"href":"https:\/\/blogs.sld.cu\/proyectolasmariposa\/wp-json\/wp\/v2\/users\/1"}],"replies":[{"embeddable":true,"href":"https:\/\/blogs.sld.cu\/proyectolasmariposa\/wp-json\/wp\/v2\/comments?post=8"}],"version-history":[{"count":9,"href":"https:\/\/blogs.sld.cu\/proyectolasmariposa\/wp-json\/wp\/v2\/pages\/8\/revisions"}],"predecessor-version":[{"id":871,"href":"https:\/\/blogs.sld.cu\/proyectolasmariposa\/wp-json\/wp\/v2\/pages\/8\/revisions\/871"}],"wp:attachment":[{"href":"https:\/\/blogs.sld.cu\/proyectolasmariposa\/wp-json\/wp\/v2\/media?parent=8"}],"curies":[{"name":"wp","href":"https:\/\/api.w.org\/{rel}","templated":true}]}}