{"id":863,"date":"2025-08-07T16:13:01","date_gmt":"2025-08-07T16:13:01","guid":{"rendered":"https:\/\/blogs.sld.cu\/proyectolasmariposa\/?page_id=863"},"modified":"2025-08-21T14:42:28","modified_gmt":"2025-08-21T14:42:28","slug":"acerca-de","status":"publish","type":"page","link":"https:\/\/blogs.sld.cu\/proyectolasmariposa\/acerca-de\/","title":{"rendered":"Acerca de"},"content":{"rendered":"<p>El Proyecto de adultas y adultos mayores \u201cLas Mariposas\u201d, que en un inicio se llam\u00f3 c\u00edrculo de abuelos, y cambio su nombre, porque no todos los adultos mayores son abuelas y abuelos, se cre\u00f3 por la necesidad del Centro Nacional de Informaci\u00f3n de Ciencias Medicas (CNICM) &#8211; Infomed, de tener relaciones con la comunidad en donde se encuentra su sede, comprendida desde un principio por su Director en aquel entonces, Lic. Pedro Urra Gonz\u00e1lez. No se pens\u00f3 en ese lejano 2001, en el envejecimiento poblacional; se recurri\u00f3 a una organizaci\u00f3n de adultos mayores, porque eran los que se encontraban en las casas en el horario laboral del centro.<\/p>\n<p>El transcurrir de los a\u00f1os nos llev\u00f3 a la convicci\u00f3n de que es este sector\u00a0 era el m\u00e1s necesitado de esta relaci\u00f3n, y \u00a0que paso de ser \u00a0un relaci\u00f3n social, a una actividad capaz de influir en la calidad de vida de estas personas, y convertirse ellas\u00a0 adem\u00e1s en parte del colectivo que trabaja en Infomed, por su sentido de pertenencia adquirido a trav\u00e9s de los a\u00f1os.<\/p>\n<p>Por ello bajo la sombrilla del Proyecto Las Mariposas, han surgido a trav\u00e9s de estos primeros 24 a\u00f1os, 11 proyectos. No solo el proyecto de realizar ejercicios f\u00edsicos y mentales el cual se llama \u201cGanando juventud\u201d, a \u00e9l le siguieron: \u201cPara un amigo sincero\u201d,\u201d La aguja contenta\u201d, \u201cAmor y vida\u201d,\u201d Para un pr\u00edncipe enano,\u201d \u201cAndar la Habana\u201d, De lo urbano a lo rural\u201d,\u201d Cuba, si\u201d,\u201d La cultura no tiene momento fijo\u201d,\u201d Yo s\u00ed puedo\u201d y \u201cEn casa de Napole\u00f3n\u201d<\/p>\n<p>Precisamente para darle visibilidad a este proyecto, es que se crea este sitio web, el cual forma parte de la red de portales de salud y donde el p\u00fablico, podr\u00e1 tener acceso a las historias de c\u00f3mo surgi\u00f3 cada proyecto, de c\u00f3mo se fueron enriqueciendo las actividades, del impacto positivo en la calidad de vida de las personas asistentes y tambi\u00e9n de la necesidad y conveniencia de que en cada comunidad se emprenda este tipo de actividad para darle m\u00e1s a\u00f1os de salud a nuestros adultos mayores.<\/p>\n","protected":false},"excerpt":{"rendered":"<p>El Proyecto de adultas y adultos mayores \u201cLas Mariposas\u201d, que en un inicio se llam\u00f3 c\u00edrculo de abuelos, y cambio su nombre, porque no todos los adultos mayores son abuelas y abuelos, se cre\u00f3 por la necesidad del Centro Nacional de Informaci\u00f3n de Ciencias Medicas (CNICM) &#8211; Infomed, de tener relaciones con la comunidad en [&hellip;]<\/p>\n","protected":false},"author":187,"featured_media":0,"parent":0,"menu_order":0,"comment_status":"closed","ping_status":"closed","template":"monocolumn.php","meta":[],"_links":{"self":[{"href":"https:\/\/blogs.sld.cu\/proyectolasmariposa\/wp-json\/wp\/v2\/pages\/863"}],"collection":[{"href":"https:\/\/blogs.sld.cu\/proyectolasmariposa\/wp-json\/wp\/v2\/pages"}],"about":[{"href":"https:\/\/blogs.sld.cu\/proyectolasmariposa\/wp-json\/wp\/v2\/types\/page"}],"author":[{"embeddable":true,"href":"https:\/\/blogs.sld.cu\/proyectolasmariposa\/wp-json\/wp\/v2\/users\/187"}],"replies":[{"embeddable":true,"href":"https:\/\/blogs.sld.cu\/proyectolasmariposa\/wp-json\/wp\/v2\/comments?post=863"}],"version-history":[{"count":5,"href":"https:\/\/blogs.sld.cu\/proyectolasmariposa\/wp-json\/wp\/v2\/pages\/863\/revisions"}],"predecessor-version":[{"id":869,"href":"https:\/\/blogs.sld.cu\/proyectolasmariposa\/wp-json\/wp\/v2\/pages\/863\/revisions\/869"}],"wp:attachment":[{"href":"https:\/\/blogs.sld.cu\/proyectolasmariposa\/wp-json\/wp\/v2\/media?parent=863"}],"curies":[{"name":"wp","href":"https:\/\/api.w.org\/{rel}","templated":true}]}}