{"id":159,"date":"2014-12-20T16:28:42","date_gmt":"2014-12-20T16:28:42","guid":{"rendered":"http:\/\/blogs.sld.cu\/reumatologia\/?page_id=159"},"modified":"2014-12-20T16:44:31","modified_gmt":"2014-12-20T16:44:31","slug":"159-2","status":"publish","type":"page","link":"https:\/\/blogs.sld.cu\/reumatologia\/159-2\/","title":{"rendered":"Enfermedad de Paget"},"content":{"rendered":"<div id=\"attachment_158\" style=\"width: 301px\" class=\"wp-caption alignleft\"><a href=\"http:\/\/blogs.sld.cu\/reumatologia\/files\/2014\/12\/paget-5.jpg\"><img aria-describedby=\"caption-attachment-158\" loading=\"lazy\" class=\"size-medium wp-image-158   \" src=\"http:\/\/blogs.sld.cu\/reumatologia\/files\/2014\/12\/paget-5-291x300.jpg\" alt=\"\" width=\"291\" height=\"300\" srcset=\"https:\/\/blogs.sld.cu\/reumatologia\/files\/2014\/12\/paget-5-291x300.jpg 291w, https:\/\/blogs.sld.cu\/reumatologia\/files\/2014\/12\/paget-5.jpg 575w\" sizes=\"(max-width: 291px) 100vw, 291px\" \/><\/a><p id=\"caption-attachment-158\" class=\"wp-caption-text\">Enfermedad de PagetEnfermedad de Paget<\/p><\/div>\n<div id=\"attachment_157\" style=\"width: 177px\" class=\"wp-caption alignleft\"><a href=\"http:\/\/blogs.sld.cu\/reumatologia\/files\/2014\/12\/paget-4.jpg\"><img aria-describedby=\"caption-attachment-157\" loading=\"lazy\" class=\"size-medium wp-image-157 \" src=\"http:\/\/blogs.sld.cu\/reumatologia\/files\/2014\/12\/paget-4-167x300.jpg\" alt=\"Enfermedad de Paget\" width=\"167\" height=\"300\" srcset=\"https:\/\/blogs.sld.cu\/reumatologia\/files\/2014\/12\/paget-4-167x300.jpg 167w, https:\/\/blogs.sld.cu\/reumatologia\/files\/2014\/12\/paget-4.jpg 322w\" sizes=\"(max-width: 167px) 100vw, 167px\" \/><\/a><p id=\"caption-attachment-157\" class=\"wp-caption-text\">Enfermedad de Paget<\/p><\/div>\n<p>Im\u00e1genes de la serie\u00a0multimedia de reumatolog\u00eda en la revista\u00a0<a title=\"Multimedia de New England Journal of Medicine\" href=\"http:\/\/www.nejm.org\/multimedia\/images-in-clinical-medicine?description=images-in-clinical-medicine&amp;searchType=figure&amp;topic=9\" target=\"_blank\"><em>New England Journal of Medicine<\/em><\/a><\/p>\n<p>La oste\u00edtis deformante o enfermedad de Paget es un trastorno local del hueso de etiolog\u00eda desconocida; la zona \u00f3sea donde se desarrolla la enfermedad presenta una actividad osteocl\u00e1stica aumentada estimulando una formaci\u00f3n \u00f3sea exuberante y desorganizada, dando lugar a un tejido \u00f3seo menos resistente. Evolutivamente da lugar a un hueso muy vascularizado pero fr\u00e1gil, donde se presentan con frecuencia dolor, fracturas, deformaci\u00f3n, artrosis, degeneraci\u00f3n neopl\u00e1sica y compresiones neurales.<br \/>\nOcasionalmente la enfermedad de Paget puede dar lugar a complicaciones sist\u00e9micas como hipercalcemia e insuficiencia card\u00edaca de alto gasto. Un elemento importante a tener en cuanta resulta la presencia de fosfatasas alcalinas sistem\u00e1ticamente elevadas.<\/p>\n","protected":false},"excerpt":{"rendered":"<p>Im\u00e1genes de la serie\u00a0multimedia de reumatolog\u00eda en la revista\u00a0New England Journal of Medicine La oste\u00edtis deformante o enfermedad de Paget es un trastorno local del hueso de etiolog\u00eda desconocida; la zona \u00f3sea donde se desarrolla la enfermedad presenta una actividad osteocl\u00e1stica aumentada estimulando una formaci\u00f3n \u00f3sea exuberante y desorganizada, dando lugar a un tejido \u00f3seo [&hellip;]<\/p>\n","protected":false},"author":140,"featured_media":0,"parent":0,"menu_order":0,"comment_status":"open","ping_status":"open","template":"","meta":[],"_links":{"self":[{"href":"https:\/\/blogs.sld.cu\/reumatologia\/wp-json\/wp\/v2\/pages\/159"}],"collection":[{"href":"https:\/\/blogs.sld.cu\/reumatologia\/wp-json\/wp\/v2\/pages"}],"about":[{"href":"https:\/\/blogs.sld.cu\/reumatologia\/wp-json\/wp\/v2\/types\/page"}],"author":[{"embeddable":true,"href":"https:\/\/blogs.sld.cu\/reumatologia\/wp-json\/wp\/v2\/users\/140"}],"replies":[{"embeddable":true,"href":"https:\/\/blogs.sld.cu\/reumatologia\/wp-json\/wp\/v2\/comments?post=159"}],"version-history":[{"count":7,"href":"https:\/\/blogs.sld.cu\/reumatologia\/wp-json\/wp\/v2\/pages\/159\/revisions"}],"predecessor-version":[{"id":165,"href":"https:\/\/blogs.sld.cu\/reumatologia\/wp-json\/wp\/v2\/pages\/159\/revisions\/165"}],"wp:attachment":[{"href":"https:\/\/blogs.sld.cu\/reumatologia\/wp-json\/wp\/v2\/media?parent=159"}],"curies":[{"name":"wp","href":"https:\/\/api.w.org\/{rel}","templated":true}]}}