{"id":182,"date":"2015-01-18T15:50:42","date_gmt":"2015-01-18T15:50:42","guid":{"rendered":"http:\/\/blogs.sld.cu\/reumatologia\/?page_id=182"},"modified":"2024-06-03T02:21:35","modified_gmt":"2024-06-03T02:21:35","slug":"recursos-de-informacion","status":"publish","type":"page","link":"https:\/\/blogs.sld.cu\/reumatologia\/recursos-de-informacion\/","title":{"rendered":"Recursos de informaci\u00f3n"},"content":{"rendered":"<p><a title=\"US National Library of Medicine and National Institutes of Health\" href=\"http:\/\/www.ncbi.nlm.nih.gov\/pubmed\/\" target=\"_blank\" rel=\"noopener\">PubMed<\/a><\/p>\n<p><a title=\"Portal de b\u00fasqueda de la Biblioteca Virtual de Salud\" href=\"http:\/\/bvsalud.org\/es\/\" target=\"_blank\" rel=\"noopener\">Buscador de la BVS<\/a><\/p>\n<p><a title=\"Res\u00famenes Cochrane\" href=\"http:\/\/summaries.cochrane.org\/es\" target=\"_blank\" rel=\"noopener\">Res\u00famenes Cochrane<\/a><\/p>\n<p><a title=\"Descriptores de salud\" href=\"http:\/\/decs.bvs.br\/E\/homepagee.htm\">Descriptores de salud<\/a><\/p>\n<p><a title=\"Sistema Internacional de Unidades\" href=\"http:\/\/files.sld.cu\/reuma\/files\/2014\/12\/el-sistema-internacional-de-unidades-optimizado.pdf\" target=\"_blank\" rel=\"noopener\">Sistema Internacional de Unidades<\/a><\/p>\n<p><a title=\"International Statistical Classification of Diseases and Related Health Problems 10th Revision\" href=\"http:\/\/apps.who.int\/classifications\/icd10\/browse\/2010\/en\" target=\"_blank\" rel=\"noopener\">Clasificaci\u00f3n internacional de las enfermedades<\/a><\/p>\n<p><a title=\"Requisitos de uniformidad para manuscritos enviados a revistas biom\u00e9dicas\" href=\"http:\/\/files.sld.cu\/reuma\/files\/2014\/06\/requisitos-de-uniformidad-para-manuscritos_normas-de-vancouver-2011.pdf\" target=\"_blank\" rel=\"noopener\">Normas de Vancouver 2011<\/a><\/p>\n<p><a title=\"LEYES, DCRETOS Y LEGISLACI\u00d3N DEL SISTEMA NACIONAL DE SALUD\" href=\"http:\/\/legislacion.sld.cu\/\" target=\"_blank\" rel=\"noopener\">Leyes y decretos del SNS<\/a><\/p>\n<p><a title=\"Otros servicios en linea\" href=\"http:\/\/www.reumatologia.sld.cu\/otros-servicios-en-linea#node-105\" target=\"_top\" rel=\"noopener\">Otros servicios en l\u00ednea<\/a><\/p>\n","protected":false},"excerpt":{"rendered":"<p>PubMed Buscador de la BVS Res\u00famenes Cochrane Descriptores de salud Sistema Internacional de Unidades Clasificaci\u00f3n internacional de las enfermedades Normas de Vancouver 2011 Leyes y decretos del SNS Otros servicios en l\u00ednea<\/p>\n","protected":false},"author":140,"featured_media":0,"parent":0,"menu_order":0,"comment_status":"open","ping_status":"open","template":"","meta":[],"_links":{"self":[{"href":"https:\/\/blogs.sld.cu\/reumatologia\/wp-json\/wp\/v2\/pages\/182"}],"collection":[{"href":"https:\/\/blogs.sld.cu\/reumatologia\/wp-json\/wp\/v2\/pages"}],"about":[{"href":"https:\/\/blogs.sld.cu\/reumatologia\/wp-json\/wp\/v2\/types\/page"}],"author":[{"embeddable":true,"href":"https:\/\/blogs.sld.cu\/reumatologia\/wp-json\/wp\/v2\/users\/140"}],"replies":[{"embeddable":true,"href":"https:\/\/blogs.sld.cu\/reumatologia\/wp-json\/wp\/v2\/comments?post=182"}],"version-history":[{"count":4,"href":"https:\/\/blogs.sld.cu\/reumatologia\/wp-json\/wp\/v2\/pages\/182\/revisions"}],"predecessor-version":[{"id":189,"href":"https:\/\/blogs.sld.cu\/reumatologia\/wp-json\/wp\/v2\/pages\/182\/revisions\/189"}],"wp:attachment":[{"href":"https:\/\/blogs.sld.cu\/reumatologia\/wp-json\/wp\/v2\/media?parent=182"}],"curies":[{"name":"wp","href":"https:\/\/api.w.org\/{rel}","templated":true}]}}