{"id":104,"date":"2011-01-04T11:30:52","date_gmt":"2011-01-04T15:30:52","guid":{"rendered":"http:\/\/blogviejo.sld.cu\/serrevir\/?page_id=104"},"modified":"2011-01-04T11:30:52","modified_gmt":"2011-01-04T15:30:52","slug":"efemerides","status":"publish","type":"page","link":"https:\/\/blogs.sld.cu\/serrevir\/efemerides\/","title":{"rendered":"Efem\u00e9rides"},"content":{"rendered":"<p><a href=\"http:\/\/www.pprincipe.cult.cu\/efemerides\/Enero\">Efem\u00e9rides culturales de Camag\u00fcey y Cuba<\/a><\/p>\n<p><a href=\"http:\/\/aldia.sld.cu\/aldia\/enero.html\">Efem\u00e9rides relacionadas con la medicina<\/a><\/p>\n","protected":false},"excerpt":{"rendered":"<p>Efem\u00e9rides culturales de Camag\u00fcey y Cuba Efem\u00e9rides relacionadas con la medicina<\/p>\n","protected":false},"author":191,"featured_media":0,"parent":0,"menu_order":0,"comment_status":"open","ping_status":"open","template":"","meta":[],"_links":{"self":[{"href":"https:\/\/blogs.sld.cu\/serrevir\/wp-json\/wp\/v2\/pages\/104"}],"collection":[{"href":"https:\/\/blogs.sld.cu\/serrevir\/wp-json\/wp\/v2\/pages"}],"about":[{"href":"https:\/\/blogs.sld.cu\/serrevir\/wp-json\/wp\/v2\/types\/page"}],"author":[{"embeddable":true,"href":"https:\/\/blogs.sld.cu\/serrevir\/wp-json\/wp\/v2\/users\/191"}],"replies":[{"embeddable":true,"href":"https:\/\/blogs.sld.cu\/serrevir\/wp-json\/wp\/v2\/comments?post=104"}],"version-history":[{"count":0,"href":"https:\/\/blogs.sld.cu\/serrevir\/wp-json\/wp\/v2\/pages\/104\/revisions"}],"wp:attachment":[{"href":"https:\/\/blogs.sld.cu\/serrevir\/wp-json\/wp\/v2\/media?parent=104"}],"curies":[{"name":"wp","href":"https:\/\/api.w.org\/{rel}","templated":true}]}}