{"id":28,"date":"2010-07-01T13:09:26","date_gmt":"2010-07-01T17:09:26","guid":{"rendered":"http:\/\/blogviejo.sld.cu\/serrevir\/?page_id=28"},"modified":"2018-03-19T17:15:26","modified_gmt":"2018-03-19T17:15:26","slug":"pregunte-la-biblioteca-rerponde","status":"publish","type":"page","link":"https:\/\/blogs.sld.cu\/serrevir\/pregunte-la-biblioteca-rerponde\/","title":{"rendered":"Pregunte???  La Biblioteca Responde."},"content":{"rendered":"<p>Servicio de atenci\u00f3n de consultas y peticiones informaci\u00f3n. Estimado usuario, formule su pregunta, y la misma ser\u00e1 respondida en un tiempo no mayor de 72 horas.<\/p>\n<p>\u00bfQu\u00e9 tipo de preguntas pueden hacer?<\/p>\n<p>. Sobre la biblioteca y sus colecciones<br \/>\n. Sobre el uso del cat\u00e1logo<br \/>\n. Sobre datos concretos<br \/>\n. Sobre el acceso y utilizaci\u00f3n de las bases de datos<\/p>\n<p>Para solicitar el servicio, por favor llene el formulario que a continuaci\u00f3n se muestra:<\/p>\n<p>Nombre del usuario<br \/>\nInstituci\u00f3n<br \/>\nEspecialidad<br \/>\nE-mail<br \/>\nPregunta<\/p>\n<p>Gracias.<br \/>\nDepartamento de Referencia<br \/>\nCPICM_C<\/p>\n","protected":false},"excerpt":{"rendered":"<p>Servicio de atenci\u00f3n de consultas y peticiones informaci\u00f3n. Estimado usuario, formule su pregunta, y la misma ser\u00e1 respondida en un tiempo no mayor de 72 horas. \u00bfQu\u00e9 tipo de preguntas pueden hacer? . Sobre la biblioteca y sus colecciones . Sobre el uso del cat\u00e1logo . Sobre datos concretos . Sobre el acceso y utilizaci\u00f3n [&hellip;]<\/p>\n","protected":false},"author":191,"featured_media":0,"parent":0,"menu_order":0,"comment_status":"open","ping_status":"open","template":"","meta":[],"_links":{"self":[{"href":"https:\/\/blogs.sld.cu\/serrevir\/wp-json\/wp\/v2\/pages\/28"}],"collection":[{"href":"https:\/\/blogs.sld.cu\/serrevir\/wp-json\/wp\/v2\/pages"}],"about":[{"href":"https:\/\/blogs.sld.cu\/serrevir\/wp-json\/wp\/v2\/types\/page"}],"author":[{"embeddable":true,"href":"https:\/\/blogs.sld.cu\/serrevir\/wp-json\/wp\/v2\/users\/191"}],"replies":[{"embeddable":true,"href":"https:\/\/blogs.sld.cu\/serrevir\/wp-json\/wp\/v2\/comments?post=28"}],"version-history":[{"count":2,"href":"https:\/\/blogs.sld.cu\/serrevir\/wp-json\/wp\/v2\/pages\/28\/revisions"}],"predecessor-version":[{"id":314,"href":"https:\/\/blogs.sld.cu\/serrevir\/wp-json\/wp\/v2\/pages\/28\/revisions\/314"}],"wp:attachment":[{"href":"https:\/\/blogs.sld.cu\/serrevir\/wp-json\/wp\/v2\/media?parent=28"}],"curies":[{"name":"wp","href":"https:\/\/api.w.org\/{rel}","templated":true}]}}